{"id":23942,"date":"2023-11-02T15:30:02","date_gmt":"2023-11-02T15:30:02","guid":{"rendered":"https:\/\/www.speedmodels.ch\/?post_type=product&#038;p=23942"},"modified":"2024-04-29T09:18:55","modified_gmt":"2024-04-29T09:18:55","slug":"plaque-en-fibre-de-verre-epoxy-1-5mm","status":"publish","type":"product","link":"https:\/\/www.speedmodels.ch\/fr\/produits\/profiles-plaques\/plaque-carbone-fibre-de-verre\/plaque-en-fibre-de-verre-epoxy-1-5mm\/","title":{"rendered":"Plaque en fibre de verre \/ \u00e9poxy 1.5mm"},"content":{"rendered":"<p>Plaque en GRP \/ \u00e9poxy de haute qualit\u00e9e en tissu de filaments de verre et matrice de r\u00e9sine \u00e9poxy. R\u00e9sistant \u00e0 la temp\u00e9rature jusqu&rsquo;\u00e0 180\u00b0C<\/p>\n<p>grandeur: 350 x 150mm<\/p>\n<p>emballage de 1pcs<\/p>\n<div style=\"text-align:left\" class=\"wps-pgfw-pdf-generate-icon__wrapper-frontend\">\n\t\t<a href=\"https:\/\/www.speedmodels.ch\/fr\/wp-json\/wp\/v2\/product\/23942\/?action=genpdf&amp;id=23942\" class=\"pgfw-single-pdf-download-button\" target=_blank><img src=\"https:\/\/speedmodels.ch\/wp-content\/uploads\/2021\/09\/pdf_icon.png\" title=\"G\u00e9n\u00e9rer un PDF\" style=\"width:auto; height:45px;\"><\/a>\n\t\t<\/div>","protected":false},"excerpt":{"rendered":"<p>Plaque en GRP \/ \u00e9poxy de haute qualit\u00e9e en tissu de filaments de verre et matrice de r\u00e9sine \u00e9poxy. R\u00e9sistant \u00e0 la temp\u00e9rature jusqu&rsquo;\u00e0 180\u00b0C grandeur: 350 x 150mm emballage de 1pcs<\/p>\n","protected":false},"featured_media":10094,"template":"","meta":[],"product_brand":[],"product_cat":[1807,1512],"product_tag":[],"class_list":{"0":"post-23942","1":"product","2":"type-product","3":"status-publish","4":"has-post-thumbnail","6":"product_cat-plaque-carbone-fibre-de-verre","7":"product_cat-profiles-plaques","9":"first","10":"instock","11":"shipping-taxable","12":"product-type-simple"},"_links":{"self":[{"href":"https:\/\/www.speedmodels.ch\/fr\/wp-json\/wp\/v2\/product\/23942","targetHints":{"allow":["GET"]}}],"collection":[{"href":"https:\/\/www.speedmodels.ch\/fr\/wp-json\/wp\/v2\/product"}],"about":[{"href":"https:\/\/www.speedmodels.ch\/fr\/wp-json\/wp\/v2\/types\/product"}],"version-history":[{"count":0,"href":"https:\/\/www.speedmodels.ch\/fr\/wp-json\/wp\/v2\/product\/23942\/revisions"}],"wp:featuredmedia":[{"embeddable":true,"href":"https:\/\/www.speedmodels.ch\/fr\/wp-json\/wp\/v2\/media\/10094"}],"wp:attachment":[{"href":"https:\/\/www.speedmodels.ch\/fr\/wp-json\/wp\/v2\/media?parent=23942"}],"wp:term":[{"taxonomy":"product_brand","embeddable":true,"href":"https:\/\/www.speedmodels.ch\/fr\/wp-json\/wp\/v2\/product_brand?post=23942"},{"taxonomy":"product_cat","embeddable":true,"href":"https:\/\/www.speedmodels.ch\/fr\/wp-json\/wp\/v2\/product_cat?post=23942"},{"taxonomy":"product_tag","embeddable":true,"href":"https:\/\/www.speedmodels.ch\/fr\/wp-json\/wp\/v2\/product_tag?post=23942"}],"curies":[{"name":"wp","href":"https:\/\/api.w.org\/{rel}","templated":true}]}}