{"id":23768,"date":"2023-11-02T14:29:24","date_gmt":"2023-11-02T14:29:24","guid":{"rendered":"https:\/\/www.speedmodels.ch\/?post_type=product&#038;p=23768"},"modified":"2025-03-10T13:11:04","modified_gmt":"2025-03-10T13:11:04","slug":"oratex-entoilage-textile-antique-2m","status":"publish","type":"product","link":"https:\/\/www.speedmodels.ch\/fr\/produits\/film-couverture-decor\/oratex-entoilage-textile\/oratex-entoilage-textile-antique-2m\/","title":{"rendered":"Oratex entoilage textile antique 2m"},"content":{"rendered":"<p>ORATEX\u00ae, entoilage au tissu thermor\u00e9tractable, est id\u00e9al pour tous les maquettes en \u00e9chelle, gros mod\u00e8les ou mod\u00e8les historiques.<\/p>\n<p>5 bonnes raisons qui rendent le tissu thermocollant ORATEX\u00ae si sp\u00e9cial:<\/p>\n<ul>\n<li>Application facile: Comme il est pliable et comme il a la capacit\u00e9 de r\u00e9traction bidirectionelle \u00e0 15 %, l&rsquo;application d&rsquo;ORATEX\u00ae sur les bordures et autour des courbes est tr\u00e8s facile. Les plis sont facilement effac\u00e9s avec un d\u00e9capeur thermique.<\/li>\n<li>Adh\u00e9sion excellente: La force adh\u00e9sive d&rsquo;ORATEX\u00ae est deux fois sup\u00e9rieur \u00e0 celui des autres entoilages.<\/li>\n<li>Solidit\u00e9 et stabilit\u00e9 remarquable.<\/li>\n<li>Vernis de protection: La surface d\u2019ORATEX\u00ae a \u00e9t\u00e9 trait\u00e9e sp\u00e9cialement pour \u00eatre r\u00e9sistante contre les agressions dues aux carburants ou aux huiles. Si souhait\u00e9 ORATEX\u00ae peut \u00eatre peint, mais ce n&rsquo;est pas n\u00e9cessaire.<\/li>\n<li>20 couleurs attraientes<\/li>\n<\/ul>\n<p>largeur: 60cm \u2013 longueur 2m<\/p>\n<p><img decoding=\"async\" src=\"https:\/\/www.lanitz-aviation.com\/filebase\/images\/solar_impuls_covered_w_oracover_oratex.jpg\"><img decoding=\"async\" src=\"https:\/\/www.lanitz-aviation.com\/filebase\/images\/ueber-uns\/archaeopteryx.jpg\"><\/p>\n<p>Solar Impulse est un projet d&rsquo;avion visant \u00e0 concevoir des avions propuls\u00e9s respectueux de l&rsquo;environnement et ne consommant pas de carburant.<\/p>\n<p>Fuselage: ORATEX\u00ae (sp\u00e9cialement enduit)<br \/>\nCockpit: ORALIGHT\u00ae<\/p>\n<p>Saviez-vous?<br \/>\nPersonne d\u2019autre que nous n\u2019a pu g\u00e9rer ce projet. Nous avons pu contribuer au succ\u00e8s de Solar Impulse avec nos produits de construction de mod\u00e8les modifi\u00e9s. <\/p>\n<p>M\u00eame l&rsquo;avion porte-homme \u00ab\u00a0Archaeopteryx\u00a0\u00bb, lanc\u00e9 \u00e0 pied, est recouvert dans sa version standard d&rsquo;ORATEX\u00ae pour le mod\u00e9lisme!<\/p>\n<div style=\"text-align:left\" class=\"wps-pgfw-pdf-generate-icon__wrapper-frontend\">\n\t\t<a href=\"https:\/\/www.speedmodels.ch\/fr\/wp-json\/wp\/v2\/product\/23768\/?action=genpdf&amp;id=23768\" class=\"pgfw-single-pdf-download-button\" target=_blank><img src=\"https:\/\/speedmodels.ch\/wp-content\/uploads\/2021\/09\/pdf_icon.png\" title=\"G\u00e9n\u00e9rer un PDF\" style=\"width:auto; height:45px;\"><\/a>\n\t\t<\/div>","protected":false},"excerpt":{"rendered":"<p>ORATEX\u00ae, entoilage au tissu thermor\u00e9tractable, est id\u00e9al pour tous les maquettes en \u00e9chelle, gros mod\u00e8les ou mod\u00e8les historiques. 5 bonnes raisons qui rendent le tissu thermocollant ORATEX\u00ae si sp\u00e9cial: Application facile: Comme il est pliable et comme il a la capacit\u00e9 de r\u00e9traction bidirectionelle \u00e0 15 %, l&rsquo;application d&rsquo;ORATEX\u00ae sur les bordures et autour des [&hellip;]<\/p>\n","protected":false},"featured_media":23529,"template":"","meta":[],"product_brand":[],"product_cat":[1586,1844],"product_tag":[],"class_list":{"0":"post-23768","1":"product","2":"type-product","3":"status-publish","4":"has-post-thumbnail","6":"product_cat-film-couverture-decor","7":"product_cat-oratex-entoilage-textile","9":"first","10":"instock","11":"shipping-taxable","12":"product-type-simple"},"_links":{"self":[{"href":"https:\/\/www.speedmodels.ch\/fr\/wp-json\/wp\/v2\/product\/23768","targetHints":{"allow":["GET"]}}],"collection":[{"href":"https:\/\/www.speedmodels.ch\/fr\/wp-json\/wp\/v2\/product"}],"about":[{"href":"https:\/\/www.speedmodels.ch\/fr\/wp-json\/wp\/v2\/types\/product"}],"version-history":[{"count":1,"href":"https:\/\/www.speedmodels.ch\/fr\/wp-json\/wp\/v2\/product\/23768\/revisions"}],"predecessor-version":[{"id":29892,"href":"https:\/\/www.speedmodels.ch\/fr\/wp-json\/wp\/v2\/product\/23768\/revisions\/29892"}],"wp:featuredmedia":[{"embeddable":true,"href":"https:\/\/www.speedmodels.ch\/fr\/wp-json\/wp\/v2\/media\/23529"}],"wp:attachment":[{"href":"https:\/\/www.speedmodels.ch\/fr\/wp-json\/wp\/v2\/media?parent=23768"}],"wp:term":[{"taxonomy":"product_brand","embeddable":true,"href":"https:\/\/www.speedmodels.ch\/fr\/wp-json\/wp\/v2\/product_brand?post=23768"},{"taxonomy":"product_cat","embeddable":true,"href":"https:\/\/www.speedmodels.ch\/fr\/wp-json\/wp\/v2\/product_cat?post=23768"},{"taxonomy":"product_tag","embeddable":true,"href":"https:\/\/www.speedmodels.ch\/fr\/wp-json\/wp\/v2\/product_tag?post=23768"}],"curies":[{"name":"wp","href":"https:\/\/api.w.org\/{rel}","templated":true}]}}