{"id":23362,"date":"2023-10-23T07:13:56","date_gmt":"2023-10-23T07:13:56","guid":{"rendered":"https:\/\/www.speedmodels.ch\/?post_type=product&#038;p=23362"},"modified":"2026-04-23T12:45:33","modified_gmt":"2026-04-23T12:45:33","slug":"oracover-air-diluant-special-pour-adhesif-250ml","status":"publish","type":"product","link":"https:\/\/www.speedmodels.ch\/fr\/produits\/peintures-vernis-colles\/accessoires-couleurs\/diluant-fr-2\/oracover-air-diluant-special-pour-adhesif-250ml\/","title":{"rendered":"Oracover AIR diluant sp\u00e9cial pour adh\u00e9sif 250ml"},"content":{"rendered":"<p><strong>Oracover AIR diluant sp\u00e9ciale pour adh\u00e9sif<\/strong><\/p>\n<p>Si nos adh\u00e9sives ont s\u00e9ch\u00e9 dans la bo\u00eete, ils peuvent \u00eatre ajust\u00e9s avec le diluant appropri\u00e9 pour obtenir de nouveau la viscosit\u00e9 id\u00e9ale pour la peinture.<br \/>\nLes r\u00e9sidus pr\u00e9sents sur l&rsquo;entoilage peuvent \u00eatre \u00e9limines avec le diluant ORACOVER\u00ae Air (r\u00e9f. 0962). Vous pouvez \u00e9galement utiliser ces diluants pour nettoyer la semelle du fer \u00e0 entoiler, A CONDITION QUE CETTE DERNIERE SOIT TOTALEMENT FROIDE ET SANS COURANT. Vous ne devez pas utiliser le fer \u00e0 entoiler avec des restes du diluant. Faire attention \u00e0 une bonne ventilation parce que le diluant peut former des gaz explosives.<\/p>\n<p>contenue: 250ml<\/p>\n<p>T\u00e9l\u00e9chargements pour cet article : Fiche de donn\u00e9es de s\u00e9curit\u00e9 <a href=\"https:\/\/www.speedmodels.ch\/wp-content\/uploads\/2026\/04\/SDB-mit-Deckblatt-0962-ORACOVER%C2%AE-AIR-Spezial-Verduennung-fuer-Heisssiegelkleber_06.06.2025.pdf\">FDS avec page de garde 0962 ORACOVER\u00ae AIR Verduennung Spezial f\u00fcr Heisssiegelkleber_06.06.2025<\/a><\/p>\n<div style=\"text-align:left\" class=\"wps-pgfw-pdf-generate-icon__wrapper-frontend\">\n\t\t<a href=\"https:\/\/www.speedmodels.ch\/fr\/wp-json\/wp\/v2\/product\/23362\/?action=genpdf&amp;id=23362\" class=\"pgfw-single-pdf-download-button\" target=_blank><img src=\"https:\/\/speedmodels.ch\/wp-content\/uploads\/2021\/09\/pdf_icon.png\" title=\"G\u00e9n\u00e9rer un PDF\" style=\"width:auto; height:45px;\"><\/a>\n\t\t<\/div>","protected":false},"excerpt":{"rendered":"<p>Oracover AIR diluant sp\u00e9ciale pour adh\u00e9sif Si nos adh\u00e9sives ont s\u00e9ch\u00e9 dans la bo\u00eete, ils peuvent \u00eatre ajust\u00e9s avec le diluant appropri\u00e9 pour obtenir de nouveau la viscosit\u00e9 id\u00e9ale pour la peinture. Les r\u00e9sidus pr\u00e9sents sur l&rsquo;entoilage peuvent \u00eatre \u00e9limines avec le diluant ORACOVER\u00ae Air (r\u00e9f. 0962). Vous pouvez \u00e9galement utiliser ces diluants pour nettoyer [&hellip;]<\/p>\n","protected":false},"featured_media":23517,"template":"","meta":[],"product_brand":[],"product_cat":[1697,1833,1586,1750],"product_tag":[],"class_list":{"0":"post-23362","1":"product","2":"type-product","3":"status-publish","4":"has-post-thumbnail","6":"product_cat-accessoires-films","7":"product_cat-diluant-fr-2","8":"product_cat-film-couverture-decor","9":"product_cat-peintures-vernis-colles","11":"first","12":"instock","13":"shipping-taxable","14":"product-type-simple"},"_links":{"self":[{"href":"https:\/\/www.speedmodels.ch\/fr\/wp-json\/wp\/v2\/product\/23362","targetHints":{"allow":["GET"]}}],"collection":[{"href":"https:\/\/www.speedmodels.ch\/fr\/wp-json\/wp\/v2\/product"}],"about":[{"href":"https:\/\/www.speedmodels.ch\/fr\/wp-json\/wp\/v2\/types\/product"}],"version-history":[{"count":1,"href":"https:\/\/www.speedmodels.ch\/fr\/wp-json\/wp\/v2\/product\/23362\/revisions"}],"predecessor-version":[{"id":33692,"href":"https:\/\/www.speedmodels.ch\/fr\/wp-json\/wp\/v2\/product\/23362\/revisions\/33692"}],"wp:featuredmedia":[{"embeddable":true,"href":"https:\/\/www.speedmodels.ch\/fr\/wp-json\/wp\/v2\/media\/23517"}],"wp:attachment":[{"href":"https:\/\/www.speedmodels.ch\/fr\/wp-json\/wp\/v2\/media?parent=23362"}],"wp:term":[{"taxonomy":"product_brand","embeddable":true,"href":"https:\/\/www.speedmodels.ch\/fr\/wp-json\/wp\/v2\/product_brand?post=23362"},{"taxonomy":"product_cat","embeddable":true,"href":"https:\/\/www.speedmodels.ch\/fr\/wp-json\/wp\/v2\/product_cat?post=23362"},{"taxonomy":"product_tag","embeddable":true,"href":"https:\/\/www.speedmodels.ch\/fr\/wp-json\/wp\/v2\/product_tag?post=23362"}],"curies":[{"name":"wp","href":"https:\/\/api.w.org\/{rel}","templated":true}]}}