{"id":23354,"date":"2023-10-18T11:09:56","date_gmt":"2023-10-18T11:09:56","guid":{"rendered":"https:\/\/www.speedmodels.ch\/?post_type=product&#038;p=23354"},"modified":"2026-04-23T12:48:28","modified_gmt":"2026-04-23T12:48:28","slug":"oratex-diluant-special-pour-adhesif-250ml","status":"publish","type":"product","link":"https:\/\/www.speedmodels.ch\/fr\/produits\/film-couverture-decor\/accessoires-oratex\/oratex-diluant-special-pour-adhesif-250ml\/","title":{"rendered":"Oratex Diluant sp\u00e9cial pour adh\u00e9sif 250ml"},"content":{"rendered":"<p>Oratex Diluant sp\u00e9cial pour adh\u00e9sif<\/p>\n<p>Si nos adh\u00e9sives ont s\u00e9ch\u00e9 dans la bo\u00eete, ils peuvent \u00eatre ajust\u00e9s avec le diluant appropri\u00e9 pour obtenir de nouveau la viscosit\u00e9 id\u00e9ale pour la peinture. Les r\u00e9sidus pr\u00e9sents sur l&rsquo;entoilage peuvent \u00eatre \u00e9limines avec le diluant sp\u00e9cial ORATEX<sup>\u00ae<\/sup>. Vous pouvez \u00e9galement utiliser ces diluants pour nettoyer la semelle du fer \u00e0 entoiler, A CONDITION QUE CETTE DERNIERE SOIT TOTALEMENT FROIDE ET SANS COURANT. Vous ne devez pas utiliser le fer \u00e0 entoiler avec des restes du diluant. Faire attention \u00e0 une bonne ventilation parce que le diluant peut former des gaz explosives.<\/p>\n<p><strong>Veuillez consulter les instructions de s\u00e9curit\u00e9 &#8211; t\u00e9l\u00e9chargements pour cet article :<\/strong> <a href=\"https:\/\/www.speedmodels.ch\/wp-content\/uploads\/2026\/04\/SDB-mit-Deckblatt-0969-_-0973-ORATEX%C2%AE-Spezial-Verduennung-fuer-Heisssiegelkleber_06.06.2025.pdf\">FDS avec page de garde 0969 _ 0973 ORATEX\u00ae Adh\u00e9sif sp\u00e9cial pour thermosoudage_06.06.2025<\/a><\/p>\n<table style=\"height: 131px;\" width=\"781\">\n<tbody>\n<tr>\n<td width=\"83\"><em>No de commande:<\/em><\/td>\n<td width=\"340\"><em>d\u00e9scription<\/em><\/td>\n<td width=\"83\"><em>quantit\u00e9<\/em><\/td>\n<\/tr>\n<tr>\n<td>O-0969<\/td>\n<td>ORATEX diluant sp\u00e9cial pour adh\u00e9sif<\/td>\n<td>250 ml<\/td>\n<\/tr>\n<tr>\n<td>O-0973<\/td>\n<td>ORATEX diluant sp\u00e9cial pour adh\u00e9sif<\/td>\n<td>1000 ml<\/td>\n<\/tr>\n<\/tbody>\n<\/table>\n<div style=\"text-align:left\" class=\"wps-pgfw-pdf-generate-icon__wrapper-frontend\">\n\t\t<a href=\"https:\/\/www.speedmodels.ch\/fr\/wp-json\/wp\/v2\/product\/23354\/?action=genpdf&amp;id=23354\" class=\"pgfw-single-pdf-download-button\" target=_blank><img src=\"https:\/\/speedmodels.ch\/wp-content\/uploads\/2021\/09\/pdf_icon.png\" title=\"G\u00e9n\u00e9rer un PDF\" style=\"width:auto; height:45px;\"><\/a>\n\t\t<\/div>","protected":false},"excerpt":{"rendered":"<p>Oratex Diluant sp\u00e9cial pour adh\u00e9sif Si nos adh\u00e9sives ont s\u00e9ch\u00e9 dans la bo\u00eete, ils peuvent \u00eatre ajust\u00e9s avec le diluant appropri\u00e9 pour obtenir de nouveau la viscosit\u00e9 id\u00e9ale pour la peinture. Les r\u00e9sidus pr\u00e9sents sur l&rsquo;entoilage peuvent \u00eatre \u00e9limines avec le diluant sp\u00e9cial ORATEX\u00ae. Vous pouvez \u00e9galement utiliser ces diluants pour nettoyer la semelle du [&hellip;]<\/p>\n","protected":false},"featured_media":9938,"template":"","meta":[],"product_brand":[],"product_cat":[1731],"product_tag":[],"class_list":{"0":"post-23354","1":"product","2":"type-product","3":"status-publish","4":"has-post-thumbnail","6":"product_cat-accessoires-oratex","8":"first","9":"instock","10":"shipping-taxable","11":"product-type-simple"},"_links":{"self":[{"href":"https:\/\/www.speedmodels.ch\/fr\/wp-json\/wp\/v2\/product\/23354","targetHints":{"allow":["GET"]}}],"collection":[{"href":"https:\/\/www.speedmodels.ch\/fr\/wp-json\/wp\/v2\/product"}],"about":[{"href":"https:\/\/www.speedmodels.ch\/fr\/wp-json\/wp\/v2\/types\/product"}],"version-history":[{"count":1,"href":"https:\/\/www.speedmodels.ch\/fr\/wp-json\/wp\/v2\/product\/23354\/revisions"}],"predecessor-version":[{"id":33695,"href":"https:\/\/www.speedmodels.ch\/fr\/wp-json\/wp\/v2\/product\/23354\/revisions\/33695"}],"wp:featuredmedia":[{"embeddable":true,"href":"https:\/\/www.speedmodels.ch\/fr\/wp-json\/wp\/v2\/media\/9938"}],"wp:attachment":[{"href":"https:\/\/www.speedmodels.ch\/fr\/wp-json\/wp\/v2\/media?parent=23354"}],"wp:term":[{"taxonomy":"product_brand","embeddable":true,"href":"https:\/\/www.speedmodels.ch\/fr\/wp-json\/wp\/v2\/product_brand?post=23354"},{"taxonomy":"product_cat","embeddable":true,"href":"https:\/\/www.speedmodels.ch\/fr\/wp-json\/wp\/v2\/product_cat?post=23354"},{"taxonomy":"product_tag","embeddable":true,"href":"https:\/\/www.speedmodels.ch\/fr\/wp-json\/wp\/v2\/product_tag?post=23354"}],"curies":[{"name":"wp","href":"https:\/\/api.w.org\/{rel}","templated":true}]}}