{"id":23099,"date":"2023-09-27T12:36:47","date_gmt":"2023-09-27T12:36:47","guid":{"rendered":"https:\/\/www.speedmodels.ch\/?post_type=product&#038;p=23099"},"modified":"2026-03-16T12:15:51","modified_gmt":"2026-03-16T12:15:51","slug":"shorty-modele-dentrainement","status":"publish","type":"product","link":"https:\/\/www.speedmodels.ch\/fr\/produits\/modeles\/avions-fr\/modeles-telecommandes\/modeles-de-vol-electriques\/shorty-modele-dentrainement\/","title":{"rendered":"Shorty Trainermodell"},"content":{"rendered":"<p>Shorty est un mod\u00e8le d&rsquo;entra\u00eenement facile \u00e0 construire avec d&rsquo;excellentes caract\u00e9ristiques de vol lent. Les ailes sont mont\u00e9es sur une cale de mise \u00e0 l&rsquo;eau \u00e0 l&rsquo;aide de profil\u00e9s pr\u00e9fabriqu\u00e9s. Ce mod\u00e8le tr\u00e8s maniable est contr\u00f4l\u00e9 par la gouverne de profondeur et la gouverne de direction. <\/p>\n<p>En raison de sa vitesse de vol extr\u00eamement faible, le Shorty est id\u00e9al pour apprendre \u00e0 voler avec un mod\u00e8le motoris\u00e9. Les instructions de construction tr\u00e8s d\u00e9taill\u00e9es avec des dessins d&rsquo;\u00e9tape de construction en 3D vous guident tout au long de la construction. Le papier de couverture est inclus dans le kit pour recouvrir l&#8217;empennage, et les instructions de construction contiennent \u00e9galement un didacticiel vid\u00e9o d\u00e9taill\u00e9 dans lequel le rev\u00eatement de l&#8217;empennage est expliqu\u00e9.<\/p>\n<p>Le kit contient: tous les composants en bois d\u00e9coup\u00e9 au laser, petits pi\u00e8ces, papier de couverture pour l&#8217;empenage, train d&rsquo;atteriasse et roues, instructions de contruction en 3D.<\/p>\n<p>Pour le mod\u00e8le Shorty un set d&rsquo;entr\u00eenement adapt\u00e9 est disponible sous le num\u00e9ro AN-1366-01 (contient un moteur, variateur, h\u00e9lice, adaptateur, 2 servos).<\/p>\n<div style=\"text-align:left\" class=\"wps-pgfw-pdf-generate-icon__wrapper-frontend\">\n\t\t<a href=\"https:\/\/www.speedmodels.ch\/fr\/wp-json\/wp\/v2\/product\/23099\/?action=genpdf&amp;id=23099\" class=\"pgfw-single-pdf-download-button\" target=_blank><img src=\"https:\/\/speedmodels.ch\/wp-content\/uploads\/2021\/09\/pdf_icon.png\" title=\"G\u00e9n\u00e9rer un PDF\" style=\"width:auto; height:45px;\"><\/a>\n\t\t<\/div>","protected":false},"excerpt":{"rendered":"<p>Shorty est un mod\u00e8le d&rsquo;entra\u00eenement facile \u00e0 construire avec d&rsquo;excellentes caract\u00e9ristiques de vol lent. Les ailes sont mont\u00e9es sur une cale de mise \u00e0 l&rsquo;eau \u00e0 l&rsquo;aide de profil\u00e9s pr\u00e9fabriqu\u00e9s. Ce mod\u00e8le tr\u00e8s maniable est contr\u00f4l\u00e9 par la gouverne de profondeur et la gouverne de direction. En raison de sa vitesse de vol extr\u00eamement faible, [&hellip;]<\/p>\n","protected":false},"featured_media":23084,"template":"","meta":[],"product_brand":[],"product_cat":[1652,1710,1721,1653],"product_tag":[],"class_list":{"0":"post-23099","1":"product","2":"type-product","3":"status-publish","4":"has-post-thumbnail","6":"product_cat-avions-fr","7":"product_cat-modeles","8":"product_cat-modeles-de-vol-electriques","9":"product_cat-modeles-telecommandes","11":"first","12":"instock","13":"shipping-taxable","14":"product-type-simple"},"_links":{"self":[{"href":"https:\/\/www.speedmodels.ch\/fr\/wp-json\/wp\/v2\/product\/23099","targetHints":{"allow":["GET"]}}],"collection":[{"href":"https:\/\/www.speedmodels.ch\/fr\/wp-json\/wp\/v2\/product"}],"about":[{"href":"https:\/\/www.speedmodels.ch\/fr\/wp-json\/wp\/v2\/types\/product"}],"version-history":[{"count":1,"href":"https:\/\/www.speedmodels.ch\/fr\/wp-json\/wp\/v2\/product\/23099\/revisions"}],"predecessor-version":[{"id":33021,"href":"https:\/\/www.speedmodels.ch\/fr\/wp-json\/wp\/v2\/product\/23099\/revisions\/33021"}],"wp:featuredmedia":[{"embeddable":true,"href":"https:\/\/www.speedmodels.ch\/fr\/wp-json\/wp\/v2\/media\/23084"}],"wp:attachment":[{"href":"https:\/\/www.speedmodels.ch\/fr\/wp-json\/wp\/v2\/media?parent=23099"}],"wp:term":[{"taxonomy":"product_brand","embeddable":true,"href":"https:\/\/www.speedmodels.ch\/fr\/wp-json\/wp\/v2\/product_brand?post=23099"},{"taxonomy":"product_cat","embeddable":true,"href":"https:\/\/www.speedmodels.ch\/fr\/wp-json\/wp\/v2\/product_cat?post=23099"},{"taxonomy":"product_tag","embeddable":true,"href":"https:\/\/www.speedmodels.ch\/fr\/wp-json\/wp\/v2\/product_tag?post=23099"}],"curies":[{"name":"wp","href":"https:\/\/api.w.org\/{rel}","templated":true}]}}