{"id":23033,"date":"2023-09-04T11:32:45","date_gmt":"2023-09-04T11:32:45","guid":{"rendered":"https:\/\/www.speedmodels.ch\/?post_type=product&#038;p=23033"},"modified":"2025-04-24T09:06:46","modified_gmt":"2025-04-24T09:06:46","slug":"chargeur-en1","status":"publish","type":"product","link":"https:\/\/www.speedmodels.ch\/fr\/produits\/electronique\/chargeurs\/chargeurs-nimh\/chargeur-en1\/","title":{"rendered":"Chargeur en1"},"content":{"rendered":"<p>Chargeur de <strong>ev-peak en1 pour accus NimH <\/strong><\/p>\n<p><span class=\"deutsch_texte\">Tous simple! Pour d\u00e9butants, jeunes ou simplment pour tous le monde qui aiment le simple! Gr\u00e2ce \u00e0 la prise Tamyia ce chargeur est id\u00e9ale pour charger des pack d&rsquo;accus.<\/span><\/p>\n<table style=\"height: 323px;\" width=\"323\">\n<tbody>\n<tr>\n<td width=\"122\"><strong>Fiches t\u00e9chniques:<\/strong><\/td>\n<td width=\"91\"><\/td>\n<\/tr>\n<tr>\n<td width=\"122\">tension d&rsquo;entr\u00e9e<\/td>\n<td width=\"91\">AC100 &#8211; 240V<\/td>\n<\/tr>\n<tr>\n<td width=\"122\">courant de charge<\/td>\n<td width=\"91\">12 Watt<\/td>\n<\/tr>\n<tr>\n<td width=\"122\">puissance de charge<\/td>\n<td width=\"91\">1.0 Amp.<\/td>\n<\/tr>\n<tr>\n<td width=\"122\">type d&rsquo;accus<\/td>\n<td width=\"91\">NiMH<\/td>\n<\/tr>\n<tr>\n<td width=\"122\">nombre de cellules<\/td>\n<td width=\"91\">1 &#8211; 8 cells<\/td>\n<\/tr>\n<tr>\n<td width=\"122\">controle de charge<\/td>\n<td width=\"91\">LED<\/td>\n<\/tr>\n<tr>\n<td width=\"122\">type prises<\/td>\n<td width=\"91\">Tamiya<\/td>\n<\/tr>\n<tr>\n<td width=\"122\">poids<\/td>\n<td width=\"91\">100g<\/td>\n<\/tr>\n<tr>\n<td width=\"122\">dimension mm<\/td>\n<td width=\"91\">95 x 58 x 28mm<\/td>\n<\/tr>\n<\/tbody>\n<\/table>\n<p><span class=\"franz_texte\">Contenue: chargeur, <em>instruction en anglais<\/em> <\/span><\/p>\n<div style=\"text-align:left\" class=\"wps-pgfw-pdf-generate-icon__wrapper-frontend\">\n\t\t<a href=\"https:\/\/www.speedmodels.ch\/fr\/wp-json\/wp\/v2\/product\/23033\/?action=genpdf&amp;id=23033\" class=\"pgfw-single-pdf-download-button\" target=_blank><img src=\"https:\/\/speedmodels.ch\/wp-content\/uploads\/2021\/09\/pdf_icon.png\" title=\"G\u00e9n\u00e9rer un PDF\" style=\"width:auto; height:45px;\"><\/a>\n\t\t<\/div>","protected":false},"excerpt":{"rendered":"<p>Chargeur de ev-peak en1 pour accus NimH Tous simple! Pour d\u00e9butants, jeunes ou simplment pour tous le monde qui aiment le simple! Gr\u00e2ce \u00e0 la prise Tamyia ce chargeur est id\u00e9ale pour charger des pack d&rsquo;accus. Fiches t\u00e9chniques: tension d&rsquo;entr\u00e9e AC100 &#8211; 240V courant de charge 12 Watt puissance de charge 1.0 Amp. type d&rsquo;accus [&hellip;]<\/p>\n","protected":false},"featured_media":22970,"template":"","meta":[],"product_brand":[],"product_cat":[1565,1567],"product_tag":[],"class_list":{"0":"post-23033","1":"product","2":"type-product","3":"status-publish","4":"has-post-thumbnail","6":"product_cat-chargeurs","7":"product_cat-chargeurs-nimh","9":"first","10":"instock","11":"shipping-taxable","12":"product-type-simple"},"_links":{"self":[{"href":"https:\/\/www.speedmodels.ch\/fr\/wp-json\/wp\/v2\/product\/23033","targetHints":{"allow":["GET"]}}],"collection":[{"href":"https:\/\/www.speedmodels.ch\/fr\/wp-json\/wp\/v2\/product"}],"about":[{"href":"https:\/\/www.speedmodels.ch\/fr\/wp-json\/wp\/v2\/types\/product"}],"version-history":[{"count":1,"href":"https:\/\/www.speedmodels.ch\/fr\/wp-json\/wp\/v2\/product\/23033\/revisions"}],"predecessor-version":[{"id":30853,"href":"https:\/\/www.speedmodels.ch\/fr\/wp-json\/wp\/v2\/product\/23033\/revisions\/30853"}],"wp:featuredmedia":[{"embeddable":true,"href":"https:\/\/www.speedmodels.ch\/fr\/wp-json\/wp\/v2\/media\/22970"}],"wp:attachment":[{"href":"https:\/\/www.speedmodels.ch\/fr\/wp-json\/wp\/v2\/media?parent=23033"}],"wp:term":[{"taxonomy":"product_brand","embeddable":true,"href":"https:\/\/www.speedmodels.ch\/fr\/wp-json\/wp\/v2\/product_brand?post=23033"},{"taxonomy":"product_cat","embeddable":true,"href":"https:\/\/www.speedmodels.ch\/fr\/wp-json\/wp\/v2\/product_cat?post=23033"},{"taxonomy":"product_tag","embeddable":true,"href":"https:\/\/www.speedmodels.ch\/fr\/wp-json\/wp\/v2\/product_tag?post=23033"}],"curies":[{"name":"wp","href":"https:\/\/api.w.org\/{rel}","templated":true}]}}