{"id":22885,"date":"2023-08-17T13:59:49","date_gmt":"2023-08-17T13:59:49","guid":{"rendered":"https:\/\/www.speedmodels.ch\/?post_type=product&#038;p=22885"},"modified":"2024-05-27T11:38:32","modified_gmt":"2024-05-27T11:38:32","slug":"plaque-carbone-1-5mm-2","status":"publish","type":"product","link":"https:\/\/www.speedmodels.ch\/fr\/produits\/profiles-plaques\/plaque-carbone-fibre-de-verre\/plaque-en-carbone\/plaque-carbone-1-5mm-2\/","title":{"rendered":"Plaque carbone 1.5mm"},"content":{"rendered":"<p><strong>Plaque en carbone<\/strong><br \/>\nOrientation des fibres 0\/90 (bidirectionnelle), surface lisse et brillante, durcie sous pression thermique jusqu&rsquo;\u00e0 environ 120 C, r\u00e9sistante \u00e0 la temp\u00e9rature jusqu&rsquo;\u00e0 environ 115 C. Rigide, torsion et ind\u00e9formable, bonne plan\u00e9it\u00e9<\/p>\n<p>grandeur: 350 x 150mm<\/p>\n<p>\u00e9paisseur: 1,5mm<\/p>\n<p>emballage de 1pcs<\/p>\n<div style=\"text-align:left\" class=\"wps-pgfw-pdf-generate-icon__wrapper-frontend\">\n\t\t<a href=\"https:\/\/www.speedmodels.ch\/fr\/wp-json\/wp\/v2\/product\/22885\/?action=genpdf&amp;id=22885\" class=\"pgfw-single-pdf-download-button\" target=_blank><img src=\"https:\/\/speedmodels.ch\/wp-content\/uploads\/2021\/09\/pdf_icon.png\" title=\"G\u00e9n\u00e9rer un PDF\" style=\"width:auto; height:45px;\"><\/a>\n\t\t<\/div>","protected":false},"excerpt":{"rendered":"<p>Plaque en carbone Orientation des fibres 0\/90 (bidirectionnelle), surface lisse et brillante, durcie sous pression thermique jusqu&rsquo;\u00e0 environ 120 C, r\u00e9sistante \u00e0 la temp\u00e9rature jusqu&rsquo;\u00e0 environ 115 C. Rigide, torsion et ind\u00e9formable, bonne plan\u00e9it\u00e9 grandeur: 350 x 150mm \u00e9paisseur: 1,5mm emballage de 1pcs<\/p>\n","protected":false},"featured_media":10093,"template":"","meta":[],"product_brand":[],"product_cat":[1807,1808,1512],"product_tag":[],"class_list":{"0":"post-22885","1":"product","2":"type-product","3":"status-publish","4":"has-post-thumbnail","6":"product_cat-plaque-carbone-fibre-de-verre","7":"product_cat-plaque-en-carbone","8":"product_cat-profiles-plaques","10":"first","11":"instock","12":"shipping-taxable","13":"product-type-simple"},"_links":{"self":[{"href":"https:\/\/www.speedmodels.ch\/fr\/wp-json\/wp\/v2\/product\/22885","targetHints":{"allow":["GET"]}}],"collection":[{"href":"https:\/\/www.speedmodels.ch\/fr\/wp-json\/wp\/v2\/product"}],"about":[{"href":"https:\/\/www.speedmodels.ch\/fr\/wp-json\/wp\/v2\/types\/product"}],"version-history":[{"count":0,"href":"https:\/\/www.speedmodels.ch\/fr\/wp-json\/wp\/v2\/product\/22885\/revisions"}],"wp:featuredmedia":[{"embeddable":true,"href":"https:\/\/www.speedmodels.ch\/fr\/wp-json\/wp\/v2\/media\/10093"}],"wp:attachment":[{"href":"https:\/\/www.speedmodels.ch\/fr\/wp-json\/wp\/v2\/media?parent=22885"}],"wp:term":[{"taxonomy":"product_brand","embeddable":true,"href":"https:\/\/www.speedmodels.ch\/fr\/wp-json\/wp\/v2\/product_brand?post=22885"},{"taxonomy":"product_cat","embeddable":true,"href":"https:\/\/www.speedmodels.ch\/fr\/wp-json\/wp\/v2\/product_cat?post=22885"},{"taxonomy":"product_tag","embeddable":true,"href":"https:\/\/www.speedmodels.ch\/fr\/wp-json\/wp\/v2\/product_tag?post=22885"}],"curies":[{"name":"wp","href":"https:\/\/api.w.org\/{rel}","templated":true}]}}