{"id":22864,"date":"2023-08-17T12:40:34","date_gmt":"2023-08-17T12:40:34","guid":{"rendered":"https:\/\/www.speedmodels.ch\/?post_type=product&#038;p=22864"},"modified":"2024-05-31T11:04:52","modified_gmt":"2024-05-31T11:04:52","slug":"rx-3-hydroplane-rtr","status":"publish","type":"product","link":"https:\/\/www.speedmodels.ch\/fr\/produits\/modeles\/bateaux-fr-2\/bateaux-electriques\/rx-3-hydroplane-rtr\/","title":{"rendered":"RX-3 Hydroplane RTR"},"content":{"rendered":"<p><strong>Prix de liquidation <span style=\"color: #ff0000;\">Fr. 375.00 incl. TVA  <\/span>.<\/strong><br \/>\n<strong>(jusqu\u2019\u00e0 \u00e9puisement des stock \/ articles fin de s\u00e9rie ne sont pas repris ou \u00e9chang\u00e9 \/ pi\u00e8ces d\u00e9tach\u00e9es jusqu\u2019\u00e0 \u00e9puisement des stock).<\/strong><br \/>\n<strong>Pas de ventre directe!<\/strong><\/p>\n<p>Le RX-3 est un hydravion hors-bord, propuls\u00e9 par un Mercury Mark 75 \u00e0 6 cylindres de 60 ch, avec lequel Hugh Entrop a \u00e9tabli un record de vitesse d&rsquo;environ 200 km\/h dans l&rsquo;International CLASS X de 1958. Notre mod\u00e8le est une r\u00e9plique semi-maquette dont la coque et le capot sont en fibre de verre \u00e9poxy. Les planches de pont en placage d&rsquo;acajou sont d\u00e9coup\u00e9es au laser avec pr\u00e9cision. Les composants internes des supports de servo, etc. sont \u00e9galement d\u00e9coup\u00e9s au laser. Un ensemble de pi\u00e8ces grav\u00e9es am\u00e9liore encore le mod\u00e8le. Avec une batterie Lipo 3S, le mod\u00e8le peut atteindre des vitesses allant jusqu&rsquo;\u00e0 55 km\/h.<\/p>\n<p>Le kit contient: coque en epoxy blanc avec moteur hors bord \u00ab\u00a0retro\u00a0\u00bb (no AN-7005-05), h\u00e9lice en plastique, variateur 60A, 1 servo<\/p>\n<p>Pour naviger il vous faut:<br \/>\nAccu 3S Lipo 4.000-5.000 mAh<\/p>\n<div style=\"text-align:left\" class=\"wps-pgfw-pdf-generate-icon__wrapper-frontend\">\n\t\t<a href=\"https:\/\/www.speedmodels.ch\/fr\/wp-json\/wp\/v2\/product\/22864\/?action=genpdf&amp;id=22864\" class=\"pgfw-single-pdf-download-button\" target=_blank><img src=\"https:\/\/speedmodels.ch\/wp-content\/uploads\/2021\/09\/pdf_icon.png\" title=\"G\u00e9n\u00e9rer un PDF\" style=\"width:auto; height:45px;\"><\/a>\n\t\t<\/div>","protected":false},"excerpt":{"rendered":"<p>Prix de liquidation Fr. 375.00 incl. TVA . (jusqu\u2019\u00e0 \u00e9puisement des stock \/ articles fin de s\u00e9rie ne sont pas repris ou \u00e9chang\u00e9 \/ pi\u00e8ces d\u00e9tach\u00e9es jusqu\u2019\u00e0 \u00e9puisement des stock). Pas de ventre directe! Le RX-3 est un hydravion hors-bord, propuls\u00e9 par un Mercury Mark 75 \u00e0 6 cylindres de 60 ch, avec lequel Hugh [&hellip;]<\/p>\n","protected":false},"featured_media":9732,"template":"","meta":[],"product_brand":[],"product_cat":[1856,1713,1714,1851],"product_tag":[],"class_list":{"0":"post-22864","1":"product","2":"type-product","3":"status-publish","4":"has-post-thumbnail","6":"product_cat-article-fin-de-serie","7":"product_cat-bateaux-fr-2","8":"product_cat-bateaux-electriques","9":"product_cat-navires-prototypes","11":"first","12":"instock","13":"shipping-taxable","14":"product-type-simple"},"_links":{"self":[{"href":"https:\/\/www.speedmodels.ch\/fr\/wp-json\/wp\/v2\/product\/22864","targetHints":{"allow":["GET"]}}],"collection":[{"href":"https:\/\/www.speedmodels.ch\/fr\/wp-json\/wp\/v2\/product"}],"about":[{"href":"https:\/\/www.speedmodels.ch\/fr\/wp-json\/wp\/v2\/types\/product"}],"version-history":[{"count":0,"href":"https:\/\/www.speedmodels.ch\/fr\/wp-json\/wp\/v2\/product\/22864\/revisions"}],"wp:featuredmedia":[{"embeddable":true,"href":"https:\/\/www.speedmodels.ch\/fr\/wp-json\/wp\/v2\/media\/9732"}],"wp:attachment":[{"href":"https:\/\/www.speedmodels.ch\/fr\/wp-json\/wp\/v2\/media?parent=22864"}],"wp:term":[{"taxonomy":"product_brand","embeddable":true,"href":"https:\/\/www.speedmodels.ch\/fr\/wp-json\/wp\/v2\/product_brand?post=22864"},{"taxonomy":"product_cat","embeddable":true,"href":"https:\/\/www.speedmodels.ch\/fr\/wp-json\/wp\/v2\/product_cat?post=22864"},{"taxonomy":"product_tag","embeddable":true,"href":"https:\/\/www.speedmodels.ch\/fr\/wp-json\/wp\/v2\/product_tag?post=22864"}],"curies":[{"name":"wp","href":"https:\/\/api.w.org\/{rel}","templated":true}]}}