{"id":22511,"date":"2023-08-03T13:48:45","date_gmt":"2023-08-03T13:48:45","guid":{"rendered":"https:\/\/www.speedmodels.ch\/?post_type=product&#038;p=22511"},"modified":"2024-05-31T11:05:24","modified_gmt":"2024-05-31T11:05:24","slug":"regulateur-u-bec-5-a-48-60-v","status":"publish","type":"product","link":"https:\/\/www.speedmodels.ch\/fr\/produits\/fr-akkus-zubehoer\/batteries-daccessoires\/regulateur-u-bec-5-a-48-60-v\/","title":{"rendered":"R\u00e9gulateur U-Bec 5 A \/ 4,8\/6,0 V"},"content":{"rendered":"<p><strong>Prix de liquidation <span style=\"color: #ff0000\">Fr. 18.00 incl. TVA <\/span><\/strong><br \/>\n<strong>(jusqu\u2019\u00e0 \u00e9puisement des stock \/ articles fin de s\u00e9rie ne sont pas repris ou \u00e9chang\u00e9 \/ pi\u00e8ces d\u00e9tach\u00e9es jusqu\u2019\u00e0 \u00e9puisement des stock).<\/strong><br \/>\n<strong>Pas de ventre directe!<\/strong><\/p>\n<p>R\u00e9gulateur puissant<\/p>\n<table style=\"height: 120px\" width=\"367\">\n<tbody>\n<tr>\n<td width=\"111\">tension d&rsquo;entr\u00e9e<\/td>\n<td width=\"159\">6.0 &#8211; 42.0 V LiPo<\/td>\n<\/tr>\n<tr>\n<td width=\"111\">Tension de sorti<\/td>\n<td width=\"159\">4.8\/6.0 V \/ 5 A<\/td>\n<\/tr>\n<tr>\n<td width=\"111\">poids<\/td>\n<td width=\"159\">17 gr<\/td>\n<\/tr>\n<tr>\n<td width=\"111\">Dimension<\/td>\n<td width=\"159\">55 x 18 x 1 mm<\/td>\n<\/tr>\n<\/tbody>\n<\/table>\n<p>&nbsp;<\/p>\n<div style=\"text-align:left\" class=\"wps-pgfw-pdf-generate-icon__wrapper-frontend\">\n\t\t<a href=\"https:\/\/www.speedmodels.ch\/fr\/wp-json\/wp\/v2\/product\/22511\/?action=genpdf&amp;id=22511\" class=\"pgfw-single-pdf-download-button\" target=_blank><img src=\"https:\/\/speedmodels.ch\/wp-content\/uploads\/2021\/09\/pdf_icon.png\" title=\"G\u00e9n\u00e9rer un PDF\" style=\"width:auto; height:45px;\"><\/a>\n\t\t<\/div>","protected":false},"excerpt":{"rendered":"<p>Prix de liquidation Fr. 18.00 incl. TVA (jusqu\u2019\u00e0 \u00e9puisement des stock \/ articles fin de s\u00e9rie ne sont pas repris ou \u00e9chang\u00e9 \/ pi\u00e8ces d\u00e9tach\u00e9es jusqu\u2019\u00e0 \u00e9puisement des stock). Pas de ventre directe! R\u00e9gulateur puissant tension d&rsquo;entr\u00e9e 6.0 &#8211; 42.0 V LiPo Tension de sorti 4.8\/6.0 V \/ 5 A poids 17 gr Dimension 55 [&hellip;]<\/p>\n","protected":false},"featured_media":22476,"template":"","meta":[],"product_brand":[],"product_cat":[1499,1856,1501,1738,1737],"product_tag":[],"class_list":{"0":"post-22511","1":"product","2":"type-product","3":"status-publish","4":"has-post-thumbnail","6":"product_cat-fr-akkus-zubehoer","7":"product_cat-article-fin-de-serie","8":"product_cat-batteries-daccessoires","9":"product_cat-ubec-transformateur-fr","10":"product_cat-ubec-transformateur","12":"first","13":"instock","14":"shipping-taxable","15":"product-type-simple"},"_links":{"self":[{"href":"https:\/\/www.speedmodels.ch\/fr\/wp-json\/wp\/v2\/product\/22511","targetHints":{"allow":["GET"]}}],"collection":[{"href":"https:\/\/www.speedmodels.ch\/fr\/wp-json\/wp\/v2\/product"}],"about":[{"href":"https:\/\/www.speedmodels.ch\/fr\/wp-json\/wp\/v2\/types\/product"}],"version-history":[{"count":0,"href":"https:\/\/www.speedmodels.ch\/fr\/wp-json\/wp\/v2\/product\/22511\/revisions"}],"wp:featuredmedia":[{"embeddable":true,"href":"https:\/\/www.speedmodels.ch\/fr\/wp-json\/wp\/v2\/media\/22476"}],"wp:attachment":[{"href":"https:\/\/www.speedmodels.ch\/fr\/wp-json\/wp\/v2\/media?parent=22511"}],"wp:term":[{"taxonomy":"product_brand","embeddable":true,"href":"https:\/\/www.speedmodels.ch\/fr\/wp-json\/wp\/v2\/product_brand?post=22511"},{"taxonomy":"product_cat","embeddable":true,"href":"https:\/\/www.speedmodels.ch\/fr\/wp-json\/wp\/v2\/product_cat?post=22511"},{"taxonomy":"product_tag","embeddable":true,"href":"https:\/\/www.speedmodels.ch\/fr\/wp-json\/wp\/v2\/product_tag?post=22511"}],"curies":[{"name":"wp","href":"https:\/\/api.w.org\/{rel}","templated":true}]}}