{"id":22506,"date":"2023-08-03T13:43:29","date_gmt":"2023-08-03T13:43:29","guid":{"rendered":"https:\/\/www.speedmodels.ch\/?post_type=product&#038;p=22506"},"modified":"2026-01-19T12:41:34","modified_gmt":"2026-01-19T12:41:34","slug":"gaine-thermoretractable-12-mm-2-x-500mm","status":"publish","type":"product","link":"https:\/\/www.speedmodels.ch\/fr\/produits\/entrainement-et-accessoires\/accessoires-moteurs-electriques\/gaine-thermoretractable-fr-3\/gaine-thermoretractable-12-mm-2-x-500mm\/","title":{"rendered":"Gaine th\u00e9rmor\u00e9tractable 12 mm \/ 2 x 500mm"},"content":{"rendered":"<p>Gaine th\u00e9rmor\u00e9tractable rouge et noir<\/p>\n<p>\u00d8 12 mm<\/p>\n<p>Longueur 500 mm \/ par couleur<\/p>\n<p>emballage 1set<\/p>\n<div style=\"text-align:left\" class=\"wps-pgfw-pdf-generate-icon__wrapper-frontend\">\n\t\t<a href=\"https:\/\/www.speedmodels.ch\/fr\/wp-json\/wp\/v2\/product\/22506\/?action=genpdf&amp;id=22506\" class=\"pgfw-single-pdf-download-button\" target=_blank><img src=\"https:\/\/speedmodels.ch\/wp-content\/uploads\/2021\/09\/pdf_icon.png\" title=\"G\u00e9n\u00e9rer un PDF\" style=\"width:auto; height:45px;\"><\/a>\n\t\t<\/div>","protected":false},"excerpt":{"rendered":"<p>Gaine th\u00e9rmor\u00e9tractable rouge et noir \u00d8 12 mm Longueur 500 mm \/ par couleur emballage 1set<\/p>\n","protected":false},"featured_media":22479,"template":"","meta":[],"product_brand":[],"product_cat":[1518,1553,1502,1528,1551,1552,1554,1550],"product_tag":[],"class_list":{"0":"post-22506","1":"product","2":"type-product","3":"status-publish","4":"has-post-thumbnail","6":"product_cat-accessoires","7":"product_cat-accessoires-moteurs-electriques","8":"product_cat-cable-prise-interrupteur","9":"product_cat-entrainement-et-accessoires","10":"product_cat-gaine-thermoretractable-fr","11":"product_cat-gaine-thermoretractable-fr-2","12":"product_cat-gaine-thermoretractable-fr-3","13":"product_cat-gaine-thermoretractable","15":"first","16":"instock","17":"shipping-taxable","18":"product-type-simple"},"_links":{"self":[{"href":"https:\/\/www.speedmodels.ch\/fr\/wp-json\/wp\/v2\/product\/22506","targetHints":{"allow":["GET"]}}],"collection":[{"href":"https:\/\/www.speedmodels.ch\/fr\/wp-json\/wp\/v2\/product"}],"about":[{"href":"https:\/\/www.speedmodels.ch\/fr\/wp-json\/wp\/v2\/types\/product"}],"version-history":[{"count":1,"href":"https:\/\/www.speedmodels.ch\/fr\/wp-json\/wp\/v2\/product\/22506\/revisions"}],"predecessor-version":[{"id":32978,"href":"https:\/\/www.speedmodels.ch\/fr\/wp-json\/wp\/v2\/product\/22506\/revisions\/32978"}],"wp:featuredmedia":[{"embeddable":true,"href":"https:\/\/www.speedmodels.ch\/fr\/wp-json\/wp\/v2\/media\/22479"}],"wp:attachment":[{"href":"https:\/\/www.speedmodels.ch\/fr\/wp-json\/wp\/v2\/media?parent=22506"}],"wp:term":[{"taxonomy":"product_brand","embeddable":true,"href":"https:\/\/www.speedmodels.ch\/fr\/wp-json\/wp\/v2\/product_brand?post=22506"},{"taxonomy":"product_cat","embeddable":true,"href":"https:\/\/www.speedmodels.ch\/fr\/wp-json\/wp\/v2\/product_cat?post=22506"},{"taxonomy":"product_tag","embeddable":true,"href":"https:\/\/www.speedmodels.ch\/fr\/wp-json\/wp\/v2\/product_tag?post=22506"}],"curies":[{"name":"wp","href":"https:\/\/api.w.org\/{rel}","templated":true}]}}