{"id":22497,"date":"2023-08-03T12:46:50","date_gmt":"2023-08-03T12:46:50","guid":{"rendered":"https:\/\/www.speedmodels.ch\/produkte\/non%20class\u00e9\/pince-bougie-glo-gun\/"},"modified":"2025-02-20T12:40:33","modified_gmt":"2025-02-20T12:40:33","slug":"pince-bougi-glo-gun","status":"publish","type":"product","link":"https:\/\/www.speedmodels.ch\/fr\/produits\/entrainement-et-accessoires\/accessoires-moteur-thermique\/pince-bougie\/pince-bougi-glo-gun\/","title":{"rendered":"Pince bougie Glo-Gun"},"content":{"rendered":"<p>Pince bougie Glow-Gun avec accu 1200\/1s mont\u00e9. L\u2019affichage de l\u2019\u00e9tat de l\u2019accu se montre sur l&rsquo;\u00e9cran. Convient \u00e0 toutes types de bougies Un c\u00e2ble de charge USB est inclu.<\/p>\n<div style=\"text-align:left\" class=\"wps-pgfw-pdf-generate-icon__wrapper-frontend\">\n\t\t<a href=\"https:\/\/www.speedmodels.ch\/fr\/wp-json\/wp\/v2\/product\/22497\/?action=genpdf&amp;id=22497\" class=\"pgfw-single-pdf-download-button\" target=_blank><img src=\"https:\/\/speedmodels.ch\/wp-content\/uploads\/2021\/09\/pdf_icon.png\" title=\"G\u00e9n\u00e9rer un PDF\" style=\"width:auto; height:45px;\"><\/a>\n\t\t<\/div>","protected":false},"excerpt":{"rendered":"<p>Pince bougie Glow-Gun avec accu 1200\/1s mont\u00e9. L\u2019affichage de l\u2019\u00e9tat de l\u2019accu se montre sur l&rsquo;\u00e9cran. Convient \u00e0 toutes types de bougies Un c\u00e2ble de charge USB est inclu.<\/p>\n","protected":false},"featured_media":22464,"template":"","meta":[],"product_brand":[],"product_cat":[1510,1528,1511],"product_tag":[],"class_list":{"0":"post-22497","1":"product","2":"type-product","3":"status-publish","4":"has-post-thumbnail","6":"product_cat-accessoires-moteur-thermique","7":"product_cat-entrainement-et-accessoires","8":"product_cat-pince-bougie","10":"first","11":"instock","12":"shipping-taxable","13":"product-type-simple"},"_links":{"self":[{"href":"https:\/\/www.speedmodels.ch\/fr\/wp-json\/wp\/v2\/product\/22497","targetHints":{"allow":["GET"]}}],"collection":[{"href":"https:\/\/www.speedmodels.ch\/fr\/wp-json\/wp\/v2\/product"}],"about":[{"href":"https:\/\/www.speedmodels.ch\/fr\/wp-json\/wp\/v2\/types\/product"}],"version-history":[{"count":1,"href":"https:\/\/www.speedmodels.ch\/fr\/wp-json\/wp\/v2\/product\/22497\/revisions"}],"predecessor-version":[{"id":29650,"href":"https:\/\/www.speedmodels.ch\/fr\/wp-json\/wp\/v2\/product\/22497\/revisions\/29650"}],"wp:featuredmedia":[{"embeddable":true,"href":"https:\/\/www.speedmodels.ch\/fr\/wp-json\/wp\/v2\/media\/22464"}],"wp:attachment":[{"href":"https:\/\/www.speedmodels.ch\/fr\/wp-json\/wp\/v2\/media?parent=22497"}],"wp:term":[{"taxonomy":"product_brand","embeddable":true,"href":"https:\/\/www.speedmodels.ch\/fr\/wp-json\/wp\/v2\/product_brand?post=22497"},{"taxonomy":"product_cat","embeddable":true,"href":"https:\/\/www.speedmodels.ch\/fr\/wp-json\/wp\/v2\/product_cat?post=22497"},{"taxonomy":"product_tag","embeddable":true,"href":"https:\/\/www.speedmodels.ch\/fr\/wp-json\/wp\/v2\/product_tag?post=22497"}],"curies":[{"name":"wp","href":"https:\/\/api.w.org\/{rel}","templated":true}]}}