{"id":22494,"date":"2023-08-03T12:57:10","date_gmt":"2023-08-03T12:57:10","guid":{"rendered":"https:\/\/www.speedmodels.ch\/produkte\/non%20class\u00e9\/chargeur-emetteur-recepteur-jr\/"},"modified":"2024-05-31T11:06:10","modified_gmt":"2024-05-31T11:06:10","slug":"chargeur-emetteur-recepteur-jr","status":"publish","type":"product","link":"https:\/\/www.speedmodels.ch\/fr\/produits\/electronique\/chargeurs\/chargeurs-nimh\/chargeur-emetteur-recepteur-jr\/","title":{"rendered":"Chargeur \u00e9metteur \/ r\u00e9cepteur JR"},"content":{"rendered":"<p>Chargeur simple pour charger les accus d\u2019\u00e9mission et r\u00e9ception (NiCd et NiMh). Tension d\u2019alimentation 230 Volt, sortie r\u00e9cepteur (RX) 4,8-6,0V \/ 4-5 cellules et \u00e9metteur (TX) 9,6 Volt (8 cellules). Charge automatique : en premier il charge le r\u00e9cepteur et ensuite l\u2019\u00e9metteur; La sortie est prot\u00e9g\u00e9e par une protection anti-traces et contre les courts-circuits.<\/p>\n<div style=\"text-align:left\" class=\"wps-pgfw-pdf-generate-icon__wrapper-frontend\">\n\t\t<a href=\"https:\/\/www.speedmodels.ch\/fr\/wp-json\/wp\/v2\/product\/22494\/?action=genpdf&amp;id=22494\" class=\"pgfw-single-pdf-download-button\" target=_blank><img src=\"https:\/\/speedmodels.ch\/wp-content\/uploads\/2021\/09\/pdf_icon.png\" title=\"G\u00e9n\u00e9rer un PDF\" style=\"width:auto; height:45px;\"><\/a>\n\t\t<\/div>","protected":false},"excerpt":{"rendered":"<p>Chargeur simple pour charger les accus d\u2019\u00e9mission et r\u00e9ception (NiCd et NiMh). Tension d\u2019alimentation 230 Volt, sortie r\u00e9cepteur (RX) 4,8-6,0V \/ 4-5 cellules et \u00e9metteur (TX) 9,6 Volt (8 cellules). Charge automatique : en premier il charge le r\u00e9cepteur et ensuite l\u2019\u00e9metteur; La sortie est prot\u00e9g\u00e9e par une protection anti-traces et contre les courts-circuits.<\/p>\n","protected":false},"featured_media":22472,"template":"","meta":[],"product_brand":[],"product_cat":[1565,1567,1549],"product_tag":[],"class_list":{"0":"post-22494","1":"product","2":"type-product","3":"status-publish","4":"has-post-thumbnail","6":"product_cat-chargeurs","7":"product_cat-chargeurs-nimh","8":"product_cat-electronique","10":"first","11":"instock","12":"shipping-taxable","13":"product-type-simple"},"_links":{"self":[{"href":"https:\/\/www.speedmodels.ch\/fr\/wp-json\/wp\/v2\/product\/22494","targetHints":{"allow":["GET"]}}],"collection":[{"href":"https:\/\/www.speedmodels.ch\/fr\/wp-json\/wp\/v2\/product"}],"about":[{"href":"https:\/\/www.speedmodels.ch\/fr\/wp-json\/wp\/v2\/types\/product"}],"version-history":[{"count":0,"href":"https:\/\/www.speedmodels.ch\/fr\/wp-json\/wp\/v2\/product\/22494\/revisions"}],"wp:featuredmedia":[{"embeddable":true,"href":"https:\/\/www.speedmodels.ch\/fr\/wp-json\/wp\/v2\/media\/22472"}],"wp:attachment":[{"href":"https:\/\/www.speedmodels.ch\/fr\/wp-json\/wp\/v2\/media?parent=22494"}],"wp:term":[{"taxonomy":"product_brand","embeddable":true,"href":"https:\/\/www.speedmodels.ch\/fr\/wp-json\/wp\/v2\/product_brand?post=22494"},{"taxonomy":"product_cat","embeddable":true,"href":"https:\/\/www.speedmodels.ch\/fr\/wp-json\/wp\/v2\/product_cat?post=22494"},{"taxonomy":"product_tag","embeddable":true,"href":"https:\/\/www.speedmodels.ch\/fr\/wp-json\/wp\/v2\/product_tag?post=22494"}],"curies":[{"name":"wp","href":"https:\/\/api.w.org\/{rel}","templated":true}]}}