{"id":22493,"date":"2023-08-03T13:00:37","date_gmt":"2023-08-03T13:00:37","guid":{"rendered":"https:\/\/www.speedmodels.ch\/produkte\/non%20class\u00e9\/flixx-planeur-electrique\/"},"modified":"2026-03-16T12:17:08","modified_gmt":"2026-03-16T12:17:08","slug":"flixx-planeur-electrique","status":"publish","type":"product","link":"https:\/\/www.speedmodels.ch\/fr\/produits\/modeles\/avions-fr\/modeles-telecommandes\/planeurs-electriques\/flixx-planeur-electrique\/","title":{"rendered":"Flixx planeur \u00e9l\u00e9ctrique"},"content":{"rendered":"<p>Flixx est un mod\u00e8le polyvalent agile qui peut tr\u00e8s bien voler sur les pentes, mais peut \u00e9galement \u00eatre mis \u00e0 niveau sur le plat avec un moteur puissant. Le mod\u00e8le est enti\u00e8rement en bois, l&rsquo;aile en deux parties est construite \u00e0 l&rsquo;aide de nervures. Gr\u00e2ce \u00e0 la grande verri\u00e8re, la batterie de vol peut \u00eatre chang\u00e9e rapidement. Un LiPo 3s LiPo avec 2400mAh est utilis\u00e9.<\/p>\n<p>Le kit contient:<br \/>\ntous les composants en bois grav\u00e9 au laser, petites pi\u00e8ces, liaisons, instructions de construction 3D, gabarit de construction.<\/p>\n<p>Vous avez besoin d&rsquo;un total de 4 servos pour contr\u00f4ler les gouvernails (2 x AN-12-MGBBA No AN-7003-74 et 2 x AN-10L-MGBBD No AN-7003-73).<\/p>\n<div style=\"text-align:left\" class=\"wps-pgfw-pdf-generate-icon__wrapper-frontend\">\n\t\t<a href=\"https:\/\/www.speedmodels.ch\/fr\/wp-json\/wp\/v2\/product\/22493\/?action=genpdf&amp;id=22493\" class=\"pgfw-single-pdf-download-button\" target=_blank><img src=\"https:\/\/speedmodels.ch\/wp-content\/uploads\/2021\/09\/pdf_icon.png\" title=\"G\u00e9n\u00e9rer un PDF\" style=\"width:auto; height:45px;\"><\/a>\n\t\t<\/div>","protected":false},"excerpt":{"rendered":"<p>Flixx est un mod\u00e8le polyvalent agile qui peut tr\u00e8s bien voler sur les pentes, mais peut \u00e9galement \u00eatre mis \u00e0 niveau sur le plat avec un moteur puissant. Le mod\u00e8le est enti\u00e8rement en bois, l&rsquo;aile en deux parties est construite \u00e0 l&rsquo;aide de nervures. Gr\u00e2ce \u00e0 la grande verri\u00e8re, la batterie de vol peut \u00eatre [&hellip;]<\/p>\n","protected":false},"featured_media":22450,"template":"","meta":[],"product_brand":[],"product_cat":[1652,1710,1653,1655],"product_tag":[],"class_list":{"0":"post-22493","1":"product","2":"type-product","3":"status-publish","4":"has-post-thumbnail","6":"product_cat-avions-fr","7":"product_cat-modeles","8":"product_cat-modeles-telecommandes","9":"product_cat-planeurs-electriques","11":"first","12":"instock","13":"shipping-taxable","14":"product-type-simple"},"_links":{"self":[{"href":"https:\/\/www.speedmodels.ch\/fr\/wp-json\/wp\/v2\/product\/22493","targetHints":{"allow":["GET"]}}],"collection":[{"href":"https:\/\/www.speedmodels.ch\/fr\/wp-json\/wp\/v2\/product"}],"about":[{"href":"https:\/\/www.speedmodels.ch\/fr\/wp-json\/wp\/v2\/types\/product"}],"version-history":[{"count":1,"href":"https:\/\/www.speedmodels.ch\/fr\/wp-json\/wp\/v2\/product\/22493\/revisions"}],"predecessor-version":[{"id":33022,"href":"https:\/\/www.speedmodels.ch\/fr\/wp-json\/wp\/v2\/product\/22493\/revisions\/33022"}],"wp:featuredmedia":[{"embeddable":true,"href":"https:\/\/www.speedmodels.ch\/fr\/wp-json\/wp\/v2\/media\/22450"}],"wp:attachment":[{"href":"https:\/\/www.speedmodels.ch\/fr\/wp-json\/wp\/v2\/media?parent=22493"}],"wp:term":[{"taxonomy":"product_brand","embeddable":true,"href":"https:\/\/www.speedmodels.ch\/fr\/wp-json\/wp\/v2\/product_brand?post=22493"},{"taxonomy":"product_cat","embeddable":true,"href":"https:\/\/www.speedmodels.ch\/fr\/wp-json\/wp\/v2\/product_cat?post=22493"},{"taxonomy":"product_tag","embeddable":true,"href":"https:\/\/www.speedmodels.ch\/fr\/wp-json\/wp\/v2\/product_tag?post=22493"}],"curies":[{"name":"wp","href":"https:\/\/api.w.org\/{rel}","templated":true}]}}