{"id":21208,"date":"2021-11-23T13:34:43","date_gmt":"2021-11-23T13:34:43","guid":{"rendered":"https:\/\/www.speedmodels.ch\/produkte\/unkategorisiert\/bateau-explosif-allemand\/"},"modified":"2025-11-03T13:44:42","modified_gmt":"2025-11-03T13:44:42","slug":"bateau-explosif-allemand","status":"publish","type":"product","link":"https:\/\/www.speedmodels.ch\/fr\/produits\/modeles\/bateaux-fr-2\/bateaux-electriques\/bateau-explosif-allemand\/","title":{"rendered":"Bateau explosif allemand"},"content":{"rendered":"<p>R\u00e9plique fid\u00e8le \u00e0 la r\u00e9alit\u00e9 d&rsquo;un bateau explosif de la Seconde Guerre mondiale. Le kit contient des pi\u00e8ces en bois dont certaines sont \u00e0 d\u00e9couper et \u00e0 adapter soi-m\u00eame, ainsi que divers bordages et un plan de construction. Ce kit est recommand\u00e9 pour les mod\u00e9listes exp\u00e9riment\u00e9s.<\/p>\n<div style=\"text-align:left\" class=\"wps-pgfw-pdf-generate-icon__wrapper-frontend\">\n\t\t<a href=\"https:\/\/www.speedmodels.ch\/fr\/wp-json\/wp\/v2\/product\/21208\/?action=genpdf&amp;id=21208\" class=\"pgfw-single-pdf-download-button\" target=_blank><img src=\"https:\/\/speedmodels.ch\/wp-content\/uploads\/2021\/09\/pdf_icon.png\" title=\"G\u00e9n\u00e9rer un PDF\" style=\"width:auto; height:45px;\"><\/a>\n\t\t<\/div>","protected":false},"excerpt":{"rendered":"<p>R\u00e9plique fid\u00e8le \u00e0 la r\u00e9alit\u00e9 d&rsquo;un bateau explosif de la Seconde Guerre mondiale. Le kit contient des pi\u00e8ces en bois dont certaines sont \u00e0 d\u00e9couper et \u00e0 adapter soi-m\u00eame, ainsi que divers bordages et un plan de construction. Ce kit est recommand\u00e9 pour les mod\u00e9listes exp\u00e9riment\u00e9s.<\/p>\n","protected":false},"featured_media":9767,"template":"","meta":[],"product_brand":[],"product_cat":[1713,1714,1710,1851],"product_tag":[],"class_list":{"0":"post-21208","1":"product","2":"type-product","3":"status-publish","4":"has-post-thumbnail","6":"product_cat-bateaux-fr-2","7":"product_cat-bateaux-electriques","8":"product_cat-modeles","9":"product_cat-navires-prototypes","11":"first","12":"instock","13":"shipping-taxable","14":"product-type-simple"},"_links":{"self":[{"href":"https:\/\/www.speedmodels.ch\/fr\/wp-json\/wp\/v2\/product\/21208","targetHints":{"allow":["GET"]}}],"collection":[{"href":"https:\/\/www.speedmodels.ch\/fr\/wp-json\/wp\/v2\/product"}],"about":[{"href":"https:\/\/www.speedmodels.ch\/fr\/wp-json\/wp\/v2\/types\/product"}],"version-history":[{"count":1,"href":"https:\/\/www.speedmodels.ch\/fr\/wp-json\/wp\/v2\/product\/21208\/revisions"}],"predecessor-version":[{"id":32768,"href":"https:\/\/www.speedmodels.ch\/fr\/wp-json\/wp\/v2\/product\/21208\/revisions\/32768"}],"wp:featuredmedia":[{"embeddable":true,"href":"https:\/\/www.speedmodels.ch\/fr\/wp-json\/wp\/v2\/media\/9767"}],"wp:attachment":[{"href":"https:\/\/www.speedmodels.ch\/fr\/wp-json\/wp\/v2\/media?parent=21208"}],"wp:term":[{"taxonomy":"product_brand","embeddable":true,"href":"https:\/\/www.speedmodels.ch\/fr\/wp-json\/wp\/v2\/product_brand?post=21208"},{"taxonomy":"product_cat","embeddable":true,"href":"https:\/\/www.speedmodels.ch\/fr\/wp-json\/wp\/v2\/product_cat?post=21208"},{"taxonomy":"product_tag","embeddable":true,"href":"https:\/\/www.speedmodels.ch\/fr\/wp-json\/wp\/v2\/product_tag?post=21208"}],"curies":[{"name":"wp","href":"https:\/\/api.w.org\/{rel}","templated":true}]}}