{"id":21206,"date":"2021-11-23T09:53:12","date_gmt":"2021-11-23T09:53:12","guid":{"rendered":"https:\/\/www.speedmodels.ch\/produkte\/unkategorisiert\/remorquer-de-vapeur-kalle\/"},"modified":"2021-11-23T09:53:12","modified_gmt":"2021-11-23T09:53:12","slug":"remorquer-de-vapeur-kalle","status":"publish","type":"product","link":"https:\/\/www.speedmodels.ch\/fr\/produits\/modeles\/bateaux-fr-2\/bateaux-electriques\/remorquer-de-vapeur-kalle\/","title":{"rendered":"Remorquer de vapeur Kalle"},"content":{"rendered":"<p>Le remorqueur \u00e0 vapeur Kalle est bas\u00e9 sur l&rsquo;ancien exemple d&rsquo;un remorqueur \u00e0 vapeur avec les caract\u00e9ristiques essentielles et utilisant des raccords de haute qualit\u00e9. Le mod\u00e8le est con\u00e7u pour \u00eatre entra\u00een\u00e9 par un moteur \u00e9lectrique et pr\u00e9sente de bonnes caract\u00e9ristiques de conduite typiques lors de l&rsquo;utilisation d&rsquo;un r\u00e9gulateur de vitesse \u00e9lectronique. La r\u00e9plique r\u00e9aliste et d\u00e9taill\u00e9e a \u00e9t\u00e9 obtenue gr\u00e2ce \u00e0 la combinaison de pi\u00e8ces en plastique et en bois largement pr\u00e9fabriqu\u00e9es. La coque g\u00e9n\u00e9reusement con\u00e7ue offre suffisamment d&rsquo;espace pour l&rsquo;installation du moteur, de la t\u00e9l\u00e9commande et de la batterie. Les composants int\u00e9gr\u00e9s sont facilement accessibles en retirant simplement la superstructure. Avec le mod\u00e8le Kalle, vous \u00eates s\u00fbr d&rsquo;attirer l&rsquo;attention de tous les athl\u00e8tes et spectateurs mod\u00e8les sur n&rsquo;importe quel plan d&rsquo;eau.<br \/>\n\u00e9chelle: 1:33<\/p>\n<div style=\"text-align:left\" class=\"wps-pgfw-pdf-generate-icon__wrapper-frontend\">\n\t\t<a href=\"https:\/\/www.speedmodels.ch\/fr\/wp-json\/wp\/v2\/product\/21206\/?action=genpdf&amp;id=21206\" class=\"pgfw-single-pdf-download-button\" target=_blank><img src=\"https:\/\/speedmodels.ch\/wp-content\/uploads\/2021\/09\/pdf_icon.png\" title=\"G\u00e9n\u00e9rer un PDF\" style=\"width:auto; height:45px;\"><\/a>\n\t\t<\/div>","protected":false},"excerpt":{"rendered":"<p>Le remorqueur \u00e0 vapeur Kalle est bas\u00e9 sur l&rsquo;ancien exemple d&rsquo;un remorqueur \u00e0 vapeur avec les caract\u00e9ristiques essentielles et utilisant des raccords de haute qualit\u00e9. Le mod\u00e8le est con\u00e7u pour \u00eatre entra\u00een\u00e9 par un moteur \u00e9lectrique et pr\u00e9sente de bonnes caract\u00e9ristiques de conduite typiques lors de l&rsquo;utilisation d&rsquo;un r\u00e9gulateur de vitesse \u00e9lectronique. La r\u00e9plique r\u00e9aliste [&hellip;]<\/p>\n","protected":false},"featured_media":9726,"template":"","meta":[],"product_brand":[],"product_cat":[1713,1714,1715,1710],"product_tag":[],"class_list":{"0":"post-21206","1":"product","2":"type-product","3":"status-publish","4":"has-post-thumbnail","6":"product_cat-bateaux-fr-2","7":"product_cat-bateaux-electriques","8":"product_cat-bateaux-prototypiques","9":"product_cat-modeles","11":"first","12":"instock","13":"shipping-taxable","14":"product-type-simple"},"_links":{"self":[{"href":"https:\/\/www.speedmodels.ch\/fr\/wp-json\/wp\/v2\/product\/21206","targetHints":{"allow":["GET"]}}],"collection":[{"href":"https:\/\/www.speedmodels.ch\/fr\/wp-json\/wp\/v2\/product"}],"about":[{"href":"https:\/\/www.speedmodels.ch\/fr\/wp-json\/wp\/v2\/types\/product"}],"version-history":[{"count":0,"href":"https:\/\/www.speedmodels.ch\/fr\/wp-json\/wp\/v2\/product\/21206\/revisions"}],"wp:featuredmedia":[{"embeddable":true,"href":"https:\/\/www.speedmodels.ch\/fr\/wp-json\/wp\/v2\/media\/9726"}],"wp:attachment":[{"href":"https:\/\/www.speedmodels.ch\/fr\/wp-json\/wp\/v2\/media?parent=21206"}],"wp:term":[{"taxonomy":"product_brand","embeddable":true,"href":"https:\/\/www.speedmodels.ch\/fr\/wp-json\/wp\/v2\/product_brand?post=21206"},{"taxonomy":"product_cat","embeddable":true,"href":"https:\/\/www.speedmodels.ch\/fr\/wp-json\/wp\/v2\/product_cat?post=21206"},{"taxonomy":"product_tag","embeddable":true,"href":"https:\/\/www.speedmodels.ch\/fr\/wp-json\/wp\/v2\/product_tag?post=21206"}],"curies":[{"name":"wp","href":"https:\/\/api.w.org\/{rel}","templated":true}]}}