{"id":21205,"date":"2021-11-23T09:58:28","date_gmt":"2021-11-23T09:58:28","guid":{"rendered":"https:\/\/www.speedmodels.ch\/produkte\/unkategorisiert\/airmarine-special\/"},"modified":"2021-11-23T09:58:28","modified_gmt":"2021-11-23T09:58:28","slug":"airmarine-special","status":"publish","type":"product","link":"https:\/\/www.speedmodels.ch\/fr\/produits\/modeles\/bateaux-fr-2\/bateaux-electriques\/airmarine-special\/","title":{"rendered":"Airmarine Special"},"content":{"rendered":"<p>Avec l&rsquo;Airmarine Special auto-construit, Joe Michelini a remport\u00e9 le titre dans la \u00ab\u00a0APBA Class F\u00a0\u00bb en 1958. Avec plus de 25 ans d&rsquo;exp\u00e9rience dans la construction de bateaux, il a d\u00e9velopp\u00e9 une coque sp\u00e9ciale qui a fait de l&rsquo;Airmarine Special un bateau de course tr\u00e8s stable pour les vitesses de plus de 110 km\/h en voiture. Un nouveau b\u00e2timent et un plaisir de conduite pour les pilotes de bateaux de course ne sont qu&rsquo;\u00e0 quelques heures de construction. Avec la livraison de l&rsquo;Airmarine Special, nous ne faisons qu&rsquo;\u00e9largir la gamme de bateaux de course disponibles en stock. Nous avons construit ce magnifique bateau de course \u00e0 l&rsquo;\u00e9chelle 1:5,2. Le mod\u00e8le est enti\u00e8rement r\u00e9alis\u00e9 en contreplaqu\u00e9 d&rsquo;acajou et de bouleau. Le cockpit et l&#8217;empennage sont recouverts d&rsquo;Oratex, qui est inclus dans le kit. La construction est r\u00e9alis\u00e9e avec la technologie \u00e9prouv\u00e9e sur la cale a\u00e9ro-naute, qui garantit une construction pr\u00e9cise et simple gr\u00e2ce aux gabarits pr\u00e9d\u00e9coup\u00e9s. De cette mani\u00e8re, le fuselage peut \u00eatre construit rapidement et sans distorsion. Un placage d&rsquo;acajou noble assure l&rsquo;aspect \u00e9l\u00e9gant, car toute la surface de la coque est recouverte de bois pr\u00e9cieux. La technologie est cach\u00e9e sous le cockpit g\u00e9n\u00e9reusement dimensionn\u00e9 &#8211; avec 2 x 3s Lipo, une conduite rapide est garantie.<\/p>\n<p>L&rsquo;Aqua-Race Retro (n\u00b0 de commande 7005\/05) propos\u00e9 par aero-naut est un moteur hors-bord adapt\u00e9. Un bel ensemble de pi\u00e8ces grav\u00e9es compl\u00e8te l&rsquo;apparence. Par exemple, la signature sur la nageoire caudale est constitu\u00e9e de lettres argent\u00e9es allemandes en relief.<\/p>\n<p>Le kit contient : Notice de montage d\u00e9taill\u00e9e et abondamment illustr\u00e9e, toutes les pi\u00e8ces en acajou, pin et contreplaqu\u00e9 d\u00e9coup\u00e9es au laser, Oratex pour le rev\u00eatement, les ferrures, les pi\u00e8ces grav\u00e9es en maillechort et un gabarit Depron. La figurine pilote et le moteur hors-bord ne sont pas inclus dans le kit. Le moteur hors-bord a le num\u00e9ro de commande 7005\/05 disponible comme accessoire.<\/p>\n<div style=\"text-align:left\" class=\"wps-pgfw-pdf-generate-icon__wrapper-frontend\">\n\t\t<a href=\"https:\/\/www.speedmodels.ch\/fr\/wp-json\/wp\/v2\/product\/21205\/?action=genpdf&amp;id=21205\" class=\"pgfw-single-pdf-download-button\" target=_blank><img src=\"https:\/\/speedmodels.ch\/wp-content\/uploads\/2021\/09\/pdf_icon.png\" title=\"G\u00e9n\u00e9rer un PDF\" style=\"width:auto; height:45px;\"><\/a>\n\t\t<\/div>","protected":false},"excerpt":{"rendered":"<p>Avec l&rsquo;Airmarine Special auto-construit, Joe Michelini a remport\u00e9 le titre dans la \u00ab\u00a0APBA Class F\u00a0\u00bb en 1958. Avec plus de 25 ans d&rsquo;exp\u00e9rience dans la construction de bateaux, il a d\u00e9velopp\u00e9 une coque sp\u00e9ciale qui a fait de l&rsquo;Airmarine Special un bateau de course tr\u00e8s stable pour les vitesses de plus de 110 km\/h en [&hellip;]<\/p>\n","protected":false},"featured_media":9727,"template":"","meta":[],"product_brand":[],"product_cat":[1713,1714,1710,1851],"product_tag":[],"class_list":{"0":"post-21205","1":"product","2":"type-product","3":"status-publish","4":"has-post-thumbnail","6":"product_cat-bateaux-fr-2","7":"product_cat-bateaux-electriques","8":"product_cat-modeles","9":"product_cat-navires-prototypes","11":"first","12":"instock","13":"shipping-taxable","14":"product-type-simple"},"_links":{"self":[{"href":"https:\/\/www.speedmodels.ch\/fr\/wp-json\/wp\/v2\/product\/21205","targetHints":{"allow":["GET"]}}],"collection":[{"href":"https:\/\/www.speedmodels.ch\/fr\/wp-json\/wp\/v2\/product"}],"about":[{"href":"https:\/\/www.speedmodels.ch\/fr\/wp-json\/wp\/v2\/types\/product"}],"version-history":[{"count":0,"href":"https:\/\/www.speedmodels.ch\/fr\/wp-json\/wp\/v2\/product\/21205\/revisions"}],"wp:featuredmedia":[{"embeddable":true,"href":"https:\/\/www.speedmodels.ch\/fr\/wp-json\/wp\/v2\/media\/9727"}],"wp:attachment":[{"href":"https:\/\/www.speedmodels.ch\/fr\/wp-json\/wp\/v2\/media?parent=21205"}],"wp:term":[{"taxonomy":"product_brand","embeddable":true,"href":"https:\/\/www.speedmodels.ch\/fr\/wp-json\/wp\/v2\/product_brand?post=21205"},{"taxonomy":"product_cat","embeddable":true,"href":"https:\/\/www.speedmodels.ch\/fr\/wp-json\/wp\/v2\/product_cat?post=21205"},{"taxonomy":"product_tag","embeddable":true,"href":"https:\/\/www.speedmodels.ch\/fr\/wp-json\/wp\/v2\/product_tag?post=21205"}],"curies":[{"name":"wp","href":"https:\/\/api.w.org\/{rel}","templated":true}]}}