{"id":21204,"date":"2021-11-23T10:17:46","date_gmt":"2021-11-23T10:17:46","guid":{"rendered":"https:\/\/www.speedmodels.ch\/produkte\/unkategorisiert\/rx-3-kit-de-contruction\/"},"modified":"2023-08-17T13:00:38","modified_gmt":"2023-08-17T13:00:38","slug":"rx-3-kit","status":"publish","type":"product","link":"https:\/\/www.speedmodels.ch\/fr\/produits\/modeles\/bateaux-fr-2\/bateaux-electriques\/rx-3-kit\/","title":{"rendered":"RX-3 Hydroplane kit"},"content":{"rendered":"<p>Le RX-3 est un hydravion hors-bord, propuls\u00e9 par un Mercury Mark 75 \u00e0 6 cylindres de 60 ch, avec lequel Hugh Entrop a \u00e9tabli un record de vitesse d&rsquo;environ 200 km\/h dans l&rsquo;International CLASS X de 1958. Notre mod\u00e8le est une r\u00e9plique semi-maquette dont la coque et le capot sont en fibre de verre \u00e9poxy. Les planches de pont en placage d&rsquo;acajou sont d\u00e9coup\u00e9es au laser avec pr\u00e9cision. Les composants internes des supports de servo, etc. sont \u00e9galement d\u00e9coup\u00e9s au laser. Un ensemble de pi\u00e8ces grav\u00e9es am\u00e9liore encore le mod\u00e8le. Avec une batterie Lipo 3S, le mod\u00e8le peut atteindre des vitesses allant jusqu&rsquo;\u00e0 55 km\/h.<\/p>\n<p>Le kit contient : coque et capot GfK de couleur blanche, pi\u00e8ces en bois d\u00e9coup\u00e9es au laser pour le rev\u00eatement de pont et diverses installations, planche de d\u00e9calcomanies, petites pi\u00e8ces pour la liaison et l&rsquo;expansion.<\/p>\n<p>Pour naviger il vous faut:<br \/>\nmoteur hors bord (p.e. 7005\/05 moteur hors bord Retro)<br \/>\nvariateur 60A<br \/>\nAccu 3S Lipo 4.000-5.000 mAh<\/p>\n<div style=\"text-align:left\" class=\"wps-pgfw-pdf-generate-icon__wrapper-frontend\">\n\t\t<a href=\"https:\/\/www.speedmodels.ch\/fr\/wp-json\/wp\/v2\/product\/21204\/?action=genpdf&amp;id=21204\" class=\"pgfw-single-pdf-download-button\" target=_blank><img src=\"https:\/\/speedmodels.ch\/wp-content\/uploads\/2021\/09\/pdf_icon.png\" title=\"G\u00e9n\u00e9rer un PDF\" style=\"width:auto; height:45px;\"><\/a>\n\t\t<\/div>","protected":false},"excerpt":{"rendered":"<p>Le RX-3 est un hydravion hors-bord, propuls\u00e9 par un Mercury Mark 75 \u00e0 6 cylindres de 60 ch, avec lequel Hugh Entrop a \u00e9tabli un record de vitesse d&rsquo;environ 200 km\/h dans l&rsquo;International CLASS X de 1958. Notre mod\u00e8le est une r\u00e9plique semi-maquette dont la coque et le capot sont en fibre de verre \u00e9poxy. [&hellip;]<\/p>\n","protected":false},"featured_media":9732,"template":"","meta":[],"product_brand":[],"product_cat":[1713,1714,1851],"product_tag":[],"class_list":{"0":"post-21204","1":"product","2":"type-product","3":"status-publish","4":"has-post-thumbnail","6":"product_cat-bateaux-fr-2","7":"product_cat-bateaux-electriques","8":"product_cat-navires-prototypes","10":"first","11":"instock","12":"shipping-taxable","13":"product-type-simple"},"_links":{"self":[{"href":"https:\/\/www.speedmodels.ch\/fr\/wp-json\/wp\/v2\/product\/21204","targetHints":{"allow":["GET"]}}],"collection":[{"href":"https:\/\/www.speedmodels.ch\/fr\/wp-json\/wp\/v2\/product"}],"about":[{"href":"https:\/\/www.speedmodels.ch\/fr\/wp-json\/wp\/v2\/types\/product"}],"version-history":[{"count":0,"href":"https:\/\/www.speedmodels.ch\/fr\/wp-json\/wp\/v2\/product\/21204\/revisions"}],"wp:featuredmedia":[{"embeddable":true,"href":"https:\/\/www.speedmodels.ch\/fr\/wp-json\/wp\/v2\/media\/9732"}],"wp:attachment":[{"href":"https:\/\/www.speedmodels.ch\/fr\/wp-json\/wp\/v2\/media?parent=21204"}],"wp:term":[{"taxonomy":"product_brand","embeddable":true,"href":"https:\/\/www.speedmodels.ch\/fr\/wp-json\/wp\/v2\/product_brand?post=21204"},{"taxonomy":"product_cat","embeddable":true,"href":"https:\/\/www.speedmodels.ch\/fr\/wp-json\/wp\/v2\/product_cat?post=21204"},{"taxonomy":"product_tag","embeddable":true,"href":"https:\/\/www.speedmodels.ch\/fr\/wp-json\/wp\/v2\/product_tag?post=21204"}],"curies":[{"name":"wp","href":"https:\/\/api.w.org\/{rel}","templated":true}]}}