{"id":21203,"date":"2021-11-23T10:32:14","date_gmt":"2021-11-23T10:32:14","guid":{"rendered":"https:\/\/www.speedmodels.ch\/produkte\/unkategorisiert\/bateau-de-peche-jule\/"},"modified":"2021-11-23T10:32:14","modified_gmt":"2021-11-23T10:32:14","slug":"bateau-de-peche-jule","status":"publish","type":"product","link":"https:\/\/www.speedmodels.ch\/fr\/produits\/modeles\/bateaux-fr-2\/bateaux-electriques\/bateau-de-peche-jule\/","title":{"rendered":"Bateau de p\u00eache Jule"},"content":{"rendered":"<p>Le mod\u00e8le a une coque \u00e9labor\u00e9e, qui donne au Jule une image de conduite fid\u00e8le \u00e0 l&rsquo;original, m\u00eame par mer agit\u00e9e. Le cotre de p\u00eache a \u00e9t\u00e9 calqu\u00e9 sur un original du genre que l&rsquo;on trouve \u00e9galement sur la mer du Nord et la mer Baltique. Jule impressionne par un tr\u00e8s haut niveau de d\u00e9tail. L&rsquo;ensemble de pi\u00e8ces grav\u00e9es ci-joint contient non seulement quelques raccords, mais \u00e9galement la zone compl\u00e8te de capture et de traitement ult\u00e9rieur du pont. En plus d&rsquo;une cuisini\u00e8re pour un d\u00e9jeuner fra\u00eechement p\u00each\u00e9, il existe \u00e9galement de nombreuses lampes et lanternes qui encouragent une extension optionnelle avec des LED. Cerise sur le g\u00e2teau, le phare principal est enti\u00e8rement contr\u00f4lable et peut pivoter \u00e0 360\u00b0 \u00e0 l&rsquo;aide d&rsquo;un treuil. Rien ne s&rsquo;oppose donc \u00e0 une prise r\u00e9ussie \u00e0 l&rsquo;aube. Le point culminant du mod\u00e8le, cependant, sont les filets de s\u00e9curit\u00e9.<\/p>\n<p>L&rsquo;appareil de capture complet peut \u00eatre rendu enti\u00e8rement fonctionnel en installant des treuils \u00e0 voile. Les filets peuvent \u00eatre abaiss\u00e9s et r\u00e9cup\u00e9r\u00e9s pendant la conduite.  Le kit est fabriqu\u00e9 \u00e0 l&rsquo;aide de la technologie laser \u00e9prouv\u00e9e d&rsquo;aero-naut, qui garantit que les pi\u00e8ces individuelles s&rsquo;adaptent tr\u00e8s pr\u00e9cis\u00e9ment.  Jule est r\u00e9alis\u00e9e presque enti\u00e8rement en bois et rehauss\u00e9e encore plus d&rsquo;acajou noble. Des instructions de construction d\u00e9taill\u00e9es avec de nombreuses images de l&rsquo;\u00e9tape de construction garantissent un montage rapide et facile du mod\u00e8le.<\/p>\n<p>Le kit contient:<br \/>\nToutes les pi\u00e8ces en contreplaqu\u00e9 d\u00e9coup\u00e9es au laser n\u00e9cessaires \u00e0 la construction, les pi\u00e8ces en acajou ainsi que les disques, le Depronhelling, les raccords, l&rsquo;arbre du navire, le gouvernail et le support. La timonerie est compl\u00e8tement agrandie. L&rsquo;ensemble complexe de pi\u00e8ces grav\u00e9es en maillechort, \u00e9galement inclus dans le kit, comprend des phares, un tamis vibrant, une cuisini\u00e8re, un syst\u00e8me de tri et bien plus encore.  Un vaste ensemble de raccords en pi\u00e8ces de m\u00e9tal coul\u00e9 am\u00e9liore encore plus le somptueux \u00e9quipement.<br \/>\nLe mod\u00e8le peut \u00eatre \u00e9quip\u00e9 de nombreuses autres fonctions sp\u00e9ciales. Pour une extension avec des fonctions d&rsquo;\u00e9clairage, nous recommandons le module d&rsquo;\u00e9clairage EasyLight (n\u00b0 de commande 7019\/03).<br \/>\n\u00e9chelle: 1:25<\/p>\n<div style=\"text-align:left\" class=\"wps-pgfw-pdf-generate-icon__wrapper-frontend\">\n\t\t<a href=\"https:\/\/www.speedmodels.ch\/fr\/wp-json\/wp\/v2\/product\/21203\/?action=genpdf&amp;id=21203\" class=\"pgfw-single-pdf-download-button\" target=_blank><img src=\"https:\/\/speedmodels.ch\/wp-content\/uploads\/2021\/09\/pdf_icon.png\" title=\"G\u00e9n\u00e9rer un PDF\" style=\"width:auto; height:45px;\"><\/a>\n\t\t<\/div>","protected":false},"excerpt":{"rendered":"<p>Le mod\u00e8le a une coque \u00e9labor\u00e9e, qui donne au Jule une image de conduite fid\u00e8le \u00e0 l&rsquo;original, m\u00eame par mer agit\u00e9e. Le cotre de p\u00eache a \u00e9t\u00e9 calqu\u00e9 sur un original du genre que l&rsquo;on trouve \u00e9galement sur la mer du Nord et la mer Baltique. Jule impressionne par un tr\u00e8s haut niveau de d\u00e9tail. [&hellip;]<\/p>\n","protected":false},"featured_media":9738,"template":"","meta":[],"product_brand":[],"product_cat":[1713,1714,1715,1710],"product_tag":[],"class_list":{"0":"post-21203","1":"product","2":"type-product","3":"status-publish","4":"has-post-thumbnail","6":"product_cat-bateaux-fr-2","7":"product_cat-bateaux-electriques","8":"product_cat-bateaux-prototypiques","9":"product_cat-modeles","11":"first","12":"instock","13":"shipping-taxable","14":"product-type-simple"},"_links":{"self":[{"href":"https:\/\/www.speedmodels.ch\/fr\/wp-json\/wp\/v2\/product\/21203","targetHints":{"allow":["GET"]}}],"collection":[{"href":"https:\/\/www.speedmodels.ch\/fr\/wp-json\/wp\/v2\/product"}],"about":[{"href":"https:\/\/www.speedmodels.ch\/fr\/wp-json\/wp\/v2\/types\/product"}],"version-history":[{"count":0,"href":"https:\/\/www.speedmodels.ch\/fr\/wp-json\/wp\/v2\/product\/21203\/revisions"}],"wp:featuredmedia":[{"embeddable":true,"href":"https:\/\/www.speedmodels.ch\/fr\/wp-json\/wp\/v2\/media\/9738"}],"wp:attachment":[{"href":"https:\/\/www.speedmodels.ch\/fr\/wp-json\/wp\/v2\/media?parent=21203"}],"wp:term":[{"taxonomy":"product_brand","embeddable":true,"href":"https:\/\/www.speedmodels.ch\/fr\/wp-json\/wp\/v2\/product_brand?post=21203"},{"taxonomy":"product_cat","embeddable":true,"href":"https:\/\/www.speedmodels.ch\/fr\/wp-json\/wp\/v2\/product_cat?post=21203"},{"taxonomy":"product_tag","embeddable":true,"href":"https:\/\/www.speedmodels.ch\/fr\/wp-json\/wp\/v2\/product_tag?post=21203"}],"curies":[{"name":"wp","href":"https:\/\/api.w.org\/{rel}","templated":true}]}}