{"id":21201,"date":"2021-11-23T09:50:29","date_gmt":"2021-11-23T09:50:29","guid":{"rendered":"https:\/\/www.speedmodels.ch\/produkte\/unkategorisiert\/remorqueur-portuaire-torben\/"},"modified":"2021-11-23T09:50:29","modified_gmt":"2021-11-23T09:50:29","slug":"remorqueur-portuaire-torben","status":"publish","type":"product","link":"https:\/\/www.speedmodels.ch\/fr\/produits\/modeles\/bateaux-fr-2\/bateaux-electriques\/remorqueur-portuaire-torben\/","title":{"rendered":"Remorqueur portuaire Torben"},"content":{"rendered":"<p>Torben est une r\u00e9plique \u00e0 l&rsquo;\u00e9chelle d&rsquo;un remorqueur portuaire et contient toutes les caract\u00e9ristiques essentielles de l&rsquo;original. Enti\u00e8rement construit, ce mod\u00e8le captive chaque mod\u00e9liste en raison de ses nombreuses pi\u00e8ces individuelles d\u00e9taill\u00e9es. La coque spacieuse offre suffisamment d&rsquo;espace pour la t\u00e9l\u00e9commande, la conduite et les fonctions sp\u00e9ciales.<\/p>\n<p>Le kit d&rsquo;accastillage 3031\/01 est n\u00e9cessaire s\u00e9par\u00e9ment.<\/p>\n<div style=\"text-align:left\" class=\"wps-pgfw-pdf-generate-icon__wrapper-frontend\">\n\t\t<a href=\"https:\/\/www.speedmodels.ch\/fr\/wp-json\/wp\/v2\/product\/21201\/?action=genpdf&amp;id=21201\" class=\"pgfw-single-pdf-download-button\" target=_blank><img src=\"https:\/\/speedmodels.ch\/wp-content\/uploads\/2021\/09\/pdf_icon.png\" title=\"G\u00e9n\u00e9rer un PDF\" style=\"width:auto; height:45px;\"><\/a>\n\t\t<\/div>","protected":false},"excerpt":{"rendered":"<p>Torben est une r\u00e9plique \u00e0 l&rsquo;\u00e9chelle d&rsquo;un remorqueur portuaire et contient toutes les caract\u00e9ristiques essentielles de l&rsquo;original. Enti\u00e8rement construit, ce mod\u00e8le captive chaque mod\u00e9liste en raison de ses nombreuses pi\u00e8ces individuelles d\u00e9taill\u00e9es. La coque spacieuse offre suffisamment d&rsquo;espace pour la t\u00e9l\u00e9commande, la conduite et les fonctions sp\u00e9ciales. Le kit d&rsquo;accastillage 3031\/01 est n\u00e9cessaire s\u00e9par\u00e9ment.<\/p>\n","protected":false},"featured_media":9724,"template":"","meta":[],"product_brand":[],"product_cat":[1713,1714,1715,1710],"product_tag":[],"class_list":{"0":"post-21201","1":"product","2":"type-product","3":"status-publish","4":"has-post-thumbnail","6":"product_cat-bateaux-fr-2","7":"product_cat-bateaux-electriques","8":"product_cat-bateaux-prototypiques","9":"product_cat-modeles","11":"first","12":"instock","13":"shipping-taxable","14":"product-type-simple"},"_links":{"self":[{"href":"https:\/\/www.speedmodels.ch\/fr\/wp-json\/wp\/v2\/product\/21201","targetHints":{"allow":["GET"]}}],"collection":[{"href":"https:\/\/www.speedmodels.ch\/fr\/wp-json\/wp\/v2\/product"}],"about":[{"href":"https:\/\/www.speedmodels.ch\/fr\/wp-json\/wp\/v2\/types\/product"}],"version-history":[{"count":0,"href":"https:\/\/www.speedmodels.ch\/fr\/wp-json\/wp\/v2\/product\/21201\/revisions"}],"wp:featuredmedia":[{"embeddable":true,"href":"https:\/\/www.speedmodels.ch\/fr\/wp-json\/wp\/v2\/media\/9724"}],"wp:attachment":[{"href":"https:\/\/www.speedmodels.ch\/fr\/wp-json\/wp\/v2\/media?parent=21201"}],"wp:term":[{"taxonomy":"product_brand","embeddable":true,"href":"https:\/\/www.speedmodels.ch\/fr\/wp-json\/wp\/v2\/product_brand?post=21201"},{"taxonomy":"product_cat","embeddable":true,"href":"https:\/\/www.speedmodels.ch\/fr\/wp-json\/wp\/v2\/product_cat?post=21201"},{"taxonomy":"product_tag","embeddable":true,"href":"https:\/\/www.speedmodels.ch\/fr\/wp-json\/wp\/v2\/product_tag?post=21201"}],"curies":[{"name":"wp","href":"https:\/\/api.w.org\/{rel}","templated":true}]}}