{"id":21198,"date":"2021-11-23T09:44:52","date_gmt":"2021-11-23T09:44:52","guid":{"rendered":"https:\/\/www.speedmodels.ch\/produkte\/unkategorisiert\/remorqueur-portuaire-jonny\/"},"modified":"2023-05-11T11:03:08","modified_gmt":"2023-05-11T11:03:08","slug":"remorqueur-portuaire-jonny","status":"publish","type":"product","link":"https:\/\/www.speedmodels.ch\/fr\/produits\/modeles\/bateaux-fr-2\/bateaux-electriques\/remorqueur-portuaire-jonny\/","title":{"rendered":"Remorqueur portuaire Jonny"},"content":{"rendered":"<p>Jonny est un mod\u00e8le fonctionnel qui apportera beaucoup de joie \u00e0 chaque mod\u00e9liste. Les mod\u00e8les sont des remorqueurs portuaires modernes. Le kit impressionne par des mat\u00e9riaux de tr\u00e8s haute qualit\u00e9 et r\u00e9compense par un r\u00e9sultat parfait.  Le fuselage volumineux est en GfK, toutes les positions des ouvertures du fuselage sont moul\u00e9es. Le mod\u00e8le est livr\u00e9 avec 2 transmissions par arbre et 2 gouvernails, une buse Kort peut \u00eatre install\u00e9e ult\u00e9rieurement. L&rsquo;entra\u00eenement est \u00e9galement possible avec un entra\u00eenement Schottel, pour l&rsquo;installation duquel les instructions de montage fournissent des informations appropri\u00e9es. Toutes les pi\u00e8ces pour l&rsquo;expansion avec un rouleau arri\u00e8re sont incluses, de sorte qu&rsquo;une variante peut \u00e9galement \u00eatre construite comme remorqueur offshore. Le pont de travail est recouvert de bois d\u00e9coup\u00e9 au laser. Le mobilier de la timonerie est inclus pour un agrandissement individuel. Les deux moniteurs d&rsquo;incendie sont fonctionnels et rotatifs. La structure du pont est en ABS. Toutes les pi\u00e8ces sont grav\u00e9es au laser avec pr\u00e9cision et sont facilement assembl\u00e9es \u00e0 l&rsquo;aide des instructions de montage bien connues dans le style a\u00e9ronaute avec de nombreux dessins d&rsquo;\u00e9tape de construction en 3D. Le kit contient de nombreuses pi\u00e8ces mobiles et fonctionnelles telles que le treuil de remorquage, le treuil d&rsquo;arr\u00eat, le moniteur d&rsquo;incendie, le phare et plus encore. Jonny est livr\u00e9 avec un vaste ensemble de pi\u00e8ces grav\u00e9es en maillechort avec plus de 100 pi\u00e8ces grav\u00e9es, ce qui fait du mod\u00e8le un v\u00e9ritable bijou. Le mod\u00e8le peut \u00eatre encore \u00e9largi selon vos propres id\u00e9es. Les corps de lampe inclus peuvent \u00e9ventuellement \u00eatre \u00e9quip\u00e9s de LED, de sorte que le mod\u00e8le puisse \u00eatre encore \u00e9largi avec des fonctions d&rsquo;\u00e9clairage.<\/p>\n<p>Le kit de mod\u00e8le contient: une coque GfK avec des bandes de frottement moul\u00e9es, des pi\u00e8ces d\u00e9coup\u00e9es au laser en bois, ABS et Vivak, un ensemble de pi\u00e8ces grav\u00e9es avec plus de 100 pi\u00e8ces grav\u00e9es, un ensemble complet d&rsquo;accessoires comprenant un moniteur d&rsquo;incendie, un treuil de remorquage, des treuils d&rsquo;arr\u00eat, un corps de lampe pour plus expansion, deux puits de navire, instructions de montage 3D d\u00e9taill\u00e9es.<\/p>\n<p>\u00e9chelle: 1:32<br \/>\nprofondeur: 110mm<\/p>\n<p>entrainment recommand\u00e9 (non inclus dans le kit):<br \/>\n2 x moteur Race 720navy no de commande 7000\/49<br \/>\n2 x variateur Multi 25 no de commande 7019\/71<br \/>\n1 x accu au plomp 12V \/ 7,2Ah no de commande 7449\/06<br \/>\n1 x h\u00e9lice 60mm droite no de commande RAB-174\/13<br \/>\n1 x h\u00e9lice 60mm gauche no de commande RAB-174\/14<br \/>\n2 x cardans \u00e9lastiques no de commande 7035\/60<br \/>\n2 x cardans \u00e9lastiques no de commande 7035\/66<br \/>\n2 x cardans \u00e9lastiques no de commande 7035\/67<\/p>\n<div style=\"text-align:left\" class=\"wps-pgfw-pdf-generate-icon__wrapper-frontend\">\n\t\t<a href=\"https:\/\/www.speedmodels.ch\/fr\/wp-json\/wp\/v2\/product\/21198\/?action=genpdf&amp;id=21198\" class=\"pgfw-single-pdf-download-button\" target=_blank><img src=\"https:\/\/speedmodels.ch\/wp-content\/uploads\/2021\/09\/pdf_icon.png\" title=\"G\u00e9n\u00e9rer un PDF\" style=\"width:auto; height:45px;\"><\/a>\n\t\t<\/div>","protected":false},"excerpt":{"rendered":"<p>Jonny est un mod\u00e8le fonctionnel qui apportera beaucoup de joie \u00e0 chaque mod\u00e9liste. Les mod\u00e8les sont des remorqueurs portuaires modernes. Le kit impressionne par des mat\u00e9riaux de tr\u00e8s haute qualit\u00e9 et r\u00e9compense par un r\u00e9sultat parfait. Le fuselage volumineux est en GfK, toutes les positions des ouvertures du fuselage sont moul\u00e9es. Le mod\u00e8le est livr\u00e9 [&hellip;]<\/p>\n","protected":false},"featured_media":9719,"template":"","meta":[],"product_brand":[],"product_cat":[1713,1714,1715,1710],"product_tag":[],"class_list":{"0":"post-21198","1":"product","2":"type-product","3":"status-publish","4":"has-post-thumbnail","6":"product_cat-bateaux-fr-2","7":"product_cat-bateaux-electriques","8":"product_cat-bateaux-prototypiques","9":"product_cat-modeles","11":"first","12":"instock","13":"shipping-taxable","14":"product-type-simple"},"_links":{"self":[{"href":"https:\/\/www.speedmodels.ch\/fr\/wp-json\/wp\/v2\/product\/21198","targetHints":{"allow":["GET"]}}],"collection":[{"href":"https:\/\/www.speedmodels.ch\/fr\/wp-json\/wp\/v2\/product"}],"about":[{"href":"https:\/\/www.speedmodels.ch\/fr\/wp-json\/wp\/v2\/types\/product"}],"version-history":[{"count":0,"href":"https:\/\/www.speedmodels.ch\/fr\/wp-json\/wp\/v2\/product\/21198\/revisions"}],"wp:featuredmedia":[{"embeddable":true,"href":"https:\/\/www.speedmodels.ch\/fr\/wp-json\/wp\/v2\/media\/9719"}],"wp:attachment":[{"href":"https:\/\/www.speedmodels.ch\/fr\/wp-json\/wp\/v2\/media?parent=21198"}],"wp:term":[{"taxonomy":"product_brand","embeddable":true,"href":"https:\/\/www.speedmodels.ch\/fr\/wp-json\/wp\/v2\/product_brand?post=21198"},{"taxonomy":"product_cat","embeddable":true,"href":"https:\/\/www.speedmodels.ch\/fr\/wp-json\/wp\/v2\/product_cat?post=21198"},{"taxonomy":"product_tag","embeddable":true,"href":"https:\/\/www.speedmodels.ch\/fr\/wp-json\/wp\/v2\/product_tag?post=21198"}],"curies":[{"name":"wp","href":"https:\/\/api.w.org\/{rel}","templated":true}]}}