{"id":21197,"date":"2021-11-23T13:42:58","date_gmt":"2021-11-23T13:42:58","guid":{"rendered":"https:\/\/www.speedmodels.ch\/produkte\/unkategorisiert\/mathea-vii\/"},"modified":"2025-11-03T13:41:37","modified_gmt":"2025-11-03T13:41:37","slug":"mathea-vii","status":"publish","type":"product","link":"https:\/\/www.speedmodels.ch\/fr\/produits\/modeles\/bateaux-fr-2\/bateaux-electriques\/mathea-vii\/","title":{"rendered":"Mathea VII"},"content":{"rendered":"<p>Le bateau record du monde de Christoph von Mayenburg a \u00e9t\u00e9 r\u00e9cemment d\u00e9velopp\u00e9 en utilisant une technologie de construction moderne et contemporaine. Le mod\u00e8le est enti\u00e8rement en bois. Une construction de cadre a \u00e9t\u00e9 d\u00e9velopp\u00e9e pour cela, comme cela est d\u00e9j\u00e0 utilis\u00e9 dans d&rsquo;autres bateaux d&rsquo;a\u00e9ronautes. La construction se d\u00e9roule sur la cale bien connue des a\u00e9ronautes, sur laquelle le fuselage est construit \u00e0 l&rsquo;envers. Les pi\u00e8ces en bois sont toutes d\u00e9coup\u00e9es au laser avec pr\u00e9cision et marqu\u00e9es par gravure. De cette fa\u00e7on, le montage peut se faire tr\u00e8s rapidement. La structure du fuselage (cockpit et capotage) est enti\u00e8rement amovible, permettant un large acc\u00e8s \u00e0 la propulsion et \u00e0 l&rsquo;installation RC. Contrairement \u00e0 l&rsquo;original, le pont \u00e9tait en acajou. Le maquettiste a donc le choix entre un aspect bois pr\u00e9cieux et une finition prototypique pour les pi\u00e8ces en acajou. Les courbes du cockpit sont fabriqu\u00e9es en couches et mises en forme. Le capot est lambriss\u00e9 d&rsquo;A-Tex. Les figurines \u00e0 l&rsquo;\u00e9chelle 1:6 tiennent dans le cockpit. Le si\u00e8ge est rembourr\u00e9 et recouvert du cuir artificiel inclus. Un arbre de bateau appropri\u00e9 avec tube d&rsquo;\u00e9tambot est \u00e9galement inclus dans le kit. Les instructions de montage vous guident tout au long de la construction du mod\u00e8le dans le style bien connu des a\u00e9ronautes avec des dessins d&rsquo;\u00e9tape de construction en 3D.<\/p>\n<p>Le kit de mod\u00e8le contient : Toutes les pi\u00e8ces en bois d\u00e9coup\u00e9es au laser en contreplaqu\u00e9 de bouleau et d&rsquo;acajou, abachi pour le corps et l&rsquo;int\u00e9rieur du fuselage, bandes de pin, pi\u00e8ces de planches en A-Tex, pi\u00e8ces grav\u00e9es en maillechort, si\u00e8ge avec rembourrage et housse en similicuir, m\u00e2t de bateau avec tube d&rsquo;\u00e9tambot, a\u00e9ronaute Helling Depron et les instructions de montage d\u00e9taill\u00e9es avec dessins d&rsquo;\u00e9tape de construction en 3D.<\/p>\n<p>\u00e9chelle: 1:5<\/p>\n<p>Entrainement recommand\u00e9:<\/p>\n<p>moteur KIRA 600-24 (Kontronik)<br \/>\nvariateur KOBY 90 LV water-cooling<br \/>\naccu 2 x 3s LiPo, \u00e0 partir de 2000 mAh<br \/>\nh\u00e9lice 33 ou 36mm no de commande 7153\/53 ou 7153\/54<\/p>\n<div style=\"text-align:left\" class=\"wps-pgfw-pdf-generate-icon__wrapper-frontend\">\n\t\t<a href=\"https:\/\/www.speedmodels.ch\/fr\/wp-json\/wp\/v2\/product\/21197\/?action=genpdf&amp;id=21197\" class=\"pgfw-single-pdf-download-button\" target=_blank><img src=\"https:\/\/speedmodels.ch\/wp-content\/uploads\/2021\/09\/pdf_icon.png\" title=\"G\u00e9n\u00e9rer un PDF\" style=\"width:auto; height:45px;\"><\/a>\n\t\t<\/div>","protected":false},"excerpt":{"rendered":"<p>Le bateau record du monde de Christoph von Mayenburg a \u00e9t\u00e9 r\u00e9cemment d\u00e9velopp\u00e9 en utilisant une technologie de construction moderne et contemporaine. Le mod\u00e8le est enti\u00e8rement en bois. Une construction de cadre a \u00e9t\u00e9 d\u00e9velopp\u00e9e pour cela, comme cela est d\u00e9j\u00e0 utilis\u00e9 dans d&rsquo;autres bateaux d&rsquo;a\u00e9ronautes. La construction se d\u00e9roule sur la cale bien connue [&hellip;]<\/p>\n","protected":false},"featured_media":9774,"template":"","meta":[],"product_brand":[],"product_cat":[1713,1714,1710,1851],"product_tag":[],"class_list":{"0":"post-21197","1":"product","2":"type-product","3":"status-publish","4":"has-post-thumbnail","6":"product_cat-bateaux-fr-2","7":"product_cat-bateaux-electriques","8":"product_cat-modeles","9":"product_cat-navires-prototypes","11":"first","12":"instock","13":"shipping-taxable","14":"product-type-simple"},"_links":{"self":[{"href":"https:\/\/www.speedmodels.ch\/fr\/wp-json\/wp\/v2\/product\/21197","targetHints":{"allow":["GET"]}}],"collection":[{"href":"https:\/\/www.speedmodels.ch\/fr\/wp-json\/wp\/v2\/product"}],"about":[{"href":"https:\/\/www.speedmodels.ch\/fr\/wp-json\/wp\/v2\/types\/product"}],"version-history":[{"count":1,"href":"https:\/\/www.speedmodels.ch\/fr\/wp-json\/wp\/v2\/product\/21197\/revisions"}],"predecessor-version":[{"id":32765,"href":"https:\/\/www.speedmodels.ch\/fr\/wp-json\/wp\/v2\/product\/21197\/revisions\/32765"}],"wp:featuredmedia":[{"embeddable":true,"href":"https:\/\/www.speedmodels.ch\/fr\/wp-json\/wp\/v2\/media\/9774"}],"wp:attachment":[{"href":"https:\/\/www.speedmodels.ch\/fr\/wp-json\/wp\/v2\/media?parent=21197"}],"wp:term":[{"taxonomy":"product_brand","embeddable":true,"href":"https:\/\/www.speedmodels.ch\/fr\/wp-json\/wp\/v2\/product_brand?post=21197"},{"taxonomy":"product_cat","embeddable":true,"href":"https:\/\/www.speedmodels.ch\/fr\/wp-json\/wp\/v2\/product_cat?post=21197"},{"taxonomy":"product_tag","embeddable":true,"href":"https:\/\/www.speedmodels.ch\/fr\/wp-json\/wp\/v2\/product_tag?post=21197"}],"curies":[{"name":"wp","href":"https:\/\/api.w.org\/{rel}","templated":true}]}}