{"id":21196,"date":"2021-11-23T13:44:50","date_gmt":"2021-11-23T13:44:50","guid":{"rendered":"https:\/\/www.speedmodels.ch\/produkte\/unkategorisiert\/bateau-de-sport-jenny\/"},"modified":"2025-11-03T13:41:09","modified_gmt":"2025-11-03T13:41:09","slug":"bateau-de-sport-jenny","status":"publish","type":"product","link":"https:\/\/www.speedmodels.ch\/fr\/produits\/modeles\/bateaux-fr-2\/bateaux-electriques\/bateau-de-sport-jenny\/","title":{"rendered":"Bateau de sport Jenny"},"content":{"rendered":"<p>Jenny est une r\u00e9plique libre des bateaux \u00e0 moteur des \u00c9tats-Unis dans les ann\u00e9es 1930. La conception classique du bateau de surface a \u00e9t\u00e9 plac\u00e9e sur une coque de bateau planante moderne et \u00e9conome en \u00e9nergie \u00e0 partir de 2010. Cela permet d&rsquo;obtenir un long temps de trajet et une vitesse \u00e9lev\u00e9e. L&rsquo;\u00e9chelle du mod\u00e8le est d&rsquo;environ 1:10. Les pi\u00e8ces du mod\u00e8le sont fabriqu\u00e9es sur les machines de d\u00e9coupe laser les plus modernes. Les donn\u00e9es proviennent de la construction CAO du bateau. Le mod\u00e8le est une construction tout bois (contreplaqu\u00e9 et acajou) \u00e0 bouchains durs. Toutes les pi\u00e8ces en bois sont d\u00e9coup\u00e9es au laser ou poin\u00e7onn\u00e9es et peuvent \u00eatre coll\u00e9es imm\u00e9diatement apr\u00e8s un court post-traitement. La trappe moteur et l&rsquo;ensemble du cockpit sont d\u00e9montables. Cela permet un acc\u00e8s facile au variateur et aux installations \u00e9lectriques.<\/p>\n<div style=\"text-align:left\" class=\"wps-pgfw-pdf-generate-icon__wrapper-frontend\">\n\t\t<a href=\"https:\/\/www.speedmodels.ch\/fr\/wp-json\/wp\/v2\/product\/21196\/?action=genpdf&amp;id=21196\" class=\"pgfw-single-pdf-download-button\" target=_blank><img src=\"https:\/\/speedmodels.ch\/wp-content\/uploads\/2021\/09\/pdf_icon.png\" title=\"G\u00e9n\u00e9rer un PDF\" style=\"width:auto; height:45px;\"><\/a>\n\t\t<\/div>","protected":false},"excerpt":{"rendered":"<p>Jenny est une r\u00e9plique libre des bateaux \u00e0 moteur des \u00c9tats-Unis dans les ann\u00e9es 1930. La conception classique du bateau de surface a \u00e9t\u00e9 plac\u00e9e sur une coque de bateau planante moderne et \u00e9conome en \u00e9nergie \u00e0 partir de 2010. Cela permet d&rsquo;obtenir un long temps de trajet et une vitesse \u00e9lev\u00e9e. L&rsquo;\u00e9chelle du mod\u00e8le [&hellip;]<\/p>\n","protected":false},"featured_media":9779,"template":"","meta":[],"product_brand":[],"product_cat":[1713,1714,1715,1710],"product_tag":[],"class_list":{"0":"post-21196","1":"product","2":"type-product","3":"status-publish","4":"has-post-thumbnail","6":"product_cat-bateaux-fr-2","7":"product_cat-bateaux-electriques","8":"product_cat-bateaux-prototypiques","9":"product_cat-modeles","11":"first","12":"instock","13":"shipping-taxable","14":"product-type-simple"},"_links":{"self":[{"href":"https:\/\/www.speedmodels.ch\/fr\/wp-json\/wp\/v2\/product\/21196","targetHints":{"allow":["GET"]}}],"collection":[{"href":"https:\/\/www.speedmodels.ch\/fr\/wp-json\/wp\/v2\/product"}],"about":[{"href":"https:\/\/www.speedmodels.ch\/fr\/wp-json\/wp\/v2\/types\/product"}],"version-history":[{"count":1,"href":"https:\/\/www.speedmodels.ch\/fr\/wp-json\/wp\/v2\/product\/21196\/revisions"}],"predecessor-version":[{"id":32764,"href":"https:\/\/www.speedmodels.ch\/fr\/wp-json\/wp\/v2\/product\/21196\/revisions\/32764"}],"wp:featuredmedia":[{"embeddable":true,"href":"https:\/\/www.speedmodels.ch\/fr\/wp-json\/wp\/v2\/media\/9779"}],"wp:attachment":[{"href":"https:\/\/www.speedmodels.ch\/fr\/wp-json\/wp\/v2\/media?parent=21196"}],"wp:term":[{"taxonomy":"product_brand","embeddable":true,"href":"https:\/\/www.speedmodels.ch\/fr\/wp-json\/wp\/v2\/product_brand?post=21196"},{"taxonomy":"product_cat","embeddable":true,"href":"https:\/\/www.speedmodels.ch\/fr\/wp-json\/wp\/v2\/product_cat?post=21196"},{"taxonomy":"product_tag","embeddable":true,"href":"https:\/\/www.speedmodels.ch\/fr\/wp-json\/wp\/v2\/product_tag?post=21196"}],"curies":[{"name":"wp","href":"https:\/\/api.w.org\/{rel}","templated":true}]}}