{"id":21195,"date":"2021-11-22T13:37:56","date_gmt":"2021-11-22T13:37:56","guid":{"rendered":"https:\/\/www.speedmodels.ch\/produkte\/unkategorisiert\/voilier-clipper\/"},"modified":"2021-11-22T13:37:56","modified_gmt":"2021-11-22T13:37:56","slug":"voilier-clipper","status":"publish","type":"product","link":"https:\/\/www.speedmodels.ch\/fr\/produits\/modeles\/bateaux-fr-2\/jeunesse-fr\/voilier-clipper\/","title":{"rendered":"Voilier Clipper"},"content":{"rendered":"<p>Le voilier Clipper est id\u00e9al pour d\u00e9buter dans la construction de maquettes de bateaux. La construction simple de la coque se fait sur le pont du bateau, sur lequel les membrures, la quille et la d\u00e9rive sont simplement fix\u00e9es et coll\u00e9es. Le bas du fuselage et les panneaux lat\u00e9raux sont en contreplaqu\u00e9 fin et sont pr\u00eats \u00e0 \u00eatre coll\u00e9s. Le bateau peut \u00eatre utilis\u00e9 sans ou avec une t\u00e9l\u00e9commande avec un servo pour le gouvernail. Le lest de l&rsquo;\u00e9p\u00e9e est en acier rond, de sorte que le plomb habituel n&rsquo;est pas utilis\u00e9. Avec ce mod\u00e8le, le jeune mod\u00e9liste apprend \u00e0 conna\u00eetre la construction du cadre et les bases du mod\u00e9lisme. Ce kit est si bien pr\u00e9par\u00e9 qu&rsquo;aucun outil n&rsquo;est n\u00e9cessaire pour la construction, les pi\u00e8ces en bois sont toutes estamp\u00e9es et les tubes en aluminium pour le m\u00e2t et les b\u00f4mes sont d\u00e9j\u00e0 coup\u00e9s \u00e0 la bonne longueur. Les raccords de fil sont d\u00e9j\u00e0 pli\u00e9s et pr\u00eats \u00e0 \u00eatre gliss\u00e9s sur les tubes en aluminium. Les outils suivants sont n\u00e9cessaires: \u00e9pingles et ruban adh\u00e9sif.<br \/>\nLe kit contient toutes les pi\u00e8ces en bois, ferrures, rames et instructions de montage d\u00e9taill\u00e9es n\u00e9cessaires \u00e0 la construction en allemand, anglais, fran\u00e7ais, italien et espagnol.<\/p>\n<div style=\"text-align:left\" class=\"wps-pgfw-pdf-generate-icon__wrapper-frontend\">\n\t\t<a href=\"https:\/\/www.speedmodels.ch\/fr\/wp-json\/wp\/v2\/product\/21195\/?action=genpdf&amp;id=21195\" class=\"pgfw-single-pdf-download-button\" target=_blank><img src=\"https:\/\/speedmodels.ch\/wp-content\/uploads\/2021\/09\/pdf_icon.png\" title=\"G\u00e9n\u00e9rer un PDF\" style=\"width:auto; height:45px;\"><\/a>\n\t\t<\/div>","protected":false},"excerpt":{"rendered":"<p>Le voilier Clipper est id\u00e9al pour d\u00e9buter dans la construction de maquettes de bateaux. La construction simple de la coque se fait sur le pont du bateau, sur lequel les membrures, la quille et la d\u00e9rive sont simplement fix\u00e9es et coll\u00e9es. Le bas du fuselage et les panneaux lat\u00e9raux sont en contreplaqu\u00e9 fin et sont [&hellip;]<\/p>\n","protected":false},"featured_media":9707,"template":"","meta":[],"product_brand":[],"product_cat":[1713,1821,1710,1852],"product_tag":[],"class_list":{"0":"post-21195","1":"product","2":"type-product","3":"status-publish","4":"has-post-thumbnail","6":"product_cat-bateaux-fr-2","7":"product_cat-jeunesse-fr","8":"product_cat-modeles","9":"product_cat-voiliers","11":"first","12":"instock","13":"shipping-taxable","14":"product-type-simple"},"_links":{"self":[{"href":"https:\/\/www.speedmodels.ch\/fr\/wp-json\/wp\/v2\/product\/21195","targetHints":{"allow":["GET"]}}],"collection":[{"href":"https:\/\/www.speedmodels.ch\/fr\/wp-json\/wp\/v2\/product"}],"about":[{"href":"https:\/\/www.speedmodels.ch\/fr\/wp-json\/wp\/v2\/types\/product"}],"version-history":[{"count":0,"href":"https:\/\/www.speedmodels.ch\/fr\/wp-json\/wp\/v2\/product\/21195\/revisions"}],"wp:featuredmedia":[{"embeddable":true,"href":"https:\/\/www.speedmodels.ch\/fr\/wp-json\/wp\/v2\/media\/9707"}],"wp:attachment":[{"href":"https:\/\/www.speedmodels.ch\/fr\/wp-json\/wp\/v2\/media?parent=21195"}],"wp:term":[{"taxonomy":"product_brand","embeddable":true,"href":"https:\/\/www.speedmodels.ch\/fr\/wp-json\/wp\/v2\/product_brand?post=21195"},{"taxonomy":"product_cat","embeddable":true,"href":"https:\/\/www.speedmodels.ch\/fr\/wp-json\/wp\/v2\/product_cat?post=21195"},{"taxonomy":"product_tag","embeddable":true,"href":"https:\/\/www.speedmodels.ch\/fr\/wp-json\/wp\/v2\/product_tag?post=21195"}],"curies":[{"name":"wp","href":"https:\/\/api.w.org\/{rel}","templated":true}]}}