{"id":21194,"date":"2021-11-24T13:48:42","date_gmt":"2021-11-24T13:48:42","guid":{"rendered":"https:\/\/www.speedmodels.ch\/produkte\/unkategorisiert\/coster-ms-greundiek\/"},"modified":"2021-11-24T13:48:42","modified_gmt":"2021-11-24T13:48:42","slug":"coster-ms-greundiek","status":"publish","type":"product","link":"https:\/\/www.speedmodels.ch\/fr\/produits\/modeles\/bateaux-fr-2\/bateaux-electriques\/coster-ms-greundiek\/","title":{"rendered":"Coster MS Greundiek"},"content":{"rendered":"<p>Le Greundiek a \u00e9t\u00e9 construit en 1949 sous le nom de \u00ab Hermann-Hans \u00bb au chantier naval Rickmers \u00e0 Bremerhaven; le lancement a eu lieu en janvier 1950. Le navire a \u00e9t\u00e9 l&rsquo;un des premiers navires construits en Allemagne apr\u00e8s la Seconde Guerre mondiale et l&rsquo;un des premiers navires civils \u00e0 \u00eatre enti\u00e8rement soud\u00e9. En 1965, le \u00ab\u00a0Hermann-Hans\u00a0\u00bb a \u00e9t\u00e9 vendu \u00e0 Henry D\u00f6lling, qui a rebaptis\u00e9 le navire \u00ab\u00a0Rita D\u00f6lling\u00a0\u00bb en l&rsquo;honneur de sa femme.<\/p>\n<p>En 1986, la commune de Stade rach\u00e8te le navire pour l&rsquo;\u00e9cole nautique de Gr\u00fcnendeich qui dispense \u00e0 bord des cours de formation de m\u00e9canicien de bord. En 1994, l&rsquo;Alter Hafen Stade e. V. die Greundiek du quartier de Stade. Apr\u00e8s les premiers travaux de r\u00e9paration dans le quai de la Norderwerft de Hambourg, le navire s&rsquo;est amarr\u00e9 dans le port de Stade le 22 avril de la m\u00eame ann\u00e9e. L\u00e0, elle a \u00e9t\u00e9 restaur\u00e9e jusqu&rsquo;en 2000 et remise en \u00e9tat de marche. Le navire, qui a \u00e9t\u00e9 en grande partie conserv\u00e9 dans son \u00e9tat d&rsquo;origine, est inscrit en tant que monument culturel technique dans le registre des monuments culturels mobiliers de Basse-Saxe. Fin janvier 2003, l&rsquo;Alter Hafen Stade e. V. a re\u00e7u le prix d&rsquo;\u00c9tat de la Fondation des caisses d&rsquo;\u00e9pargne de Basse-Saxe pour la pr\u00e9servation des monuments pour la restauration du navire. L&rsquo;association Alter Hafen Stade e.V. entretient et exploite ce navire-mus\u00e9e unique avec ses membres b\u00e9n\u00e9voles depuis 1994. Le navire est agr\u00e9\u00e9 pour les voyages c\u00f4tiers. Aujourd&rsquo;hui, le MS Greundiek est utilis\u00e9 pour des \u00e9v\u00e9nements de toutes sortes et pour des voyages publics sur l&rsquo;Elbe et dans la r\u00e9gion de la mer Baltique. (source: greundiek.de)<\/p>\n<p>Le mod\u00e8le a \u00e9t\u00e9 d\u00e9velopp\u00e9 en utilisant tous les dessins disponibles et de nombreuses photos. Le kit se compose d&rsquo;une grande coque stable en ABS avec des ouvertures frais\u00e9es pour les hublots et les dalots. Le pont et la structure compl\u00e8te sont constitu\u00e9s de pi\u00e8ces laser en ABS et bois. Toutes les pi\u00e8ces sont grav\u00e9es au laser avec pr\u00e9cision. Les nombreux \u00e9quipements compl\u00e8tent l&rsquo;apparence du Greundiek. Bien que l&rsquo;original ait \u00e9t\u00e9 utilis\u00e9 comme mod\u00e8le pour le kit et son \u00e9quipement, le mod\u00e8le offre \u00e9galement suffisamment de possibilit\u00e9s pour cr\u00e9er votre propre version du Greundiek.<br \/>\n\u00e9chelle: 1:50<br \/>\nprofondeur: 66mm<\/p>\n<p>Le mod\u00e8le est entra\u00een\u00e9 par un moteur brushless de 28 mm, par exemple actro-n 28-4-880 avec LiPo 2S. Le contr\u00f4leur appropri\u00e9 est l&rsquo;actro-marine 30. Alternativement, notre Race 620 Navy avec le contr\u00f4leur Multi 25 peut \u00eatre utilis\u00e9 comme moteur \u00e0 balais. Un \u00e9quipement optionnel avec lumi\u00e8re et son est bien s\u00fbr possible.<\/p>\n<div style=\"text-align:left\" class=\"wps-pgfw-pdf-generate-icon__wrapper-frontend\">\n\t\t<a href=\"https:\/\/www.speedmodels.ch\/fr\/wp-json\/wp\/v2\/product\/21194\/?action=genpdf&amp;id=21194\" class=\"pgfw-single-pdf-download-button\" target=_blank><img src=\"https:\/\/speedmodels.ch\/wp-content\/uploads\/2021\/09\/pdf_icon.png\" title=\"G\u00e9n\u00e9rer un PDF\" style=\"width:auto; height:45px;\"><\/a>\n\t\t<\/div>","protected":false},"excerpt":{"rendered":"<p>Le Greundiek a \u00e9t\u00e9 construit en 1949 sous le nom de \u00ab Hermann-Hans \u00bb au chantier naval Rickmers \u00e0 Bremerhaven; le lancement a eu lieu en janvier 1950. Le navire a \u00e9t\u00e9 l&rsquo;un des premiers navires construits en Allemagne apr\u00e8s la Seconde Guerre mondiale et l&rsquo;un des premiers navires civils \u00e0 \u00eatre enti\u00e8rement soud\u00e9. En [&hellip;]<\/p>\n","protected":false},"featured_media":9795,"template":"","meta":[],"product_brand":[],"product_cat":[1713,1714,1715,1710],"product_tag":[],"class_list":{"0":"post-21194","1":"product","2":"type-product","3":"status-publish","4":"has-post-thumbnail","6":"product_cat-bateaux-fr-2","7":"product_cat-bateaux-electriques","8":"product_cat-bateaux-prototypiques","9":"product_cat-modeles","11":"first","12":"instock","13":"shipping-taxable","14":"product-type-simple"},"_links":{"self":[{"href":"https:\/\/www.speedmodels.ch\/fr\/wp-json\/wp\/v2\/product\/21194","targetHints":{"allow":["GET"]}}],"collection":[{"href":"https:\/\/www.speedmodels.ch\/fr\/wp-json\/wp\/v2\/product"}],"about":[{"href":"https:\/\/www.speedmodels.ch\/fr\/wp-json\/wp\/v2\/types\/product"}],"version-history":[{"count":0,"href":"https:\/\/www.speedmodels.ch\/fr\/wp-json\/wp\/v2\/product\/21194\/revisions"}],"wp:featuredmedia":[{"embeddable":true,"href":"https:\/\/www.speedmodels.ch\/fr\/wp-json\/wp\/v2\/media\/9795"}],"wp:attachment":[{"href":"https:\/\/www.speedmodels.ch\/fr\/wp-json\/wp\/v2\/media?parent=21194"}],"wp:term":[{"taxonomy":"product_brand","embeddable":true,"href":"https:\/\/www.speedmodels.ch\/fr\/wp-json\/wp\/v2\/product_brand?post=21194"},{"taxonomy":"product_cat","embeddable":true,"href":"https:\/\/www.speedmodels.ch\/fr\/wp-json\/wp\/v2\/product_cat?post=21194"},{"taxonomy":"product_tag","embeddable":true,"href":"https:\/\/www.speedmodels.ch\/fr\/wp-json\/wp\/v2\/product_tag?post=21194"}],"curies":[{"name":"wp","href":"https:\/\/api.w.org\/{rel}","templated":true}]}}