{"id":21191,"date":"2021-11-24T14:54:44","date_gmt":"2021-11-24T14:54:44","guid":{"rendered":"https:\/\/www.speedmodels.ch\/produkte\/unkategorisiert\/chalutier-de-peche-anna-3\/"},"modified":"2023-05-11T06:34:36","modified_gmt":"2023-05-11T06:34:36","slug":"chalutier-de-peche-anna-3","status":"publish","type":"product","link":"https:\/\/www.speedmodels.ch\/fr\/produits\/modeles\/bateaux-fr-2\/bateaux-electriques\/chalutier-de-peche-anna-3\/","title":{"rendered":"Chalutier de p\u00e8che Anna 3"},"content":{"rendered":"<p>Anna 3 est une r\u00e9plique d&rsquo;un chalutier de p\u00eache breton qui p\u00eache \u00e0 l&rsquo;aide d&rsquo;un chalut d\u00e9ploy\u00e9 de c\u00f4t\u00e9. Le mod\u00e8le est construit \u00e0 l&rsquo;\u00e9chelle 1:20. La grande coque volumineuse est emboutie en ABS. Toutes les pi\u00e8ces en bois sont d\u00e9coup\u00e9es au laser et sont fabriqu\u00e9es pour s&rsquo;adapter parfaitement \u00e0 la qualit\u00e9 aero-naut habituelle. Le pont du bateau est d\u00e9j\u00e0 pourvu de planches et de marquages \u200b\u200bgrav\u00e9s au laser.   La cabine est en contreplaqu\u00e9 d&rsquo;acajou fin, les vitres sont d\u00e9coup\u00e9es en vivak pour s&rsquo;adapter parfaitement. Les m\u00e2ts et b\u00f4mes sont en tubes d&rsquo;aluminium.  Le point culminant du mod\u00e8le est le treuil \u00e0 filet finement d\u00e9taill\u00e9 \u00e9quip\u00e9 de nombreuses pi\u00e8ces grav\u00e9es, qui peut \u00eatre rendu fonctionnel \u00e0 l&rsquo;aide d&rsquo;un treuil \u00e0 voile \u00e9lectrique (non inclus dans le kit) et actionn\u00e9 pour \u00e9tendre les filets. Le treuil \u00e0 filet est inclus avec le mod\u00e8le en tant que kit laser.  Des fonctions suppl\u00e9mentaires peuvent \u00eatre impl\u00e9ment\u00e9es \u00e0 votre propre discr\u00e9tion. Un vaste ensemble de pi\u00e8ces grav\u00e9es en maillechort fait d&rsquo;Anna 3 un bijou. Pratiquement aucune partie structurelle du pont n&rsquo;est mise en valeur par les \u00e9l\u00e9ments d\u00e9coratifs m\u00e9talliques. L&rsquo;ensemble de pi\u00e8ces grav\u00e9es comprend environ 100 pi\u00e8ces grav\u00e9es et est \u00e9galement inclus dans le kit.   Un projecteur rotatif et pivotant fonctionnel garantit que le pont est toujours bien \u00e9clair\u00e9. Le mod\u00e8le peut \u00eatre \u00e9quip\u00e9 de nombreuses autres fonctions sp\u00e9ciales, par example avec nos modules lumineux. Notre Race 620 marine (n\u00b0 de commande 7000\/47) est un entra\u00eenement adapt\u00e9, qui cr\u00e9 un mod\u00e8le de conduite r\u00e9aliste avec sa vitesse nominale de 3 400 tr\/min. Les instructions de construction illustr\u00e9es d\u00e9taill\u00e9es dans le style bien connu d&rsquo; a\u00e9ronaute avec des dessins d&rsquo;\u00e9tape de construction en 3D vous guident tout au long de la construction.<\/p>\n<p>Le kit de mod\u00e8le contient : coque finie en ABS, pont de bateau grav\u00e9 au laser, pi\u00e8ces en bois d\u00e9coup\u00e9es au laser avec pr\u00e9cision en contreplaqu\u00e9 d&rsquo;acajou et contreplaqu\u00e9 de bouleau, tubes en aluminium pour m\u00e2ts et b\u00f4mes, gr\u00e9ement, tube d&rsquo;\u00e9tambot avec arbre et instructions de montage d\u00e9taill\u00e9es. L&rsquo;ensemble d&rsquo;accastillage est d\u00e9j\u00e0 chez nous et se compose de phares fonctionnels, feux et lampes de navigation, ancres, poulies, treuil \u00e0 filet en kit, taquets, potence \u00e0 filet, poulies, bou\u00e9es de sauvetage, hublots et de nombreuses petites pi\u00e8ces, ainsi qu&rsquo;environ 100 parties grav\u00e9es en maillechort.<br \/>\n\u00e9chelle: 1:20<br \/>\nprofondeur: 65mm<\/p>\n<p>Entra\u00eenement appropri\u00e9<br \/>\nmoteur \u00e9lectrique Race 620 navy Bestell-Nr. 7000\/47 7000\/47<br \/>\nvariateur Multi 25 no de commande 7019-71 7019\/71<br \/>\nAccu au plomp 6V no de commande 7449\/04 7449\/04<br \/>\nh\u00e9lice 3-pales, 45 mm no de commande RAB-146-16<\/p>\n<div style=\"text-align:left\" class=\"wps-pgfw-pdf-generate-icon__wrapper-frontend\">\n\t\t<a href=\"https:\/\/www.speedmodels.ch\/fr\/wp-json\/wp\/v2\/product\/21191\/?action=genpdf&amp;id=21191\" class=\"pgfw-single-pdf-download-button\" target=_blank><img src=\"https:\/\/speedmodels.ch\/wp-content\/uploads\/2021\/09\/pdf_icon.png\" title=\"G\u00e9n\u00e9rer un PDF\" style=\"width:auto; height:45px;\"><\/a>\n\t\t<\/div>","protected":false},"excerpt":{"rendered":"<p>Anna 3 est une r\u00e9plique d&rsquo;un chalutier de p\u00eache breton qui p\u00eache \u00e0 l&rsquo;aide d&rsquo;un chalut d\u00e9ploy\u00e9 de c\u00f4t\u00e9. Le mod\u00e8le est construit \u00e0 l&rsquo;\u00e9chelle 1:20. La grande coque volumineuse est emboutie en ABS. Toutes les pi\u00e8ces en bois sont d\u00e9coup\u00e9es au laser et sont fabriqu\u00e9es pour s&rsquo;adapter parfaitement \u00e0 la qualit\u00e9 aero-naut habituelle. Le [&hellip;]<\/p>\n","protected":false},"featured_media":9808,"template":"","meta":[],"product_brand":[],"product_cat":[1713,1714,1710,1851],"product_tag":[],"class_list":{"0":"post-21191","1":"product","2":"type-product","3":"status-publish","4":"has-post-thumbnail","6":"product_cat-bateaux-fr-2","7":"product_cat-bateaux-electriques","8":"product_cat-modeles","9":"product_cat-navires-prototypes","11":"first","12":"instock","13":"shipping-taxable","14":"product-type-simple"},"_links":{"self":[{"href":"https:\/\/www.speedmodels.ch\/fr\/wp-json\/wp\/v2\/product\/21191","targetHints":{"allow":["GET"]}}],"collection":[{"href":"https:\/\/www.speedmodels.ch\/fr\/wp-json\/wp\/v2\/product"}],"about":[{"href":"https:\/\/www.speedmodels.ch\/fr\/wp-json\/wp\/v2\/types\/product"}],"version-history":[{"count":0,"href":"https:\/\/www.speedmodels.ch\/fr\/wp-json\/wp\/v2\/product\/21191\/revisions"}],"wp:featuredmedia":[{"embeddable":true,"href":"https:\/\/www.speedmodels.ch\/fr\/wp-json\/wp\/v2\/media\/9808"}],"wp:attachment":[{"href":"https:\/\/www.speedmodels.ch\/fr\/wp-json\/wp\/v2\/media?parent=21191"}],"wp:term":[{"taxonomy":"product_brand","embeddable":true,"href":"https:\/\/www.speedmodels.ch\/fr\/wp-json\/wp\/v2\/product_brand?post=21191"},{"taxonomy":"product_cat","embeddable":true,"href":"https:\/\/www.speedmodels.ch\/fr\/wp-json\/wp\/v2\/product_cat?post=21191"},{"taxonomy":"product_tag","embeddable":true,"href":"https:\/\/www.speedmodels.ch\/fr\/wp-json\/wp\/v2\/product_tag?post=21191"}],"curies":[{"name":"wp","href":"https:\/\/api.w.org\/{rel}","templated":true}]}}