{"id":21190,"date":"2021-11-23T13:46:28","date_gmt":"2021-11-23T13:46:28","guid":{"rendered":"https:\/\/www.speedmodels.ch\/produkte\/unkategorisiert\/chalutier-de-peche-delphin\/"},"modified":"2025-11-03T13:40:18","modified_gmt":"2025-11-03T13:40:18","slug":"chalutier-de-peche-delphin","status":"publish","type":"product","link":"https:\/\/www.speedmodels.ch\/fr\/produits\/modeles\/bateaux-fr-2\/bateaux-electriques\/chalutier-de-peche-delphin\/","title":{"rendered":"Chalutier de p\u00eache Delphin"},"content":{"rendered":"<p><strong>Prix de liquidation <span style=\"color: #ff0000;\">Fr. 125.00 incl. TVA<\/span>.<\/strong><br \/>\n<strong>(jusqu\u2019\u00e0 \u00e9puisement des stock \/ articles fin de s\u00e9rie ne sont pas repris ou \u00e9chang\u00e9 \/ pi\u00e8ces d\u00e9tach\u00e9es jusqu\u2019\u00e0 \u00e9puisement des stock).<\/strong><br \/>\n<strong>Pas de ventre directe!<\/strong><\/p>\n<p>Kit d&rsquo;un cotre de p\u00eache prototype, toutes les pi\u00e8ces en grande partie pr\u00e9fabriqu\u00e9es, de sorte qu&rsquo;un montage rapide est garanti. Ce mod\u00e8le est particuli\u00e8rement adapt\u00e9 aux d\u00e9butants en mod\u00e9lisme, mais offre \u00e9galement du plaisir \u00e0 tous les mod\u00e9listes actifs. En plus des instructions de construction, le kit contient un plan de construction, une coque emboutie, une superstructure en bois et en plastique, des raccords, un arbre avec h\u00e9lice et de nombreuses petites pi\u00e8ces. Les seuls outils n\u00e9cessaires sont un couteau, des ciseaux, un jeu de limes, une perceuse, une scie sauteuse, une brosse et des pinces \u00e0 linge.<\/p>\n<div style=\"text-align:left\" class=\"wps-pgfw-pdf-generate-icon__wrapper-frontend\">\n\t\t<a href=\"https:\/\/www.speedmodels.ch\/fr\/wp-json\/wp\/v2\/product\/21190\/?action=genpdf&amp;id=21190\" class=\"pgfw-single-pdf-download-button\" target=_blank><img src=\"https:\/\/speedmodels.ch\/wp-content\/uploads\/2021\/09\/pdf_icon.png\" title=\"G\u00e9n\u00e9rer un PDF\" style=\"width:auto; height:45px;\"><\/a>\n\t\t<\/div>","protected":false},"excerpt":{"rendered":"<p>Prix de liquidation Fr. 125.00 incl. TVA. (jusqu\u2019\u00e0 \u00e9puisement des stock \/ articles fin de s\u00e9rie ne sont pas repris ou \u00e9chang\u00e9 \/ pi\u00e8ces d\u00e9tach\u00e9es jusqu\u2019\u00e0 \u00e9puisement des stock). Pas de ventre directe! Kit d&rsquo;un cotre de p\u00eache prototype, toutes les pi\u00e8ces en grande partie pr\u00e9fabriqu\u00e9es, de sorte qu&rsquo;un montage rapide est garanti. Ce mod\u00e8le [&hellip;]<\/p>\n","protected":false},"featured_media":9781,"template":"","meta":[],"product_brand":[],"product_cat":[1856,1713,1714,1715,1710],"product_tag":[],"class_list":{"0":"post-21190","1":"product","2":"type-product","3":"status-publish","4":"has-post-thumbnail","6":"product_cat-article-fin-de-serie","7":"product_cat-bateaux-fr-2","8":"product_cat-bateaux-electriques","9":"product_cat-bateaux-prototypiques","10":"product_cat-modeles","12":"first","13":"instock","14":"shipping-taxable","15":"product-type-simple"},"_links":{"self":[{"href":"https:\/\/www.speedmodels.ch\/fr\/wp-json\/wp\/v2\/product\/21190","targetHints":{"allow":["GET"]}}],"collection":[{"href":"https:\/\/www.speedmodels.ch\/fr\/wp-json\/wp\/v2\/product"}],"about":[{"href":"https:\/\/www.speedmodels.ch\/fr\/wp-json\/wp\/v2\/types\/product"}],"version-history":[{"count":1,"href":"https:\/\/www.speedmodels.ch\/fr\/wp-json\/wp\/v2\/product\/21190\/revisions"}],"predecessor-version":[{"id":32763,"href":"https:\/\/www.speedmodels.ch\/fr\/wp-json\/wp\/v2\/product\/21190\/revisions\/32763"}],"wp:featuredmedia":[{"embeddable":true,"href":"https:\/\/www.speedmodels.ch\/fr\/wp-json\/wp\/v2\/media\/9781"}],"wp:attachment":[{"href":"https:\/\/www.speedmodels.ch\/fr\/wp-json\/wp\/v2\/media?parent=21190"}],"wp:term":[{"taxonomy":"product_brand","embeddable":true,"href":"https:\/\/www.speedmodels.ch\/fr\/wp-json\/wp\/v2\/product_brand?post=21190"},{"taxonomy":"product_cat","embeddable":true,"href":"https:\/\/www.speedmodels.ch\/fr\/wp-json\/wp\/v2\/product_cat?post=21190"},{"taxonomy":"product_tag","embeddable":true,"href":"https:\/\/www.speedmodels.ch\/fr\/wp-json\/wp\/v2\/product_tag?post=21190"}],"curies":[{"name":"wp","href":"https:\/\/api.w.org\/{rel}","templated":true}]}}