{"id":21189,"date":"2021-11-22T13:35:12","date_gmt":"2021-11-22T13:35:12","guid":{"rendered":"https:\/\/www.speedmodels.ch\/produkte\/unkategorisiert\/voilier-peterle\/"},"modified":"2021-11-22T13:35:12","modified_gmt":"2021-11-22T13:35:12","slug":"voilier-peterle","status":"publish","type":"product","link":"https:\/\/www.speedmodels.ch\/fr\/produits\/modeles\/bateaux-fr-2\/jeunesse-fr\/voilier-peterle\/","title":{"rendered":"Voilier Peterle"},"content":{"rendered":"<p>Le voilier Peterle remonte aux d\u00e9buts du mod\u00e9lisme. Le mod\u00e8le a une construction \u00e0 fond plat. Le kit contient des pi\u00e8ces en bois non coup\u00e9es que vous devez scier vous-m\u00eame.<\/p>\n<p>surface voilure: 15dm\u00b2<br \/>\nprofondeur: 140mm<\/p>\n<div style=\"text-align:left\" class=\"wps-pgfw-pdf-generate-icon__wrapper-frontend\">\n\t\t<a href=\"https:\/\/www.speedmodels.ch\/fr\/wp-json\/wp\/v2\/product\/21189\/?action=genpdf&amp;id=21189\" class=\"pgfw-single-pdf-download-button\" target=_blank><img src=\"https:\/\/speedmodels.ch\/wp-content\/uploads\/2021\/09\/pdf_icon.png\" title=\"G\u00e9n\u00e9rer un PDF\" style=\"width:auto; height:45px;\"><\/a>\n\t\t<\/div>","protected":false},"excerpt":{"rendered":"<p>Le voilier Peterle remonte aux d\u00e9buts du mod\u00e9lisme. Le mod\u00e8le a une construction \u00e0 fond plat. Le kit contient des pi\u00e8ces en bois non coup\u00e9es que vous devez scier vous-m\u00eame. surface voilure: 15dm\u00b2 profondeur: 140mm<\/p>\n","protected":false},"featured_media":9706,"template":"","meta":[],"product_brand":[],"product_cat":[1713,1821,1710,1852],"product_tag":[],"class_list":{"0":"post-21189","1":"product","2":"type-product","3":"status-publish","4":"has-post-thumbnail","6":"product_cat-bateaux-fr-2","7":"product_cat-jeunesse-fr","8":"product_cat-modeles","9":"product_cat-voiliers","11":"first","12":"instock","13":"shipping-taxable","14":"product-type-simple"},"_links":{"self":[{"href":"https:\/\/www.speedmodels.ch\/fr\/wp-json\/wp\/v2\/product\/21189","targetHints":{"allow":["GET"]}}],"collection":[{"href":"https:\/\/www.speedmodels.ch\/fr\/wp-json\/wp\/v2\/product"}],"about":[{"href":"https:\/\/www.speedmodels.ch\/fr\/wp-json\/wp\/v2\/types\/product"}],"version-history":[{"count":0,"href":"https:\/\/www.speedmodels.ch\/fr\/wp-json\/wp\/v2\/product\/21189\/revisions"}],"wp:featuredmedia":[{"embeddable":true,"href":"https:\/\/www.speedmodels.ch\/fr\/wp-json\/wp\/v2\/media\/9706"}],"wp:attachment":[{"href":"https:\/\/www.speedmodels.ch\/fr\/wp-json\/wp\/v2\/media?parent=21189"}],"wp:term":[{"taxonomy":"product_brand","embeddable":true,"href":"https:\/\/www.speedmodels.ch\/fr\/wp-json\/wp\/v2\/product_brand?post=21189"},{"taxonomy":"product_cat","embeddable":true,"href":"https:\/\/www.speedmodels.ch\/fr\/wp-json\/wp\/v2\/product_cat?post=21189"},{"taxonomy":"product_tag","embeddable":true,"href":"https:\/\/www.speedmodels.ch\/fr\/wp-json\/wp\/v2\/product_tag?post=21189"}],"curies":[{"name":"wp","href":"https:\/\/api.w.org\/{rel}","templated":true}]}}