{"id":21188,"date":"2021-11-22T13:24:34","date_gmt":"2021-11-22T13:24:34","guid":{"rendered":"https:\/\/www.speedmodels.ch\/produkte\/unkategorisiert\/voilier-jolly\/"},"modified":"2021-11-22T13:24:34","modified_gmt":"2021-11-22T13:24:34","slug":"voilier-jolly","status":"publish","type":"product","link":"https:\/\/www.speedmodels.ch\/fr\/produits\/modeles\/bateaux-fr-2\/jeunesse-fr\/voilier-jolly\/","title":{"rendered":"Voilier Jolly"},"content":{"rendered":"<p>Un bateau artisanal simple pour s&rsquo;amuser ensemble avec les enfants. Toutes les pi\u00e8ces sont pr\u00e9d\u00e9coup\u00e9es et s&#8217;embo\u00eetent tr\u00e8s bien. Pour une utilisation dans l&rsquo;eau, le bois doit \u00eatre verni.<\/p>\n<div style=\"text-align:left\" class=\"wps-pgfw-pdf-generate-icon__wrapper-frontend\">\n\t\t<a href=\"https:\/\/www.speedmodels.ch\/fr\/wp-json\/wp\/v2\/product\/21188\/?action=genpdf&amp;id=21188\" class=\"pgfw-single-pdf-download-button\" target=_blank><img src=\"https:\/\/speedmodels.ch\/wp-content\/uploads\/2021\/09\/pdf_icon.png\" title=\"G\u00e9n\u00e9rer un PDF\" style=\"width:auto; height:45px;\"><\/a>\n\t\t<\/div>","protected":false},"excerpt":{"rendered":"<p>Un bateau artisanal simple pour s&rsquo;amuser ensemble avec les enfants. Toutes les pi\u00e8ces sont pr\u00e9d\u00e9coup\u00e9es et s&#8217;embo\u00eetent tr\u00e8s bien. Pour une utilisation dans l&rsquo;eau, le bois doit \u00eatre verni.<\/p>\n","protected":false},"featured_media":9700,"template":"","meta":[],"product_brand":[],"product_cat":[1713,1821,1710],"product_tag":[],"class_list":{"0":"post-21188","1":"product","2":"type-product","3":"status-publish","4":"has-post-thumbnail","6":"product_cat-bateaux-fr-2","7":"product_cat-jeunesse-fr","8":"product_cat-modeles","10":"first","11":"instock","12":"shipping-taxable","13":"product-type-simple"},"_links":{"self":[{"href":"https:\/\/www.speedmodels.ch\/fr\/wp-json\/wp\/v2\/product\/21188","targetHints":{"allow":["GET"]}}],"collection":[{"href":"https:\/\/www.speedmodels.ch\/fr\/wp-json\/wp\/v2\/product"}],"about":[{"href":"https:\/\/www.speedmodels.ch\/fr\/wp-json\/wp\/v2\/types\/product"}],"version-history":[{"count":0,"href":"https:\/\/www.speedmodels.ch\/fr\/wp-json\/wp\/v2\/product\/21188\/revisions"}],"wp:featuredmedia":[{"embeddable":true,"href":"https:\/\/www.speedmodels.ch\/fr\/wp-json\/wp\/v2\/media\/9700"}],"wp:attachment":[{"href":"https:\/\/www.speedmodels.ch\/fr\/wp-json\/wp\/v2\/media?parent=21188"}],"wp:term":[{"taxonomy":"product_brand","embeddable":true,"href":"https:\/\/www.speedmodels.ch\/fr\/wp-json\/wp\/v2\/product_brand?post=21188"},{"taxonomy":"product_cat","embeddable":true,"href":"https:\/\/www.speedmodels.ch\/fr\/wp-json\/wp\/v2\/product_cat?post=21188"},{"taxonomy":"product_tag","embeddable":true,"href":"https:\/\/www.speedmodels.ch\/fr\/wp-json\/wp\/v2\/product_tag?post=21188"}],"curies":[{"name":"wp","href":"https:\/\/api.w.org\/{rel}","templated":true}]}}