{"id":21187,"date":"2021-11-22T14:27:05","date_gmt":"2021-11-22T14:27:05","guid":{"rendered":"https:\/\/www.speedmodels.ch\/produkte\/unkategorisiert\/voilier-bellissima\/"},"modified":"2021-11-22T14:27:05","modified_gmt":"2021-11-22T14:27:05","slug":"voilier-bellissima","status":"publish","type":"product","link":"https:\/\/www.speedmodels.ch\/fr\/produits\/modeles\/bateaux-fr-2\/voiliers\/voilier-bellissima\/","title":{"rendered":"Voilier Bellissima"},"content":{"rendered":"<p>Ce mod\u00e8le est d&rsquo;une beaut\u00e9 en acajou. La structure est en contreplaqu\u00e9 de bouleau et d&rsquo;acajou sur une plaque de gabarit en Depron.  Les pi\u00e8ces en contreplaqu\u00e9 sont toutes d\u00e9coup\u00e9es au laser afin que l&rsquo;assemblage puisse se faire assez rapidement. La structure est si simple que le mod\u00e8le peut \u00e9galement \u00eatre construit avec succ\u00e8s par des d\u00e9butants.  En retirant le toit, vous pouvez facilement acc\u00e9der au syst\u00e8me RC int\u00e9gr\u00e9 et \u00e0 l&rsquo;int\u00e9rieur spacieux de la cabine. Si n\u00e9cessaire, tout l&rsquo;insert du cockpit, con\u00e7u comme une coque \u00e9tanche, peut \u00eatre retir\u00e9 en desserrant une vis.  Bellissima est l&rsquo;agrandissement de notre voilier Bella. La construction des deux mod\u00e8les est identique, mais le Bellissima est une version plus grande de ce beau voilier.<br \/>\nPar rapport \u00e0 la Bella, Bellissima est agrandie par les facteurs suivants :<\/p>\n<p>longueur ca. 50%<br \/>\nhauteur ca. 30%<br \/>\nlargeur ca. 20%<\/p>\n<p>Le kit de mod\u00e8le contient des instructions de construction d\u00e9taill\u00e9es, toutes les pi\u00e8ces en bois, les ferrures et les voiles n\u00e9cessaires \u00e0 la construction. Les pi\u00e8ces sont d\u00e9coup\u00e9es au laser et certaines sont \u00e9galement poin\u00e7onn\u00e9es. Le lest n\u00e9cessaire n&rsquo;est pas inclus dans le kit et doit \u00eatre command\u00e9 s\u00e9par\u00e9ment (n\u00b0 de commande 3012\/10)<\/p>\n<p>hauteur du m\u00e2t: 1370mm<br \/>\nsurfacer voilure foc: 14.8dm\u00b2<br \/>\nsurface voilure principale: 29.1dm\u00b2<br \/>\nd\u00e9placement: 4700gr.<\/p>\n<div style=\"text-align:left\" class=\"wps-pgfw-pdf-generate-icon__wrapper-frontend\">\n\t\t<a href=\"https:\/\/www.speedmodels.ch\/fr\/wp-json\/wp\/v2\/product\/21187\/?action=genpdf&amp;id=21187\" class=\"pgfw-single-pdf-download-button\" target=_blank><img src=\"https:\/\/speedmodels.ch\/wp-content\/uploads\/2021\/09\/pdf_icon.png\" title=\"G\u00e9n\u00e9rer un PDF\" style=\"width:auto; height:45px;\"><\/a>\n\t\t<\/div>","protected":false},"excerpt":{"rendered":"<p>Ce mod\u00e8le est d&rsquo;une beaut\u00e9 en acajou. La structure est en contreplaqu\u00e9 de bouleau et d&rsquo;acajou sur une plaque de gabarit en Depron. Les pi\u00e8ces en contreplaqu\u00e9 sont toutes d\u00e9coup\u00e9es au laser afin que l&rsquo;assemblage puisse se faire assez rapidement. La structure est si simple que le mod\u00e8le peut \u00e9galement \u00eatre construit avec succ\u00e8s par [&hellip;]<\/p>\n","protected":false},"featured_media":9718,"template":"","meta":[],"product_brand":[],"product_cat":[1713,1710,1852],"product_tag":[],"class_list":{"0":"post-21187","1":"product","2":"type-product","3":"status-publish","4":"has-post-thumbnail","6":"product_cat-bateaux-fr-2","7":"product_cat-modeles","8":"product_cat-voiliers","10":"first","11":"instock","12":"shipping-taxable","13":"product-type-simple"},"_links":{"self":[{"href":"https:\/\/www.speedmodels.ch\/fr\/wp-json\/wp\/v2\/product\/21187","targetHints":{"allow":["GET"]}}],"collection":[{"href":"https:\/\/www.speedmodels.ch\/fr\/wp-json\/wp\/v2\/product"}],"about":[{"href":"https:\/\/www.speedmodels.ch\/fr\/wp-json\/wp\/v2\/types\/product"}],"version-history":[{"count":0,"href":"https:\/\/www.speedmodels.ch\/fr\/wp-json\/wp\/v2\/product\/21187\/revisions"}],"wp:featuredmedia":[{"embeddable":true,"href":"https:\/\/www.speedmodels.ch\/fr\/wp-json\/wp\/v2\/media\/9718"}],"wp:attachment":[{"href":"https:\/\/www.speedmodels.ch\/fr\/wp-json\/wp\/v2\/media?parent=21187"}],"wp:term":[{"taxonomy":"product_brand","embeddable":true,"href":"https:\/\/www.speedmodels.ch\/fr\/wp-json\/wp\/v2\/product_brand?post=21187"},{"taxonomy":"product_cat","embeddable":true,"href":"https:\/\/www.speedmodels.ch\/fr\/wp-json\/wp\/v2\/product_cat?post=21187"},{"taxonomy":"product_tag","embeddable":true,"href":"https:\/\/www.speedmodels.ch\/fr\/wp-json\/wp\/v2\/product_tag?post=21187"}],"curies":[{"name":"wp","href":"https:\/\/api.w.org\/{rel}","templated":true}]}}