{"id":21186,"date":"2021-11-22T14:07:09","date_gmt":"2021-11-22T14:07:09","guid":{"rendered":"https:\/\/www.speedmodels.ch\/produkte\/unkategorisiert\/voilier-hansajolle\/"},"modified":"2021-11-22T14:07:09","modified_gmt":"2021-11-22T14:07:09","slug":"voilier-hansajolle","status":"publish","type":"product","link":"https:\/\/www.speedmodels.ch\/fr\/produits\/modeles\/bateaux-fr-2\/voiliers\/voilier-hansajolle\/","title":{"rendered":"Voilier Hansajolle"},"content":{"rendered":"<p>Le voilier Hansajolle a \u00e9t\u00e9 construit 224 fois par Abeking &amp; Rasmussen entre 1948 et 1969. Dessin\u00e9e par Henry Rasmussen d\u00e8s les ann\u00e9es 1920, la d\u00e9rive petite quille est tr\u00e8s appr\u00e9ci\u00e9e pour sa polyvalence et devient la classe monotype de la DSV.  Le bateau de 5,85 m\u00e8tres de long a \u00e9t\u00e9 con\u00e7u comme un petit bateau de croisi\u00e8re s\u00fbr pour les zones int\u00e9rieures et c\u00f4ti\u00e8res. La cabine \u00e9tait petite, mais il y avait assez d&rsquo;espace pour 2 lits.  Le prix en 1958 \u00e9tait d&rsquo;environ 7 000 DM et le voilier Hansajolle n \u00b0 79 (Solveig), avec lequel Rollo Gebhard a navigu\u00e9 vers la mer Rouge en 1960\/61, est devenu c\u00e9l\u00e8bre. Le lest en plomb de 160kg et la petite cabine donnent au bateau la stabilit\u00e9 et la s\u00e9curit\u00e9 n\u00e9cessaires. \u00c0 ce jour, le d\u00e9riveur Hansa est une classe active dans la DSV. Le kit de mod\u00e8le \u00e0 l&rsquo;\u00e9chelle 1:6,5 est con\u00e7u pour les d\u00e9butants, mais aussi pour les utilisateurs avanc\u00e9s et est largement bas\u00e9 sur son mod\u00e8le. Le mod\u00e8le peut \u00eatre utilis\u00e9 avec ou sans t\u00e9l\u00e9commande, l&rsquo;installation d&rsquo;un syst\u00e8me RC est pr\u00e9par\u00e9e.  L&rsquo;int\u00e9rieur se compose de pi\u00e8ces de contreplaqu\u00e9 d\u00e9coup\u00e9es avec pr\u00e9cision qui sont coll\u00e9es ensemble dans la coque emboutie. Le pont avec les planches imprim\u00e9es est d\u00e9coup\u00e9 pour s&rsquo;adapter parfaitement. En tant que marin par vent l\u00e9ger, le mod\u00e8le, bas\u00e9 sur le d\u00e9riveur original Hansa, est enti\u00e8rement con\u00e7u comme une construction classique en bois avec une coque en plastique de haute qualit\u00e9. Cela permet au maquettiste de mettre en place facilement le mod\u00e8le, qui est \u00e9tanche d\u00e8s le d\u00e9part.  Si vous souhaitez faire fonctionner le mod\u00e8le par vent plus fort, il est n\u00e9cessaire de fixer un lest suppl\u00e9mentaire amovible sur la d\u00e9rive.<br \/>\nLe kit de mod\u00e8le contient : des instructions de construction d\u00e9taill\u00e9es avec les \u00e9tapes de construction, une coque en plastique emboutie et frais\u00e9e, des voiles, toutes les pi\u00e8ces en bois telles que le pont, les cadres, le m\u00e2t, la cabine et le gouvernail ainsi que tous les raccords et accessoires.<\/p>\n<p>\u00e9chelle: 1:6.5<br \/>\nhauteur du m\u00e2t: 1050mm<br \/>\nsurface voilure foc: 10dm\u00b2<br \/>\nsurface voilure principale: 25dm\u00b2<br \/>\nprofindeur: 170mm<\/p>\n<div style=\"text-align:left\" class=\"wps-pgfw-pdf-generate-icon__wrapper-frontend\">\n\t\t<a href=\"https:\/\/www.speedmodels.ch\/fr\/wp-json\/wp\/v2\/product\/21186\/?action=genpdf&amp;id=21186\" class=\"pgfw-single-pdf-download-button\" target=_blank><img src=\"https:\/\/speedmodels.ch\/wp-content\/uploads\/2021\/09\/pdf_icon.png\" title=\"G\u00e9n\u00e9rer un PDF\" style=\"width:auto; height:45px;\"><\/a>\n\t\t<\/div>","protected":false},"excerpt":{"rendered":"<p>Le voilier Hansajolle a \u00e9t\u00e9 construit 224 fois par Abeking &amp; Rasmussen entre 1948 et 1969. Dessin\u00e9e par Henry Rasmussen d\u00e8s les ann\u00e9es 1920, la d\u00e9rive petite quille est tr\u00e8s appr\u00e9ci\u00e9e pour sa polyvalence et devient la classe monotype de la DSV. Le bateau de 5,85 m\u00e8tres de long a \u00e9t\u00e9 con\u00e7u comme un petit [&hellip;]<\/p>\n","protected":false},"featured_media":9717,"template":"","meta":[],"product_brand":[],"product_cat":[1713,1710,1852],"product_tag":[],"class_list":{"0":"post-21186","1":"product","2":"type-product","3":"status-publish","4":"has-post-thumbnail","6":"product_cat-bateaux-fr-2","7":"product_cat-modeles","8":"product_cat-voiliers","10":"first","11":"instock","12":"shipping-taxable","13":"product-type-simple"},"_links":{"self":[{"href":"https:\/\/www.speedmodels.ch\/fr\/wp-json\/wp\/v2\/product\/21186","targetHints":{"allow":["GET"]}}],"collection":[{"href":"https:\/\/www.speedmodels.ch\/fr\/wp-json\/wp\/v2\/product"}],"about":[{"href":"https:\/\/www.speedmodels.ch\/fr\/wp-json\/wp\/v2\/types\/product"}],"version-history":[{"count":0,"href":"https:\/\/www.speedmodels.ch\/fr\/wp-json\/wp\/v2\/product\/21186\/revisions"}],"wp:featuredmedia":[{"embeddable":true,"href":"https:\/\/www.speedmodels.ch\/fr\/wp-json\/wp\/v2\/media\/9717"}],"wp:attachment":[{"href":"https:\/\/www.speedmodels.ch\/fr\/wp-json\/wp\/v2\/media?parent=21186"}],"wp:term":[{"taxonomy":"product_brand","embeddable":true,"href":"https:\/\/www.speedmodels.ch\/fr\/wp-json\/wp\/v2\/product_brand?post=21186"},{"taxonomy":"product_cat","embeddable":true,"href":"https:\/\/www.speedmodels.ch\/fr\/wp-json\/wp\/v2\/product_cat?post=21186"},{"taxonomy":"product_tag","embeddable":true,"href":"https:\/\/www.speedmodels.ch\/fr\/wp-json\/wp\/v2\/product_tag?post=21186"}],"curies":[{"name":"wp","href":"https:\/\/api.w.org\/{rel}","templated":true}]}}