{"id":21185,"date":"2021-11-22T13:53:57","date_gmt":"2021-11-22T13:53:57","guid":{"rendered":"https:\/\/www.speedmodels.ch\/produkte\/unkategorisiert\/voilier-pinguin\/"},"modified":"2021-11-22T13:53:57","modified_gmt":"2021-11-22T13:53:57","slug":"voilier-pinguin","status":"publish","type":"product","link":"https:\/\/www.speedmodels.ch\/fr\/produits\/modeles\/bateaux-fr-2\/voiliers\/voilier-pinguin\/","title":{"rendered":"Voilier Pinguin"},"content":{"rendered":"<p>Le voilier Pinguin remonte aux d\u00e9buts du mod\u00e9lisme. Le yacht mod\u00e8le est pr\u00e9sent\u00e9 en deux versions avec le plan de construction, de sorte que vous pouvez construire un yacht \u00e0 cabine ou un pont lisse avec le kit. La construction r\u00e9aliste avec des planches de bois met en valeur le mod\u00e8le \u00e9l\u00e9gant, qui a \u00e9galement \u00e9t\u00e9 utilis\u00e9 dans les comp\u00e9titions.  Le kit contient des pi\u00e8ces en bois non coup\u00e9es que vous devez scier vous-m\u00eame. Il s&rsquo;adresse donc aux mod\u00e9listes ayant l&rsquo;exp\u00e9rience appropri\u00e9e. Le kit contient une notice de montage avec un plan, des pi\u00e8ces en bois poin\u00e7onn\u00e9es et\/ou imprim\u00e9es \u00e0 scier soi-m\u00eame, m\u00e2t, bord\u00e9, voiles, fil de gr\u00e9ement, accastillage.<\/p>\n<p>surface de voile en tout: 9.85dm\u00b2<br \/>\nsurface en voilure foc: 1.46dm\u00b2<br \/>\nsurface en voilure pricipale: 8.39dm\u00b2<br \/>\nprofondeur: 120mm<\/p>\n<div style=\"text-align:left\" class=\"wps-pgfw-pdf-generate-icon__wrapper-frontend\">\n\t\t<a href=\"https:\/\/www.speedmodels.ch\/fr\/wp-json\/wp\/v2\/product\/21185\/?action=genpdf&amp;id=21185\" class=\"pgfw-single-pdf-download-button\" target=_blank><img src=\"https:\/\/speedmodels.ch\/wp-content\/uploads\/2021\/09\/pdf_icon.png\" title=\"G\u00e9n\u00e9rer un PDF\" style=\"width:auto; height:45px;\"><\/a>\n\t\t<\/div>","protected":false},"excerpt":{"rendered":"<p>Le voilier Pinguin remonte aux d\u00e9buts du mod\u00e9lisme. Le yacht mod\u00e8le est pr\u00e9sent\u00e9 en deux versions avec le plan de construction, de sorte que vous pouvez construire un yacht \u00e0 cabine ou un pont lisse avec le kit. La construction r\u00e9aliste avec des planches de bois met en valeur le mod\u00e8le \u00e9l\u00e9gant, qui a \u00e9galement [&hellip;]<\/p>\n","protected":false},"featured_media":9716,"template":"","meta":[],"product_brand":[],"product_cat":[1713,1710,1852],"product_tag":[],"class_list":{"0":"post-21185","1":"product","2":"type-product","3":"status-publish","4":"has-post-thumbnail","6":"product_cat-bateaux-fr-2","7":"product_cat-modeles","8":"product_cat-voiliers","10":"first","11":"instock","12":"shipping-taxable","13":"product-type-simple"},"_links":{"self":[{"href":"https:\/\/www.speedmodels.ch\/fr\/wp-json\/wp\/v2\/product\/21185","targetHints":{"allow":["GET"]}}],"collection":[{"href":"https:\/\/www.speedmodels.ch\/fr\/wp-json\/wp\/v2\/product"}],"about":[{"href":"https:\/\/www.speedmodels.ch\/fr\/wp-json\/wp\/v2\/types\/product"}],"version-history":[{"count":0,"href":"https:\/\/www.speedmodels.ch\/fr\/wp-json\/wp\/v2\/product\/21185\/revisions"}],"wp:featuredmedia":[{"embeddable":true,"href":"https:\/\/www.speedmodels.ch\/fr\/wp-json\/wp\/v2\/media\/9716"}],"wp:attachment":[{"href":"https:\/\/www.speedmodels.ch\/fr\/wp-json\/wp\/v2\/media?parent=21185"}],"wp:term":[{"taxonomy":"product_brand","embeddable":true,"href":"https:\/\/www.speedmodels.ch\/fr\/wp-json\/wp\/v2\/product_brand?post=21185"},{"taxonomy":"product_cat","embeddable":true,"href":"https:\/\/www.speedmodels.ch\/fr\/wp-json\/wp\/v2\/product_cat?post=21185"},{"taxonomy":"product_tag","embeddable":true,"href":"https:\/\/www.speedmodels.ch\/fr\/wp-json\/wp\/v2\/product_tag?post=21185"}],"curies":[{"name":"wp","href":"https:\/\/api.w.org\/{rel}","templated":true}]}}