{"id":21184,"date":"2021-11-22T13:48:29","date_gmt":"2021-11-22T13:48:29","guid":{"rendered":"https:\/\/www.speedmodels.ch\/produkte\/unkategorisiert\/voilier-bella\/"},"modified":"2021-11-22T13:48:29","modified_gmt":"2021-11-22T13:48:29","slug":"voilier-bella","status":"publish","type":"product","link":"https:\/\/www.speedmodels.ch\/fr\/produits\/modeles\/bateaux-fr-2\/voiliers\/voilier-bella\/","title":{"rendered":"Voilier Bella"},"content":{"rendered":"<p>Bella est notre navire de r\u00eave avec beaucoup de vrai bois d&rsquo;acajou. Le bateau est construit dans la construction \u00e0 \u00e9chine \u00e9prouv\u00e9e sur une plaque de gabarit Depron, que l&rsquo;a\u00e9ro-naute a introduite avec le bateau Classic. La structure est si simple que le mod\u00e8le peut \u00e9galement \u00eatre construit avec succ\u00e8s par des d\u00e9butants.  En retirant le toit, vous pouvez facilement acc\u00e9der au syst\u00e8me RC int\u00e9gr\u00e9 et \u00e0 l&rsquo;int\u00e9rieur spacieux de la cabine. Si n\u00e9cessaire, tout l&rsquo;insert du cockpit, con\u00e7u comme une coque \u00e9tanche, peut \u00eatre retir\u00e9 en desserrant une vis.  Ensuite la coque est ouverte sur toute la longueur du m\u00e2t \u00e0 la poupe. Le kit de mod\u00e8le contient des instructions de construction d\u00e9taill\u00e9es, toutes les pi\u00e8ces en bois, les ferrures et les voiles n\u00e9cessaires \u00e0 la construction. Les pi\u00e8ces sont d\u00e9coup\u00e9es au laser et certaines sont \u00e9galement poin\u00e7onn\u00e9es.<\/p>\n<p>hauteur du m\u00e2t: 1050mm<br \/>\nsurface de voile foc: 8.7dm\u00b2<br \/>\nsurface de voilure pricipale: 15.4dm\u00b2<br \/>\nd\u00e9placement: 2600gr.<\/p>\n<div style=\"text-align:left\" class=\"wps-pgfw-pdf-generate-icon__wrapper-frontend\">\n\t\t<a href=\"https:\/\/www.speedmodels.ch\/fr\/wp-json\/wp\/v2\/product\/21184\/?action=genpdf&amp;id=21184\" class=\"pgfw-single-pdf-download-button\" target=_blank><img src=\"https:\/\/speedmodels.ch\/wp-content\/uploads\/2021\/09\/pdf_icon.png\" title=\"G\u00e9n\u00e9rer un PDF\" style=\"width:auto; height:45px;\"><\/a>\n\t\t<\/div>","protected":false},"excerpt":{"rendered":"<p>Bella est notre navire de r\u00eave avec beaucoup de vrai bois d&rsquo;acajou. Le bateau est construit dans la construction \u00e0 \u00e9chine \u00e9prouv\u00e9e sur une plaque de gabarit Depron, que l&rsquo;a\u00e9ro-naute a introduite avec le bateau Classic. La structure est si simple que le mod\u00e8le peut \u00e9galement \u00eatre construit avec succ\u00e8s par des d\u00e9butants. En retirant [&hellip;]<\/p>\n","protected":false},"featured_media":9713,"template":"","meta":[],"product_brand":[],"product_cat":[1713,1710,1852],"product_tag":[],"class_list":{"0":"post-21184","1":"product","2":"type-product","3":"status-publish","4":"has-post-thumbnail","6":"product_cat-bateaux-fr-2","7":"product_cat-modeles","8":"product_cat-voiliers","10":"first","11":"instock","12":"shipping-taxable","13":"product-type-simple"},"_links":{"self":[{"href":"https:\/\/www.speedmodels.ch\/fr\/wp-json\/wp\/v2\/product\/21184","targetHints":{"allow":["GET"]}}],"collection":[{"href":"https:\/\/www.speedmodels.ch\/fr\/wp-json\/wp\/v2\/product"}],"about":[{"href":"https:\/\/www.speedmodels.ch\/fr\/wp-json\/wp\/v2\/types\/product"}],"version-history":[{"count":0,"href":"https:\/\/www.speedmodels.ch\/fr\/wp-json\/wp\/v2\/product\/21184\/revisions"}],"wp:featuredmedia":[{"embeddable":true,"href":"https:\/\/www.speedmodels.ch\/fr\/wp-json\/wp\/v2\/media\/9713"}],"wp:attachment":[{"href":"https:\/\/www.speedmodels.ch\/fr\/wp-json\/wp\/v2\/media?parent=21184"}],"wp:term":[{"taxonomy":"product_brand","embeddable":true,"href":"https:\/\/www.speedmodels.ch\/fr\/wp-json\/wp\/v2\/product_brand?post=21184"},{"taxonomy":"product_cat","embeddable":true,"href":"https:\/\/www.speedmodels.ch\/fr\/wp-json\/wp\/v2\/product_cat?post=21184"},{"taxonomy":"product_tag","embeddable":true,"href":"https:\/\/www.speedmodels.ch\/fr\/wp-json\/wp\/v2\/product_tag?post=21184"}],"curies":[{"name":"wp","href":"https:\/\/api.w.org\/{rel}","templated":true}]}}