{"id":21183,"date":"2021-11-25T09:55:58","date_gmt":"2021-11-25T09:55:58","guid":{"rendered":"https:\/\/www.speedmodels.ch\/produkte\/unkategorisiert\/bateau-de-sport-queen\/"},"modified":"2021-11-25T09:55:58","modified_gmt":"2021-11-25T09:55:58","slug":"bateau-de-sport-queen","status":"publish","type":"product","link":"https:\/\/www.speedmodels.ch\/fr\/produits\/modeles\/bateaux-fr-2\/bateaux-electriques\/bateau-de-sport-queen\/","title":{"rendered":"Bateau de sport Queen"},"content":{"rendered":"<p>Queen est un bateau en bois aux allures de maquette des ann\u00e9es 1960. A cette \u00e9poque, les bateaux de sport \u00e9taient encore en bois d&rsquo;acajou fin &#8211; comme notre reine Queen.  La forme de coque \u00e9prouv\u00e9e des deux mod\u00e8les, Classic-Sportboot et Diva, a \u00e9t\u00e9 adopt\u00e9e dans la construction et encore agrandie, ainsi que compl\u00e9t\u00e9e par une nouvelle structure. Afin que ce mod\u00e8le soit bien prot\u00e9g\u00e9 contre les projections d&rsquo;eau, les parties lat\u00e9rales de la superstructure sont solidement coll\u00e9es au fuselage. Pour acc\u00e9der \u00e0 l&rsquo;int\u00e9rieur, le toit de la cabine est retir\u00e9 et le cockpit est retir\u00e9 dans son ensemble de la partie arri\u00e8re du fuselage.  Ce mod\u00e8le est un kit en bois avec bouchains durs, condition sine qua non pour un montage facile et rapide. Toutes les pi\u00e8ces en bois sont en grande partie pr\u00e9par\u00e9es et peuvent \u00eatre coll\u00e9es imm\u00e9diatement apr\u00e8s un court ajustement.  Le montage se d\u00e9roule de la m\u00eame mani\u00e8re qu&rsquo;avec le bateau de sport classique et Diva : une plaque Depron pr\u00e9-perfor\u00e9e sert d&rsquo;heling, dans lequel les cadres sont fix\u00e9s. Apr\u00e8s avoir ins\u00e9r\u00e9 la quille et les 2 poutres longitudinales, toute la structure du cadre est d\u00e9j\u00e0 align\u00e9e. Le kit de mod\u00e8le contient toutes les pi\u00e8ces en bois, les raccords et l&rsquo;arbre du navire n\u00e9cessaires \u00e0 la construction. <\/p>\n<p>Entrainement ECO<\/p>\n<table width=\"605\">\n<tbody>\n<tr>\n<td width=\"293\">moteur<\/td>\n<td width=\"312\">7003\/11 (actro-n 35-4-790)<\/td>\n<\/tr>\n<tr>\n<td>variateur<\/td>\n<td>7003\/42 (actro-marine 30)<\/td>\n<\/tr>\n<tr>\n<td>h\u00e9lice<\/td>\n<td>40 mm 3-pales 7166\/05<\/td>\n<\/tr>\n<tr>\n<td>cardan<\/td>\n<td>7035\/74 (5\/4 mm)<\/td>\n<\/tr>\n<tr>\n<td>recommandation d&rsquo;accu<\/td>\n<td>2s Lipo<\/td>\n<\/tr>\n<\/tbody>\n<\/table>\n<p>&nbsp;<\/p>\n<p>Entrainement POWER<\/p>\n<table width=\"605\">\n<tbody>\n<tr>\n<td width=\"293\">moteur<\/td>\n<td width=\"312\">7003\/11 (actro-n 35-4-790)<\/td>\n<\/tr>\n<tr>\n<td>variateur<\/td>\n<td>7003\/44 (actro-marine 60)<\/td>\n<\/tr>\n<tr>\n<td>h\u00e9lice<\/td>\n<td>50 mm 3-pales 7166\/11<\/td>\n<\/tr>\n<tr>\n<td>cardan<\/td>\n<td>7035\/74 (5\/4 mm)<\/td>\n<\/tr>\n<tr>\n<td>recommandation d&rsquo;accu<\/td>\n<td>3s Lipo<\/td>\n<\/tr>\n<\/tbody>\n<\/table>\n<div style=\"text-align:left\" class=\"wps-pgfw-pdf-generate-icon__wrapper-frontend\">\n\t\t<a href=\"https:\/\/www.speedmodels.ch\/fr\/wp-json\/wp\/v2\/product\/21183\/?action=genpdf&amp;id=21183\" class=\"pgfw-single-pdf-download-button\" target=_blank><img src=\"https:\/\/speedmodels.ch\/wp-content\/uploads\/2021\/09\/pdf_icon.png\" title=\"G\u00e9n\u00e9rer un PDF\" style=\"width:auto; height:45px;\"><\/a>\n\t\t<\/div>","protected":false},"excerpt":{"rendered":"<p>Queen est un bateau en bois aux allures de maquette des ann\u00e9es 1960. A cette \u00e9poque, les bateaux de sport \u00e9taient encore en bois d&rsquo;acajou fin &#8211; comme notre reine Queen. La forme de coque \u00e9prouv\u00e9e des deux mod\u00e8les, Classic-Sportboot et Diva, a \u00e9t\u00e9 adopt\u00e9e dans la construction et encore agrandie, ainsi que compl\u00e9t\u00e9e par [&hellip;]<\/p>\n","protected":false},"featured_media":9814,"template":"","meta":[],"product_brand":[],"product_cat":[1713,1714,1715,1710],"product_tag":[],"class_list":{"0":"post-21183","1":"product","2":"type-product","3":"status-publish","4":"has-post-thumbnail","6":"product_cat-bateaux-fr-2","7":"product_cat-bateaux-electriques","8":"product_cat-bateaux-prototypiques","9":"product_cat-modeles","11":"first","12":"instock","13":"shipping-taxable","14":"product-type-simple"},"_links":{"self":[{"href":"https:\/\/www.speedmodels.ch\/fr\/wp-json\/wp\/v2\/product\/21183","targetHints":{"allow":["GET"]}}],"collection":[{"href":"https:\/\/www.speedmodels.ch\/fr\/wp-json\/wp\/v2\/product"}],"about":[{"href":"https:\/\/www.speedmodels.ch\/fr\/wp-json\/wp\/v2\/types\/product"}],"version-history":[{"count":0,"href":"https:\/\/www.speedmodels.ch\/fr\/wp-json\/wp\/v2\/product\/21183\/revisions"}],"wp:featuredmedia":[{"embeddable":true,"href":"https:\/\/www.speedmodels.ch\/fr\/wp-json\/wp\/v2\/media\/9814"}],"wp:attachment":[{"href":"https:\/\/www.speedmodels.ch\/fr\/wp-json\/wp\/v2\/media?parent=21183"}],"wp:term":[{"taxonomy":"product_brand","embeddable":true,"href":"https:\/\/www.speedmodels.ch\/fr\/wp-json\/wp\/v2\/product_brand?post=21183"},{"taxonomy":"product_cat","embeddable":true,"href":"https:\/\/www.speedmodels.ch\/fr\/wp-json\/wp\/v2\/product_cat?post=21183"},{"taxonomy":"product_tag","embeddable":true,"href":"https:\/\/www.speedmodels.ch\/fr\/wp-json\/wp\/v2\/product_tag?post=21183"}],"curies":[{"name":"wp","href":"https:\/\/api.w.org\/{rel}","templated":true}]}}