{"id":21182,"date":"2021-11-25T09:58:19","date_gmt":"2021-11-25T09:58:19","guid":{"rendered":"https:\/\/www.speedmodels.ch\/produkte\/unkategorisiert\/bateau-de-sport-prinzess\/"},"modified":"2021-11-25T09:58:19","modified_gmt":"2021-11-25T09:58:19","slug":"bateau-de-sport-prinzess","status":"publish","type":"product","link":"https:\/\/www.speedmodels.ch\/fr\/produits\/modeles\/bateaux-fr-2\/bateaux-electriques\/bateau-de-sport-prinzess\/","title":{"rendered":"Bateau de sport Prinzess"},"content":{"rendered":"<p>Princess est une r\u00e9plique d&rsquo;un bateau de sport bas\u00e9 sur des mod\u00e8les italiens du milieu du si\u00e8cle dernier \u00e0 l&rsquo;\u00e9chelle d&rsquo;environ 1:8. Alors comme aujourd&rsquo;hui, la princesse \u00e9tait faite de bois d&rsquo;acajou fin.  Le kit est une construction tout bois (contreplaqu\u00e9 et acajou) avec des bouchains durs, condition sine qua non pour un montage facile et rapide. Toutes les pi\u00e8ces en bois sont en grande partie pr\u00e9fabriqu\u00e9es, d\u00e9coup\u00e9es au laser ou poin\u00e7onn\u00e9es et peuvent \u00eatre coll\u00e9es imm\u00e9diatement apr\u00e8s un court ajustement.  Une plaque de poin\u00e7onnage Depron sert de gabarit, ce qui vous permet de commencer \u00e0 construire sans aucun probl\u00e8me. La coque a \u00e9t\u00e9 reprise de notre mod\u00e8le Queen et y a tr\u00e8s bien fait ses preuves. La construction int\u00e9rieure visible peut \u00eatre retir\u00e9e en tant que coque compl\u00e8te (\u00e9tanche), ce qui permet un acc\u00e8s g\u00e9n\u00e9reux \u00e0 l&rsquo;unit\u00e9 d&rsquo;entra\u00eenement ou \u00e0 l&rsquo;installation RC.<br \/>\nLe kit de mod\u00e8le contient : Toutes les pi\u00e8ces en bois n\u00e9cessaires \u00e0 la construction, les raccords et l&rsquo;arbre du navire<\/p>\n<div style=\"text-align:left\" class=\"wps-pgfw-pdf-generate-icon__wrapper-frontend\">\n\t\t<a href=\"https:\/\/www.speedmodels.ch\/fr\/wp-json\/wp\/v2\/product\/21182\/?action=genpdf&amp;id=21182\" class=\"pgfw-single-pdf-download-button\" target=_blank><img src=\"https:\/\/speedmodels.ch\/wp-content\/uploads\/2021\/09\/pdf_icon.png\" title=\"G\u00e9n\u00e9rer un PDF\" style=\"width:auto; height:45px;\"><\/a>\n\t\t<\/div>","protected":false},"excerpt":{"rendered":"<p>Princess est une r\u00e9plique d&rsquo;un bateau de sport bas\u00e9 sur des mod\u00e8les italiens du milieu du si\u00e8cle dernier \u00e0 l&rsquo;\u00e9chelle d&rsquo;environ 1:8. Alors comme aujourd&rsquo;hui, la princesse \u00e9tait faite de bois d&rsquo;acajou fin. Le kit est une construction tout bois (contreplaqu\u00e9 et acajou) avec des bouchains durs, condition sine qua non pour un montage facile [&hellip;]<\/p>\n","protected":false},"featured_media":9817,"template":"","meta":[],"product_brand":[],"product_cat":[1713,1714,1715,1710],"product_tag":[],"class_list":{"0":"post-21182","1":"product","2":"type-product","3":"status-publish","4":"has-post-thumbnail","6":"product_cat-bateaux-fr-2","7":"product_cat-bateaux-electriques","8":"product_cat-bateaux-prototypiques","9":"product_cat-modeles","11":"first","12":"instock","13":"shipping-taxable","14":"product-type-simple"},"_links":{"self":[{"href":"https:\/\/www.speedmodels.ch\/fr\/wp-json\/wp\/v2\/product\/21182","targetHints":{"allow":["GET"]}}],"collection":[{"href":"https:\/\/www.speedmodels.ch\/fr\/wp-json\/wp\/v2\/product"}],"about":[{"href":"https:\/\/www.speedmodels.ch\/fr\/wp-json\/wp\/v2\/types\/product"}],"version-history":[{"count":0,"href":"https:\/\/www.speedmodels.ch\/fr\/wp-json\/wp\/v2\/product\/21182\/revisions"}],"wp:featuredmedia":[{"embeddable":true,"href":"https:\/\/www.speedmodels.ch\/fr\/wp-json\/wp\/v2\/media\/9817"}],"wp:attachment":[{"href":"https:\/\/www.speedmodels.ch\/fr\/wp-json\/wp\/v2\/media?parent=21182"}],"wp:term":[{"taxonomy":"product_brand","embeddable":true,"href":"https:\/\/www.speedmodels.ch\/fr\/wp-json\/wp\/v2\/product_brand?post=21182"},{"taxonomy":"product_cat","embeddable":true,"href":"https:\/\/www.speedmodels.ch\/fr\/wp-json\/wp\/v2\/product_cat?post=21182"},{"taxonomy":"product_tag","embeddable":true,"href":"https:\/\/www.speedmodels.ch\/fr\/wp-json\/wp\/v2\/product_tag?post=21182"}],"curies":[{"name":"wp","href":"https:\/\/api.w.org\/{rel}","templated":true}]}}