{"id":21167,"date":"2021-11-23T13:12:26","date_gmt":"2021-11-23T13:12:26","guid":{"rendered":"https:\/\/www.speedmodels.ch\/produkte\/unkategorisiert\/barge-ramboline\/"},"modified":"2021-11-23T13:12:26","modified_gmt":"2021-11-23T13:12:26","slug":"barge-ramboline","status":"publish","type":"product","link":"https:\/\/www.speedmodels.ch\/fr\/produits\/modeles\/bateaux-fr-2\/bateaux-electriques\/barge-ramboline\/","title":{"rendered":"Barge Ramboline"},"content":{"rendered":"<p>La Ramboline est une r\u00e9plique libre d&rsquo;une barge pouss\u00e9e destin\u00e9e \u00e0 \u00eatre attel\u00e9e au Ramborator. Le briquet a un rabat d&rsquo;arc qui peut \u00eatre actionn\u00e9 via RC.  Le volet est command\u00e9 via un treuil de voile ou un servo \u00e0 180\u00b0. Des charges jusqu&rsquo;\u00e0 14,3 kg peuvent \u00eatre transport\u00e9es.  Les dimensions de la zone de chargement permettent de transporter des semi-remorques \u00e0 l&rsquo;\u00e9chelle 1:14,5. Le mod\u00e8le est divis\u00e9 en 8 compartiments \u00e9tanches.  Les composants RC sont log\u00e9s \u00e0 l&rsquo;arri\u00e8re. Dans la zone de proue, un propulseur transversal en option peut \u00eatre install\u00e9.  Le mod\u00e8le est en grande partie construit en ABS. Toutes les pi\u00e8ces en ABS sont d\u00e9coup\u00e9es au laser avec pr\u00e9cision et sont enfich\u00e9es les unes dans les autres et coll\u00e9es. Les trappes pour les composants RC et le propulseur d&rsquo;\u00e9trave sont boulonn\u00e9es \u00e9tanches. <\/p>\n<p>Le mod\u00e8le de pouss\u00e9e Ramborator n&rsquo;est pas inclus dans le kit et peut \u00eatre command\u00e9 s\u00e9par\u00e9ment sous le num\u00e9ro d&rsquo;article AN-3048\/00.<\/p>\n<p>Le kit de mod\u00e8le contient : toutes les pi\u00e8ces laser ABS n\u00e9cessaires \u00e0 la construction, des pi\u00e8ces en plastique suppl\u00e9mentaires, des raccords et des instructions de montage d\u00e9taill\u00e9es.<\/p>\n<p>longueur lit de camion: 1117mm<br \/>\nLargeur lit de camion: 200mm<br \/>\ncapacit\u00e9 de transport: 14.300 Kg<\/p>\n<div style=\"text-align:left\" class=\"wps-pgfw-pdf-generate-icon__wrapper-frontend\">\n\t\t<a href=\"https:\/\/www.speedmodels.ch\/fr\/wp-json\/wp\/v2\/product\/21167\/?action=genpdf&amp;id=21167\" class=\"pgfw-single-pdf-download-button\" target=_blank><img src=\"https:\/\/speedmodels.ch\/wp-content\/uploads\/2021\/09\/pdf_icon.png\" title=\"G\u00e9n\u00e9rer un PDF\" style=\"width:auto; height:45px;\"><\/a>\n\t\t<\/div>","protected":false},"excerpt":{"rendered":"<p>La Ramboline est une r\u00e9plique libre d&rsquo;une barge pouss\u00e9e destin\u00e9e \u00e0 \u00eatre attel\u00e9e au Ramborator. Le briquet a un rabat d&rsquo;arc qui peut \u00eatre actionn\u00e9 via RC. Le volet est command\u00e9 via un treuil de voile ou un servo \u00e0 180\u00b0. Des charges jusqu&rsquo;\u00e0 14,3 kg peuvent \u00eatre transport\u00e9es. Les dimensions de la zone de [&hellip;]<\/p>\n","protected":false},"featured_media":9757,"template":"","meta":[],"product_brand":[],"product_cat":[1713,1714,1710],"product_tag":[],"class_list":{"0":"post-21167","1":"product","2":"type-product","3":"status-publish","4":"has-post-thumbnail","6":"product_cat-bateaux-fr-2","7":"product_cat-bateaux-electriques","8":"product_cat-modeles","10":"first","11":"instock","12":"shipping-taxable","13":"product-type-simple"},"_links":{"self":[{"href":"https:\/\/www.speedmodels.ch\/fr\/wp-json\/wp\/v2\/product\/21167","targetHints":{"allow":["GET"]}}],"collection":[{"href":"https:\/\/www.speedmodels.ch\/fr\/wp-json\/wp\/v2\/product"}],"about":[{"href":"https:\/\/www.speedmodels.ch\/fr\/wp-json\/wp\/v2\/types\/product"}],"version-history":[{"count":0,"href":"https:\/\/www.speedmodels.ch\/fr\/wp-json\/wp\/v2\/product\/21167\/revisions"}],"wp:featuredmedia":[{"embeddable":true,"href":"https:\/\/www.speedmodels.ch\/fr\/wp-json\/wp\/v2\/media\/9757"}],"wp:attachment":[{"href":"https:\/\/www.speedmodels.ch\/fr\/wp-json\/wp\/v2\/media?parent=21167"}],"wp:term":[{"taxonomy":"product_brand","embeddable":true,"href":"https:\/\/www.speedmodels.ch\/fr\/wp-json\/wp\/v2\/product_brand?post=21167"},{"taxonomy":"product_cat","embeddable":true,"href":"https:\/\/www.speedmodels.ch\/fr\/wp-json\/wp\/v2\/product_cat?post=21167"},{"taxonomy":"product_tag","embeddable":true,"href":"https:\/\/www.speedmodels.ch\/fr\/wp-json\/wp\/v2\/product_tag?post=21167"}],"curies":[{"name":"wp","href":"https:\/\/api.w.org\/{rel}","templated":true}]}}