{"id":21165,"date":"2021-11-22T13:42:45","date_gmt":"2021-11-22T13:42:45","guid":{"rendered":"https:\/\/www.speedmodels.ch\/produkte\/unkategorisiert\/voilier-lili\/"},"modified":"2021-11-22T13:42:45","modified_gmt":"2021-11-22T13:42:45","slug":"voilier-lili","status":"publish","type":"product","link":"https:\/\/www.speedmodels.ch\/fr\/produits\/modeles\/bateaux-fr-2\/voiliers\/voilier-lili\/","title":{"rendered":"Voilier Lili"},"content":{"rendered":"<p>Le voilier Lili est construit sur une coque en plastique embouti avec des pi\u00e8ces en bois d\u00e9coup\u00e9es au laser avec pr\u00e9cision (acajou, bouleau). Le kit s&rsquo;adresse \u00e9galement aux d\u00e9butants dans le domaine des voiliers. Les pi\u00e8ces parfaitement ajust\u00e9es permettent un montage facile.  Le cockpit est assembl\u00e9 en une seule pi\u00e8ce puis ins\u00e9r\u00e9 et coll\u00e9 dans la coque. Les supports pour le m\u00e2t sont d\u00e9j\u00e0 sp\u00e9cifi\u00e9s dans le pont.  Les lignes de pont ont \u00e9t\u00e9 grav\u00e9es au laser. Le bateau contient de nombreux d\u00e9tails et accessoires tels que poulies, treuils, poulies. Un support de bateau est \u00e9galement inclus.  Les voiles ont d\u00e9j\u00e0 \u00e9t\u00e9 d\u00e9coup\u00e9es avec pr\u00e9cision au laser et peuvent \u00eatre contr\u00f4l\u00e9es \u00e0 l&rsquo;aide d&rsquo;un servo. Le ballast requis est \u00e9galement inclus dans le kit. En raison des instructions de construction uniques de style 3D connues d&rsquo;aero-naut, la construction du mod\u00e8le devient une exp\u00e9rience particuli\u00e8re.<\/p>\n<p>surface de voile: 9.8dm\u00b2<br \/>\nd\u00e9placement: 850gr.<\/p>\n<div style=\"text-align:left\" class=\"wps-pgfw-pdf-generate-icon__wrapper-frontend\">\n\t\t<a href=\"https:\/\/www.speedmodels.ch\/fr\/wp-json\/wp\/v2\/product\/21165\/?action=genpdf&amp;id=21165\" class=\"pgfw-single-pdf-download-button\" target=_blank><img src=\"https:\/\/speedmodels.ch\/wp-content\/uploads\/2021\/09\/pdf_icon.png\" title=\"G\u00e9n\u00e9rer un PDF\" style=\"width:auto; height:45px;\"><\/a>\n\t\t<\/div>","protected":false},"excerpt":{"rendered":"<p>Le voilier Lili est construit sur une coque en plastique embouti avec des pi\u00e8ces en bois d\u00e9coup\u00e9es au laser avec pr\u00e9cision (acajou, bouleau). Le kit s&rsquo;adresse \u00e9galement aux d\u00e9butants dans le domaine des voiliers. Les pi\u00e8ces parfaitement ajust\u00e9es permettent un montage facile. Le cockpit est assembl\u00e9 en une seule pi\u00e8ce puis ins\u00e9r\u00e9 et coll\u00e9 dans [&hellip;]<\/p>\n","protected":false},"featured_media":9708,"template":"","meta":[],"product_brand":[],"product_cat":[1713,1710,1852],"product_tag":[],"class_list":{"0":"post-21165","1":"product","2":"type-product","3":"status-publish","4":"has-post-thumbnail","6":"product_cat-bateaux-fr-2","7":"product_cat-modeles","8":"product_cat-voiliers","10":"first","11":"instock","12":"shipping-taxable","13":"product-type-simple"},"_links":{"self":[{"href":"https:\/\/www.speedmodels.ch\/fr\/wp-json\/wp\/v2\/product\/21165","targetHints":{"allow":["GET"]}}],"collection":[{"href":"https:\/\/www.speedmodels.ch\/fr\/wp-json\/wp\/v2\/product"}],"about":[{"href":"https:\/\/www.speedmodels.ch\/fr\/wp-json\/wp\/v2\/types\/product"}],"version-history":[{"count":0,"href":"https:\/\/www.speedmodels.ch\/fr\/wp-json\/wp\/v2\/product\/21165\/revisions"}],"wp:featuredmedia":[{"embeddable":true,"href":"https:\/\/www.speedmodels.ch\/fr\/wp-json\/wp\/v2\/media\/9708"}],"wp:attachment":[{"href":"https:\/\/www.speedmodels.ch\/fr\/wp-json\/wp\/v2\/media?parent=21165"}],"wp:term":[{"taxonomy":"product_brand","embeddable":true,"href":"https:\/\/www.speedmodels.ch\/fr\/wp-json\/wp\/v2\/product_brand?post=21165"},{"taxonomy":"product_cat","embeddable":true,"href":"https:\/\/www.speedmodels.ch\/fr\/wp-json\/wp\/v2\/product_cat?post=21165"},{"taxonomy":"product_tag","embeddable":true,"href":"https:\/\/www.speedmodels.ch\/fr\/wp-json\/wp\/v2\/product_tag?post=21165"}],"curies":[{"name":"wp","href":"https:\/\/api.w.org\/{rel}","templated":true}]}}