{"id":21164,"date":"2021-11-25T10:00:15","date_gmt":"2021-11-25T10:00:15","guid":{"rendered":"https:\/\/www.speedmodels.ch\/produkte\/unkategorisiert\/yacht-de-luxe-victoria\/"},"modified":"2021-11-25T10:00:15","modified_gmt":"2021-11-25T10:00:15","slug":"yacht-de-luxe-victoria","status":"publish","type":"product","link":"https:\/\/www.speedmodels.ch\/fr\/produits\/modeles\/bateaux-fr-2\/bateaux-electriques\/yacht-de-luxe-victoria\/","title":{"rendered":"Yacht de luxe Victoria"},"content":{"rendered":"<p>Un yacht \u00e0 moteur de r\u00eave du milieu du si\u00e8cle dernier. Le mod\u00e8le n&rsquo;a pas d&rsquo;original comme mod\u00e8le mais pr\u00e9sente une certaine ressemblance avec les bateaux des ann\u00e9es 1950 \u00e0 1960.  \u00e9chelle environ 1:20 Le mod\u00e8le est enti\u00e8rement r\u00e9alis\u00e9 en bois avec beaucoup d&rsquo;acajou en technique d&rsquo;\u00e9chine dure. L&rsquo;assemblage s&rsquo;effectue selon notre m\u00e9thode de construction \u00e9prouv\u00e9e sur une plaque Depron pr\u00e9-perfor\u00e9e qui sert de support de montage. Le kit est livr\u00e9 avec des instructions de montage d\u00e9taill\u00e9es avec de nombreux croquis 3D d\u00e9taill\u00e9s en couleur. Toutes les pi\u00e8ces en bois sont d\u00e9coup\u00e9es avec pr\u00e9cision au laser. Gr\u00e2ce \u00e0 la bonne pr\u00e9paration des pi\u00e8ces, le mod\u00e8le peut \u00eatre construit en 12 heures environ plus les temps de s\u00e9chage de la colle et de l&rsquo;appr\u00eat.  Le bateau est ensuite peint avec de la peinture pour bateaux.<br \/>\nLe kit de maquette contient : toutes les pi\u00e8ces en bois n\u00e9cessaires \u00e0 la construction, l&rsquo;accastillage ainsi que l&rsquo;arbre et le gouvernail du navire.<\/p>\n<div style=\"text-align:left\" class=\"wps-pgfw-pdf-generate-icon__wrapper-frontend\">\n\t\t<a href=\"https:\/\/www.speedmodels.ch\/fr\/wp-json\/wp\/v2\/product\/21164\/?action=genpdf&amp;id=21164\" class=\"pgfw-single-pdf-download-button\" target=_blank><img src=\"https:\/\/speedmodels.ch\/wp-content\/uploads\/2021\/09\/pdf_icon.png\" title=\"G\u00e9n\u00e9rer un PDF\" style=\"width:auto; height:45px;\"><\/a>\n\t\t<\/div>","protected":false},"excerpt":{"rendered":"<p>Un yacht \u00e0 moteur de r\u00eave du milieu du si\u00e8cle dernier. Le mod\u00e8le n&rsquo;a pas d&rsquo;original comme mod\u00e8le mais pr\u00e9sente une certaine ressemblance avec les bateaux des ann\u00e9es 1950 \u00e0 1960. \u00e9chelle environ 1:20 Le mod\u00e8le est enti\u00e8rement r\u00e9alis\u00e9 en bois avec beaucoup d&rsquo;acajou en technique d&rsquo;\u00e9chine dure. L&rsquo;assemblage s&rsquo;effectue selon notre m\u00e9thode de construction [&hellip;]<\/p>\n","protected":false},"featured_media":9820,"template":"","meta":[],"product_brand":[],"product_cat":[1713,1714,1715,1710],"product_tag":[],"class_list":{"0":"post-21164","1":"product","2":"type-product","3":"status-publish","4":"has-post-thumbnail","6":"product_cat-bateaux-fr-2","7":"product_cat-bateaux-electriques","8":"product_cat-bateaux-prototypiques","9":"product_cat-modeles","11":"first","12":"instock","13":"shipping-taxable","14":"product-type-simple"},"_links":{"self":[{"href":"https:\/\/www.speedmodels.ch\/fr\/wp-json\/wp\/v2\/product\/21164","targetHints":{"allow":["GET"]}}],"collection":[{"href":"https:\/\/www.speedmodels.ch\/fr\/wp-json\/wp\/v2\/product"}],"about":[{"href":"https:\/\/www.speedmodels.ch\/fr\/wp-json\/wp\/v2\/types\/product"}],"version-history":[{"count":0,"href":"https:\/\/www.speedmodels.ch\/fr\/wp-json\/wp\/v2\/product\/21164\/revisions"}],"wp:featuredmedia":[{"embeddable":true,"href":"https:\/\/www.speedmodels.ch\/fr\/wp-json\/wp\/v2\/media\/9820"}],"wp:attachment":[{"href":"https:\/\/www.speedmodels.ch\/fr\/wp-json\/wp\/v2\/media?parent=21164"}],"wp:term":[{"taxonomy":"product_brand","embeddable":true,"href":"https:\/\/www.speedmodels.ch\/fr\/wp-json\/wp\/v2\/product_brand?post=21164"},{"taxonomy":"product_cat","embeddable":true,"href":"https:\/\/www.speedmodels.ch\/fr\/wp-json\/wp\/v2\/product_cat?post=21164"},{"taxonomy":"product_tag","embeddable":true,"href":"https:\/\/www.speedmodels.ch\/fr\/wp-json\/wp\/v2\/product_tag?post=21164"}],"curies":[{"name":"wp","href":"https:\/\/api.w.org\/{rel}","templated":true}]}}