{"id":21163,"date":"2021-11-23T13:16:43","date_gmt":"2021-11-23T13:16:43","guid":{"rendered":"https:\/\/www.speedmodels.ch\/produkte\/unkategorisiert\/bateau-de-sport-manta\/"},"modified":"2021-11-23T13:16:43","modified_gmt":"2021-11-23T13:16:43","slug":"bateau-de-sport-manta","status":"publish","type":"product","link":"https:\/\/www.speedmodels.ch\/fr\/produits\/modeles\/bateaux-fr-2\/bateaux-electriques\/bateau-de-sport-manta\/","title":{"rendered":"Bateau de sport Manta"},"content":{"rendered":"<p>Qui n&rsquo;a pas r\u00eav\u00e9 d&rsquo;une vraie Ferrari depuis longtemps ? Au moins l&rsquo;original \u00e9tait propuls\u00e9 par un moteur V-12 du constructeur italien haut de gamme.  Ce qui reste un r\u00eave inestimable pour la plupart est d\u00e9sormais abordable pour tous les mod\u00e9listes, au moins \u00e0 l&rsquo;\u00e9chelle 1:8. Le mod\u00e8le MANTA A02 a \u00e9t\u00e9 con\u00e7u dans les moindres d\u00e9tails pour \u00eatre le plus proche possible de l&rsquo;original des ann\u00e9es 1960. M\u00eame si ce mod\u00e8le est \u00ab\u00a0uniquement\u00a0\u00bb propuls\u00e9 par un moteur brushless tel que l&rsquo;actro c4, le placage d&rsquo;acajou sur le fuselage complet en GRP lui donne un look tr\u00e8s \u00e9l\u00e9gant, qui est compl\u00e9t\u00e9 par un syst\u00e8me d&rsquo;\u00e9chappement \u00e9labor\u00e9 avec des sorties d&rsquo;\u00e9chappement et un ensemble de haute qualit\u00e9 des pi\u00e8ces grav\u00e9es est encore am\u00e9lior\u00e9e. L&rsquo;effort de construction est tr\u00e8s limit\u00e9, car en raison de la coque finie, seuls le bordage et les travaux int\u00e9rieurs doivent \u00eatre effectu\u00e9s. Des vitersses d&rsquo;environ 40km\/h sont possibles avec un accu LiPo 3-4cellules.<\/p>\n<p>Le kit contient : Le kit contient toutes les pi\u00e8ces GfK et en bois n\u00e9cessaires \u00e0 la construction ainsi que des pi\u00e8ces moul\u00e9es par injection minutieusement fabriqu\u00e9es. L&rsquo;ensemble de pi\u00e8ces grav\u00e9es de haute qualit\u00e9 en maillechort comprend des baguettes d\u00e9coratives, des cadres de fen\u00eatre, des grilles de ventilation, un tableau de bord, des repose-pieds, un volant, des symboles Manta et des lettres. Un manuel de montage bien illustr\u00e9 est \u00e9galement inclus avec le kit.<\/p>\n<p>\u00e9chelle: 1:8<\/p>\n<div style=\"text-align:left\" class=\"wps-pgfw-pdf-generate-icon__wrapper-frontend\">\n\t\t<a href=\"https:\/\/www.speedmodels.ch\/fr\/wp-json\/wp\/v2\/product\/21163\/?action=genpdf&amp;id=21163\" class=\"pgfw-single-pdf-download-button\" target=_blank><img src=\"https:\/\/speedmodels.ch\/wp-content\/uploads\/2021\/09\/pdf_icon.png\" title=\"G\u00e9n\u00e9rer un PDF\" style=\"width:auto; height:45px;\"><\/a>\n\t\t<\/div>","protected":false},"excerpt":{"rendered":"<p>Qui n&rsquo;a pas r\u00eav\u00e9 d&rsquo;une vraie Ferrari depuis longtemps ? Au moins l&rsquo;original \u00e9tait propuls\u00e9 par un moteur V-12 du constructeur italien haut de gamme. Ce qui reste un r\u00eave inestimable pour la plupart est d\u00e9sormais abordable pour tous les mod\u00e9listes, au moins \u00e0 l&rsquo;\u00e9chelle 1:8. Le mod\u00e8le MANTA A02 a \u00e9t\u00e9 con\u00e7u dans les [&hellip;]<\/p>\n","protected":false},"featured_media":9761,"template":"","meta":[],"product_brand":[],"product_cat":[1713,1714,1710,1851],"product_tag":[],"class_list":{"0":"post-21163","1":"product","2":"type-product","3":"status-publish","4":"has-post-thumbnail","6":"product_cat-bateaux-fr-2","7":"product_cat-bateaux-electriques","8":"product_cat-modeles","9":"product_cat-navires-prototypes","11":"first","12":"instock","13":"shipping-taxable","14":"product-type-simple"},"_links":{"self":[{"href":"https:\/\/www.speedmodels.ch\/fr\/wp-json\/wp\/v2\/product\/21163","targetHints":{"allow":["GET"]}}],"collection":[{"href":"https:\/\/www.speedmodels.ch\/fr\/wp-json\/wp\/v2\/product"}],"about":[{"href":"https:\/\/www.speedmodels.ch\/fr\/wp-json\/wp\/v2\/types\/product"}],"version-history":[{"count":0,"href":"https:\/\/www.speedmodels.ch\/fr\/wp-json\/wp\/v2\/product\/21163\/revisions"}],"wp:featuredmedia":[{"embeddable":true,"href":"https:\/\/www.speedmodels.ch\/fr\/wp-json\/wp\/v2\/media\/9761"}],"wp:attachment":[{"href":"https:\/\/www.speedmodels.ch\/fr\/wp-json\/wp\/v2\/media?parent=21163"}],"wp:term":[{"taxonomy":"product_brand","embeddable":true,"href":"https:\/\/www.speedmodels.ch\/fr\/wp-json\/wp\/v2\/product_brand?post=21163"},{"taxonomy":"product_cat","embeddable":true,"href":"https:\/\/www.speedmodels.ch\/fr\/wp-json\/wp\/v2\/product_cat?post=21163"},{"taxonomy":"product_tag","embeddable":true,"href":"https:\/\/www.speedmodels.ch\/fr\/wp-json\/wp\/v2\/product_tag?post=21163"}],"curies":[{"name":"wp","href":"https:\/\/api.w.org\/{rel}","templated":true}]}}