{"id":21162,"date":"2021-11-25T10:02:35","date_gmt":"2021-11-25T10:02:35","guid":{"rendered":"https:\/\/www.speedmodels.ch\/produkte\/unkategorisiert\/bateau-de-sport-capri\/"},"modified":"2021-11-25T10:02:35","modified_gmt":"2021-11-25T10:02:35","slug":"bateau-de-sport-capri","status":"publish","type":"product","link":"https:\/\/www.speedmodels.ch\/fr\/produits\/modeles\/bateaux-fr-2\/bateaux-electriques\/bateau-de-sport-capri\/","title":{"rendered":"Bateau de sport Capri"},"content":{"rendered":"<p>Capri est un mod\u00e8le de navire prototypique dans notre construction \u00e9prouv\u00e9e \u00e0 \u00e9chine dure. La forme de la coque a \u00e9t\u00e9 reprise du mod\u00e8le Victoria, ce qui garantit de tr\u00e8s bonnes caract\u00e9ristiques de conduite jusqu&rsquo;aux virages rapides. Ce bateau est enti\u00e8rement construit en contreplaqu\u00e9 bouleau et acajou sur un gabarit en Depron. Les pi\u00e8ces en bois sont toutes d\u00e9coup\u00e9es au laser et renforc\u00e9es avec des listes de pin. La construction du mod\u00e8le avance assez rapidement du fait de la fabrication sur mesure. Le cockpit est une coque compl\u00e8te enti\u00e8rement d\u00e9montable pour acc\u00e9der \u00e0 l&rsquo;int\u00e9rieur de la coque.<br \/>\nLe kit de mod\u00e8le contient toutes les pi\u00e8ces en bois, les raccords m\u00e9talliques, l&rsquo;arbre du navire, le gouvernail et l&#8217;embrayage n\u00e9cessaires \u00e0 la construction.<\/p>\n<div style=\"text-align:left\" class=\"wps-pgfw-pdf-generate-icon__wrapper-frontend\">\n\t\t<a href=\"https:\/\/www.speedmodels.ch\/fr\/wp-json\/wp\/v2\/product\/21162\/?action=genpdf&amp;id=21162\" class=\"pgfw-single-pdf-download-button\" target=_blank><img src=\"https:\/\/speedmodels.ch\/wp-content\/uploads\/2021\/09\/pdf_icon.png\" title=\"G\u00e9n\u00e9rer un PDF\" style=\"width:auto; height:45px;\"><\/a>\n\t\t<\/div>","protected":false},"excerpt":{"rendered":"<p>Capri est un mod\u00e8le de navire prototypique dans notre construction \u00e9prouv\u00e9e \u00e0 \u00e9chine dure. La forme de la coque a \u00e9t\u00e9 reprise du mod\u00e8le Victoria, ce qui garantit de tr\u00e8s bonnes caract\u00e9ristiques de conduite jusqu&rsquo;aux virages rapides. Ce bateau est enti\u00e8rement construit en contreplaqu\u00e9 bouleau et acajou sur un gabarit en Depron. Les pi\u00e8ces en [&hellip;]<\/p>\n","protected":false},"featured_media":9823,"template":"","meta":[],"product_brand":[],"product_cat":[1713,1714,1715,1710],"product_tag":[],"class_list":{"0":"post-21162","1":"product","2":"type-product","3":"status-publish","4":"has-post-thumbnail","6":"product_cat-bateaux-fr-2","7":"product_cat-bateaux-electriques","8":"product_cat-bateaux-prototypiques","9":"product_cat-modeles","11":"first","12":"instock","13":"shipping-taxable","14":"product-type-simple"},"_links":{"self":[{"href":"https:\/\/www.speedmodels.ch\/fr\/wp-json\/wp\/v2\/product\/21162","targetHints":{"allow":["GET"]}}],"collection":[{"href":"https:\/\/www.speedmodels.ch\/fr\/wp-json\/wp\/v2\/product"}],"about":[{"href":"https:\/\/www.speedmodels.ch\/fr\/wp-json\/wp\/v2\/types\/product"}],"version-history":[{"count":0,"href":"https:\/\/www.speedmodels.ch\/fr\/wp-json\/wp\/v2\/product\/21162\/revisions"}],"wp:featuredmedia":[{"embeddable":true,"href":"https:\/\/www.speedmodels.ch\/fr\/wp-json\/wp\/v2\/media\/9823"}],"wp:attachment":[{"href":"https:\/\/www.speedmodels.ch\/fr\/wp-json\/wp\/v2\/media?parent=21162"}],"wp:term":[{"taxonomy":"product_brand","embeddable":true,"href":"https:\/\/www.speedmodels.ch\/fr\/wp-json\/wp\/v2\/product_brand?post=21162"},{"taxonomy":"product_cat","embeddable":true,"href":"https:\/\/www.speedmodels.ch\/fr\/wp-json\/wp\/v2\/product_cat?post=21162"},{"taxonomy":"product_tag","embeddable":true,"href":"https:\/\/www.speedmodels.ch\/fr\/wp-json\/wp\/v2\/product_tag?post=21162"}],"curies":[{"name":"wp","href":"https:\/\/api.w.org\/{rel}","templated":true}]}}