{"id":21161,"date":"2021-11-25T10:14:57","date_gmt":"2021-11-25T10:14:57","guid":{"rendered":"https:\/\/www.speedmodels.ch\/produkte\/unkategorisiert\/bateau-de-plaisance-marina\/"},"modified":"2021-11-25T10:14:57","modified_gmt":"2021-11-25T10:14:57","slug":"bateau-de-plaisance-marina","status":"publish","type":"product","link":"https:\/\/www.speedmodels.ch\/fr\/produits\/modeles\/bateaux-fr-2\/bateaux-electriques\/bateau-de-plaisance-marina\/","title":{"rendered":"Bateau de plaisance Marina"},"content":{"rendered":"<p>Notre Marina est un r\u00eave en acajou. Il a \u00e9t\u00e9 calqu\u00e9 sur un bateau de plaisance de la premi\u00e8re moiti\u00e9 du XXe si\u00e8cle, pouvant accueillir 4 \u00e0 6 personnes.  Le bateau est propuls\u00e9 par un moteur hors-bord (non inclus). La construction est r\u00e9alis\u00e9e \u00e0 l&rsquo;aide de la technologie laser d&rsquo;aero-naut, qui a fait ses preuves depuis des ann\u00e9es et qui garantit une production pr\u00e9cise et des pi\u00e8ces pr\u00e9cises. Tous les composants sont fabriqu\u00e9s avec une telle pr\u00e9cision qu&rsquo;il suffit de les fixer et de les coller sur le gabarit fournie.  La coque et le pont sont en placage d&rsquo;acajou fin, ce qui donne une surface magnifique avec la sensation correspondante de \u00ab\u00a0Dolce Vita\u00a0\u00bb apr\u00e8s la peinture finale. Un grand ensemble de pi\u00e8ces grav\u00e9es en maillechort donne la touche finale au mod\u00e8le. Non seulement le cockpit et les cadres de fen\u00eatre laissent briller le mod\u00e8le, mais aussi le lettrage audacieux et les plaques de marche assurent une apparence r\u00e9ussie de ce beau mod\u00e8le. Les moteurs hors-bord tels que nos Aqua-Race 50 ou Aqua-Race 60 conviennent \u00e0 la propulsion, qui, avec un moteur de 300W, permet une puissance plus que suffisante pour une conduite rapide ou tout simplement pour se laisser d\u00e9river. \u00c9quip\u00e9 d&rsquo;un LiPo 3s, le Marina assurera un long plaisir de conduite \u00e0 chaque lac de baignade.<br \/>\nLe kit de maquette contient toutes les pi\u00e8ces d\u00e9coup\u00e9es au laser pour la construction du mod\u00e8le, le placage d&rsquo;acajou pour la coque et le pont, la cale d&rsquo;a\u00e9ro-naute pour la construction, un ensemble de pi\u00e8ces grav\u00e9es, des housses en cuir pour les si\u00e8ges, diverses petites pi\u00e8ces. Les instructions de montage bien connues et largement illustr\u00e9es d&rsquo;aero-naut vous guident \u00e9galement tout au long de la construction de la marina et sont bien s\u00fbr incluses dans le kit.<\/p>\n<div style=\"text-align:left\" class=\"wps-pgfw-pdf-generate-icon__wrapper-frontend\">\n\t\t<a href=\"https:\/\/www.speedmodels.ch\/fr\/wp-json\/wp\/v2\/product\/21161\/?action=genpdf&amp;id=21161\" class=\"pgfw-single-pdf-download-button\" target=_blank><img src=\"https:\/\/speedmodels.ch\/wp-content\/uploads\/2021\/09\/pdf_icon.png\" title=\"G\u00e9n\u00e9rer un PDF\" style=\"width:auto; height:45px;\"><\/a>\n\t\t<\/div>","protected":false},"excerpt":{"rendered":"<p>Notre Marina est un r\u00eave en acajou. Il a \u00e9t\u00e9 calqu\u00e9 sur un bateau de plaisance de la premi\u00e8re moiti\u00e9 du XXe si\u00e8cle, pouvant accueillir 4 \u00e0 6 personnes. Le bateau est propuls\u00e9 par un moteur hors-bord (non inclus). La construction est r\u00e9alis\u00e9e \u00e0 l&rsquo;aide de la technologie laser d&rsquo;aero-naut, qui a fait ses preuves [&hellip;]<\/p>\n","protected":false},"featured_media":9826,"template":"","meta":[],"product_brand":[],"product_cat":[1713,1714,1715,1710],"product_tag":[],"class_list":{"0":"post-21161","1":"product","2":"type-product","3":"status-publish","4":"has-post-thumbnail","6":"product_cat-bateaux-fr-2","7":"product_cat-bateaux-electriques","8":"product_cat-bateaux-prototypiques","9":"product_cat-modeles","11":"first","12":"instock","13":"shipping-taxable","14":"product-type-simple"},"_links":{"self":[{"href":"https:\/\/www.speedmodels.ch\/fr\/wp-json\/wp\/v2\/product\/21161","targetHints":{"allow":["GET"]}}],"collection":[{"href":"https:\/\/www.speedmodels.ch\/fr\/wp-json\/wp\/v2\/product"}],"about":[{"href":"https:\/\/www.speedmodels.ch\/fr\/wp-json\/wp\/v2\/types\/product"}],"version-history":[{"count":0,"href":"https:\/\/www.speedmodels.ch\/fr\/wp-json\/wp\/v2\/product\/21161\/revisions"}],"wp:featuredmedia":[{"embeddable":true,"href":"https:\/\/www.speedmodels.ch\/fr\/wp-json\/wp\/v2\/media\/9826"}],"wp:attachment":[{"href":"https:\/\/www.speedmodels.ch\/fr\/wp-json\/wp\/v2\/media?parent=21161"}],"wp:term":[{"taxonomy":"product_brand","embeddable":true,"href":"https:\/\/www.speedmodels.ch\/fr\/wp-json\/wp\/v2\/product_brand?post=21161"},{"taxonomy":"product_cat","embeddable":true,"href":"https:\/\/www.speedmodels.ch\/fr\/wp-json\/wp\/v2\/product_cat?post=21161"},{"taxonomy":"product_tag","embeddable":true,"href":"https:\/\/www.speedmodels.ch\/fr\/wp-json\/wp\/v2\/product_tag?post=21161"}],"curies":[{"name":"wp","href":"https:\/\/api.w.org\/{rel}","templated":true}]}}