{"id":21160,"date":"2021-11-25T10:18:29","date_gmt":"2021-11-25T10:18:29","guid":{"rendered":"https:\/\/www.speedmodels.ch\/produkte\/unkategorisiert\/yacht-de-luxe-comtesse\/"},"modified":"2021-11-25T10:18:29","modified_gmt":"2021-11-25T10:18:29","slug":"yacht-de-luxe-comtesse","status":"publish","type":"product","link":"https:\/\/www.speedmodels.ch\/fr\/produits\/modeles\/bateaux-fr-2\/bateaux-electriques\/yacht-de-luxe-comtesse\/","title":{"rendered":"Yacht de luxe Comtesse"},"content":{"rendered":"<p>Un r\u00eave d&rsquo;acajou raffin\u00e9 combin\u00e9 \u00e0 un cuir luxueux et \u00e0 des \u00e9quipements sportifs. C&rsquo;est ainsi que l&rsquo;on pourrait d\u00e9crire notre Comtesse. Le yacht de luxe sportif se trouvait sur les lacs de la haute soci\u00e9t\u00e9 \u00e0 Gen\u00e8ve, C\u00f4me, Garde ou Lausanne. Aucune d\u00e9pense n&rsquo;a \u00e9t\u00e9 \u00e9pargn\u00e9e avec ce mod\u00e8le en ce qui concerne les fonctionnalit\u00e9s exclusives.  Le bateau est livr\u00e9 dans la qualit\u00e9 habituelle du kit laser pr\u00e9cis. La coque est construite en ch\u00e2ssis sur une cale de gabarit fournie. La coque est bord\u00e9e de larges placages d&rsquo;acajou pr\u00e9d\u00e9coup\u00e9s. Le cockpit amovible est recouvert de similicuir blanc, tout comme les si\u00e8ges et le tableau de bord. La plateforme de bain et les marches, particuli\u00e8rement marquantes mais tr\u00e8s styl\u00e9es avec une incrustation en placage de poirier, sont particuli\u00e8rement sophistiqu\u00e9es. Le bateau est propuls\u00e9 par deux moteurs \u00e9lectriques qui entra\u00eenent deux arbres. Les arbres du navire avec tube d&rsquo;\u00e9tambot sont d\u00e9j\u00e0 inclus dans le kit.  Le support moteur est con\u00e7u pour les moteurs de 50 mm, nous recommandons notre actro-n 50-2-760. 2 batteries LiPo 4S peuvent \u00eatre utilis\u00e9es comme batterie de propulsion. La plage de vitesse du Comtesse est tr\u00e8s \u00e9lev\u00e9e, le bateau peut \u00eatre conduit lentement le long de la berge, mais peut aussi atteindre une vitesse \u00e9lev\u00e9e comme un bateau de plaisance. Vous avez besoin de 2 moteurs, 2 r\u00e9gulateurs de vitesse, 2 accouplements d&rsquo;arbre et 2 h\u00e9lices de bateau pour la propulsion.<br \/>\nLe kit de mod\u00e8le contient toutes les pi\u00e8ces en bois d\u00e9coup\u00e9es avec pr\u00e9cision, beaucoup de placage d&rsquo;acajou fin, simili cuir, raccords, coupes, pi\u00e8ces grav\u00e9es en maillechort, instructions de construction d\u00e9taill\u00e9es avec dessins d&rsquo;\u00e9tape de construction 3D, gabarit de contruction.<\/p>\n<p>Le jeu de ferrures m\u00e9talliques de haute qualit\u00e9 est disponible s\u00e9par\u00e9ment sous la r\u00e9f. AN-3085\/01 disponible (voir photos).<br \/>\n\u00e9chelle: 1:6<\/p>\n<div style=\"text-align:left\" class=\"wps-pgfw-pdf-generate-icon__wrapper-frontend\">\n\t\t<a href=\"https:\/\/www.speedmodels.ch\/fr\/wp-json\/wp\/v2\/product\/21160\/?action=genpdf&amp;id=21160\" class=\"pgfw-single-pdf-download-button\" target=_blank><img src=\"https:\/\/speedmodels.ch\/wp-content\/uploads\/2021\/09\/pdf_icon.png\" title=\"G\u00e9n\u00e9rer un PDF\" style=\"width:auto; height:45px;\"><\/a>\n\t\t<\/div>","protected":false},"excerpt":{"rendered":"<p>Un r\u00eave d&rsquo;acajou raffin\u00e9 combin\u00e9 \u00e0 un cuir luxueux et \u00e0 des \u00e9quipements sportifs. C&rsquo;est ainsi que l&rsquo;on pourrait d\u00e9crire notre Comtesse. Le yacht de luxe sportif se trouvait sur les lacs de la haute soci\u00e9t\u00e9 \u00e0 Gen\u00e8ve, C\u00f4me, Garde ou Lausanne. Aucune d\u00e9pense n&rsquo;a \u00e9t\u00e9 \u00e9pargn\u00e9e avec ce mod\u00e8le en ce qui concerne les [&hellip;]<\/p>\n","protected":false},"featured_media":9831,"template":"","meta":[],"product_brand":[],"product_cat":[1713,1714,1715],"product_tag":[],"class_list":{"0":"post-21160","1":"product","2":"type-product","3":"status-publish","4":"has-post-thumbnail","6":"product_cat-bateaux-fr-2","7":"product_cat-bateaux-electriques","8":"product_cat-bateaux-prototypiques","10":"first","11":"instock","12":"shipping-taxable","13":"product-type-simple"},"_links":{"self":[{"href":"https:\/\/www.speedmodels.ch\/fr\/wp-json\/wp\/v2\/product\/21160","targetHints":{"allow":["GET"]}}],"collection":[{"href":"https:\/\/www.speedmodels.ch\/fr\/wp-json\/wp\/v2\/product"}],"about":[{"href":"https:\/\/www.speedmodels.ch\/fr\/wp-json\/wp\/v2\/types\/product"}],"version-history":[{"count":0,"href":"https:\/\/www.speedmodels.ch\/fr\/wp-json\/wp\/v2\/product\/21160\/revisions"}],"wp:featuredmedia":[{"embeddable":true,"href":"https:\/\/www.speedmodels.ch\/fr\/wp-json\/wp\/v2\/media\/9831"}],"wp:attachment":[{"href":"https:\/\/www.speedmodels.ch\/fr\/wp-json\/wp\/v2\/media?parent=21160"}],"wp:term":[{"taxonomy":"product_brand","embeddable":true,"href":"https:\/\/www.speedmodels.ch\/fr\/wp-json\/wp\/v2\/product_brand?post=21160"},{"taxonomy":"product_cat","embeddable":true,"href":"https:\/\/www.speedmodels.ch\/fr\/wp-json\/wp\/v2\/product_cat?post=21160"},{"taxonomy":"product_tag","embeddable":true,"href":"https:\/\/www.speedmodels.ch\/fr\/wp-json\/wp\/v2\/product_tag?post=21160"}],"curies":[{"name":"wp","href":"https:\/\/api.w.org\/{rel}","templated":true}]}}