{"id":21159,"date":"2021-11-25T10:34:00","date_gmt":"2021-11-25T10:34:00","guid":{"rendered":"https:\/\/www.speedmodels.ch\/produkte\/unkategorisiert\/bateau-de-sport-forelle\/"},"modified":"2021-11-25T10:34:00","modified_gmt":"2021-11-25T10:34:00","slug":"bateau-de-sport-forelle","status":"publish","type":"product","link":"https:\/\/www.speedmodels.ch\/fr\/produits\/modeles\/bateaux-fr-2\/bateaux-electriques\/bateau-de-sport-forelle\/","title":{"rendered":"Bateau de sport Forelle"},"content":{"rendered":"<p>Un petit bateau de sport pour le montage de moteurs hors-bord. Le kit contient des pi\u00e8ces en bois dont certaines sont \u00e0 d\u00e9couper et \u00e0 adapter soi-m\u00eame, ainsi que divers bordages et un plan de construction.<br \/>\nLe kit est destin\u00e9 aux mod\u00e9listes avanc\u00e9s.<\/p>\n<div style=\"text-align:left\" class=\"wps-pgfw-pdf-generate-icon__wrapper-frontend\">\n\t\t<a href=\"https:\/\/www.speedmodels.ch\/fr\/wp-json\/wp\/v2\/product\/21159\/?action=genpdf&amp;id=21159\" class=\"pgfw-single-pdf-download-button\" target=_blank><img src=\"https:\/\/speedmodels.ch\/wp-content\/uploads\/2021\/09\/pdf_icon.png\" title=\"G\u00e9n\u00e9rer un PDF\" style=\"width:auto; height:45px;\"><\/a>\n\t\t<\/div>","protected":false},"excerpt":{"rendered":"<p>Un petit bateau de sport pour le montage de moteurs hors-bord. Le kit contient des pi\u00e8ces en bois dont certaines sont \u00e0 d\u00e9couper et \u00e0 adapter soi-m\u00eame, ainsi que divers bordages et un plan de construction. Le kit est destin\u00e9 aux mod\u00e9listes avanc\u00e9s.<\/p>\n","protected":false},"featured_media":9839,"template":"","meta":[],"product_brand":[],"product_cat":[1713,1714,1710],"product_tag":[],"class_list":{"0":"post-21159","1":"product","2":"type-product","3":"status-publish","4":"has-post-thumbnail","6":"product_cat-bateaux-fr-2","7":"product_cat-bateaux-electriques","8":"product_cat-modeles","10":"first","11":"instock","12":"shipping-taxable","13":"product-type-simple"},"_links":{"self":[{"href":"https:\/\/www.speedmodels.ch\/fr\/wp-json\/wp\/v2\/product\/21159","targetHints":{"allow":["GET"]}}],"collection":[{"href":"https:\/\/www.speedmodels.ch\/fr\/wp-json\/wp\/v2\/product"}],"about":[{"href":"https:\/\/www.speedmodels.ch\/fr\/wp-json\/wp\/v2\/types\/product"}],"version-history":[{"count":0,"href":"https:\/\/www.speedmodels.ch\/fr\/wp-json\/wp\/v2\/product\/21159\/revisions"}],"wp:featuredmedia":[{"embeddable":true,"href":"https:\/\/www.speedmodels.ch\/fr\/wp-json\/wp\/v2\/media\/9839"}],"wp:attachment":[{"href":"https:\/\/www.speedmodels.ch\/fr\/wp-json\/wp\/v2\/media?parent=21159"}],"wp:term":[{"taxonomy":"product_brand","embeddable":true,"href":"https:\/\/www.speedmodels.ch\/fr\/wp-json\/wp\/v2\/product_brand?post=21159"},{"taxonomy":"product_cat","embeddable":true,"href":"https:\/\/www.speedmodels.ch\/fr\/wp-json\/wp\/v2\/product_cat?post=21159"},{"taxonomy":"product_tag","embeddable":true,"href":"https:\/\/www.speedmodels.ch\/fr\/wp-json\/wp\/v2\/product_tag?post=21159"}],"curies":[{"name":"wp","href":"https:\/\/api.w.org\/{rel}","templated":true}]}}