{"id":21158,"date":"2021-11-23T13:02:39","date_gmt":"2021-11-23T13:02:39","guid":{"rendered":"https:\/\/www.speedmodels.ch\/produkte\/unkategorisiert\/bateau-multi-usage-alex\/"},"modified":"2021-11-23T13:02:39","modified_gmt":"2021-11-23T13:02:39","slug":"bateau-multi-usage-alex","status":"publish","type":"product","link":"https:\/\/www.speedmodels.ch\/fr\/produits\/modeles\/bateaux-fr-2\/bateaux-electriques\/bateau-multi-usage-alex\/","title":{"rendered":"Bateau multi usage Alex"},"content":{"rendered":"<p>Bateau polyvalent, bateau de travail et de recherche ALEX est une r\u00e9plique libre d&rsquo;un bateau polyvalent moderne de 14m. Le mod\u00e8le a \u00e9t\u00e9 construit sur une coque de bateau planante moderne, est tr\u00e8s rapide et maniable et a une construction en plastique avec des bouchains durs. Toutes les pi\u00e8ces en ABS sont d\u00e9coup\u00e9es au laser et peuvent \u00eatre coll\u00e9es imm\u00e9diatement apr\u00e8s avoir \u00e9t\u00e9 assembl\u00e9es. La coque est construite sur un gabarit Depron. L&rsquo;entra\u00eenement est assur\u00e9 par deux moteurs \u00e9lectriques. Les variateurs peuvent \u00eatre contr\u00f4l\u00e9s individuellement (2 x contr\u00f4leurs Multi 25) ou ensemble via un contr\u00f4leur Multi 40.  Le contr\u00f4le se fait via deux syst\u00e8mes de gouvernail. Le m\u00e2t A mont\u00e9 \u00e0 l&rsquo;arri\u00e8re peut \u00eatre actionn\u00e9 via un servo. D&rsquo;autres bateaux peuvent \u00eatre remorqu\u00e9s avec le dispositif de remorquage stable. La timonerie est enti\u00e8rement en bois d&rsquo;acajou. Les parties grav\u00e9es du tableau de bord permettent d&rsquo;\u00e9clairer les nombreux am\u00e9nagements. Toutes les lampes du mod\u00e8le peuvent \u00eatre \u00e9clair\u00e9es avec des LED de 3 mm.  Le phare est construit \u00e0 partir de pi\u00e8ces grav\u00e9es et est enti\u00e8rement articul\u00e9. Le r\u00e9flecteur et la LED sont adapt\u00e9s l&rsquo;un \u00e0 l&rsquo;autre et ont une luminosit\u00e9 et un faisceau de lumi\u00e8re \u00e9normes. Le mod\u00e8le peut \u00eatre encore \u00e9largi selon vos propres id\u00e9es. Il y a suffisamment d&rsquo;espace dans la coque pour vos propres fonctions sp\u00e9ciales telles que les propulseurs transversaux, les lumi\u00e8res, les sons ou les treuils.<\/p>\n<p>Le kit de mod\u00e8le contient : Toutes les pi\u00e8ces en ABS d\u00e9coup\u00e9es au laser n\u00e9cessaires \u00e0 la construction, le Depronhelling, les raccords et les arbres du navire, le support moteur et le gouvernail. L&rsquo;ensemble complexe de pi\u00e8ces grav\u00e9es en maillechort, qui est \u00e9galement inclus dans le kit, contient plus de 100 pi\u00e8ces. Cela comprend les chandeliers, les phares, les charni\u00e8res de porte mobiles, les instruments du tableau de bord, les panneaux de ventilateur et bien plus encore.<\/p>\n<p>\u00e9chelle: 1:20<\/p>\n<div style=\"text-align:left\" class=\"wps-pgfw-pdf-generate-icon__wrapper-frontend\">\n\t\t<a href=\"https:\/\/www.speedmodels.ch\/fr\/wp-json\/wp\/v2\/product\/21158\/?action=genpdf&amp;id=21158\" class=\"pgfw-single-pdf-download-button\" target=_blank><img src=\"https:\/\/speedmodels.ch\/wp-content\/uploads\/2021\/09\/pdf_icon.png\" title=\"G\u00e9n\u00e9rer un PDF\" style=\"width:auto; height:45px;\"><\/a>\n\t\t<\/div>","protected":false},"excerpt":{"rendered":"<p>Bateau polyvalent, bateau de travail et de recherche ALEX est une r\u00e9plique libre d&rsquo;un bateau polyvalent moderne de 14m. Le mod\u00e8le a \u00e9t\u00e9 construit sur une coque de bateau planante moderne, est tr\u00e8s rapide et maniable et a une construction en plastique avec des bouchains durs. Toutes les pi\u00e8ces en ABS sont d\u00e9coup\u00e9es au laser [&hellip;]<\/p>\n","protected":false},"featured_media":9749,"template":"","meta":[],"product_brand":[],"product_cat":[1713,1714,1715,1710],"product_tag":[],"class_list":{"0":"post-21158","1":"product","2":"type-product","3":"status-publish","4":"has-post-thumbnail","6":"product_cat-bateaux-fr-2","7":"product_cat-bateaux-electriques","8":"product_cat-bateaux-prototypiques","9":"product_cat-modeles","11":"first","12":"instock","13":"shipping-taxable","14":"product-type-simple"},"_links":{"self":[{"href":"https:\/\/www.speedmodels.ch\/fr\/wp-json\/wp\/v2\/product\/21158","targetHints":{"allow":["GET"]}}],"collection":[{"href":"https:\/\/www.speedmodels.ch\/fr\/wp-json\/wp\/v2\/product"}],"about":[{"href":"https:\/\/www.speedmodels.ch\/fr\/wp-json\/wp\/v2\/types\/product"}],"version-history":[{"count":0,"href":"https:\/\/www.speedmodels.ch\/fr\/wp-json\/wp\/v2\/product\/21158\/revisions"}],"wp:featuredmedia":[{"embeddable":true,"href":"https:\/\/www.speedmodels.ch\/fr\/wp-json\/wp\/v2\/media\/9749"}],"wp:attachment":[{"href":"https:\/\/www.speedmodels.ch\/fr\/wp-json\/wp\/v2\/media?parent=21158"}],"wp:term":[{"taxonomy":"product_brand","embeddable":true,"href":"https:\/\/www.speedmodels.ch\/fr\/wp-json\/wp\/v2\/product_brand?post=21158"},{"taxonomy":"product_cat","embeddable":true,"href":"https:\/\/www.speedmodels.ch\/fr\/wp-json\/wp\/v2\/product_cat?post=21158"},{"taxonomy":"product_tag","embeddable":true,"href":"https:\/\/www.speedmodels.ch\/fr\/wp-json\/wp\/v2\/product_tag?post=21158"}],"curies":[{"name":"wp","href":"https:\/\/api.w.org\/{rel}","templated":true}]}}