{"id":21154,"date":"2021-11-23T13:06:51","date_gmt":"2021-11-23T13:06:51","guid":{"rendered":"https:\/\/www.speedmodels.ch\/produkte\/unkategorisiert\/ramborator-remorqueur-springer\/"},"modified":"2021-11-23T13:06:51","modified_gmt":"2021-11-23T13:06:51","slug":"ramborator-remorqueur-springer","status":"publish","type":"product","link":"https:\/\/www.speedmodels.ch\/fr\/produits\/modeles\/bateaux-fr-2\/bateaux-electriques\/ramborator-remorqueur-springer\/","title":{"rendered":"Ramborator remorqueur Springer"},"content":{"rendered":"<p>Les remorqueurs Springer sillonnent les rivi\u00e8res am\u00e9ricaines en tant que pousseurs et effectuent des t\u00e2ches de transport et de remorquage. Ils sont construits tr\u00e8s facilement et rapidement. Puisqu&rsquo;ils peuvent \u00e9galement \u00eatre conserv\u00e9s et construits tr\u00e8s simplement comme mod\u00e8les, Springer Tug correspond \u00e0 ces mod\u00e8les d\u00e9velopp\u00e9s en Angleterre et en Am\u00e9rique. Des r\u00e8gles simples ont \u00e9t\u00e9 \u00e9tablies. Seuls la coque proprement dite, la propulsion et le gouvernail sont r\u00e9glement\u00e9s pour assurer l&rsquo;\u00e9galit\u00e9 des chances. Il y a quelques ann\u00e9es, cette vague a \u00e9galement d\u00e9ferl\u00e9 sur l&rsquo;Allemagne. Des cours d&rsquo;habilet\u00e9 peuvent \u00eatre organis\u00e9s avec ces mod\u00e8les, mais aussi le \u00ab\u00a0water polo\u00a0\u00bb peut \u00eatre jou\u00e9 avec des \u00e9quipes. Les mod\u00e8les sont donc maintenus simples par l&rsquo;\u00e9quipement. Le mod\u00e8le est conforme \u00e0 ces r\u00e8gles. Le mod\u00e8le est pr\u00eat \u00e0 rouler apr\u00e8s seulement quelques heures de construction. Un mod\u00e8le semi-\u00e9chelle visuellement attrayant peut \u00e9galement \u00eatre construit en utilisant l&rsquo;ensemble de raccords d\u00e9j\u00e0 inclus.<\/p>\n<p>Le kit contient : Toutes les pi\u00e8ces en contreplaqu\u00e9 n\u00e9cessaires \u00e0 la construction avec les raccords appropri\u00e9s pour le bouchage et le collage. Le kit contient \u00e9galement les bandes, l&rsquo;arbre et le gouvernail ainsi que le jeu de ferrures. Les instructions color\u00e9es sont fournies avec de nombreux croquis de construction.<\/p>\n<div style=\"text-align:left\" class=\"wps-pgfw-pdf-generate-icon__wrapper-frontend\">\n\t\t<a href=\"https:\/\/www.speedmodels.ch\/fr\/wp-json\/wp\/v2\/product\/21154\/?action=genpdf&amp;id=21154\" class=\"pgfw-single-pdf-download-button\" target=_blank><img src=\"https:\/\/speedmodels.ch\/wp-content\/uploads\/2021\/09\/pdf_icon.png\" title=\"G\u00e9n\u00e9rer un PDF\" style=\"width:auto; height:45px;\"><\/a>\n\t\t<\/div>","protected":false},"excerpt":{"rendered":"<p>Les remorqueurs Springer sillonnent les rivi\u00e8res am\u00e9ricaines en tant que pousseurs et effectuent des t\u00e2ches de transport et de remorquage. Ils sont construits tr\u00e8s facilement et rapidement. Puisqu&rsquo;ils peuvent \u00e9galement \u00eatre conserv\u00e9s et construits tr\u00e8s simplement comme mod\u00e8les, Springer Tug correspond \u00e0 ces mod\u00e8les d\u00e9velopp\u00e9s en Angleterre et en Am\u00e9rique. Des r\u00e8gles simples ont \u00e9t\u00e9 [&hellip;]<\/p>\n","protected":false},"featured_media":9754,"template":"","meta":[],"product_brand":[],"product_cat":[1713,1714,1710],"product_tag":[],"class_list":{"0":"post-21154","1":"product","2":"type-product","3":"status-publish","4":"has-post-thumbnail","6":"product_cat-bateaux-fr-2","7":"product_cat-bateaux-electriques","8":"product_cat-modeles","10":"first","11":"instock","12":"shipping-taxable","13":"product-type-simple"},"_links":{"self":[{"href":"https:\/\/www.speedmodels.ch\/fr\/wp-json\/wp\/v2\/product\/21154","targetHints":{"allow":["GET"]}}],"collection":[{"href":"https:\/\/www.speedmodels.ch\/fr\/wp-json\/wp\/v2\/product"}],"about":[{"href":"https:\/\/www.speedmodels.ch\/fr\/wp-json\/wp\/v2\/types\/product"}],"version-history":[{"count":0,"href":"https:\/\/www.speedmodels.ch\/fr\/wp-json\/wp\/v2\/product\/21154\/revisions"}],"wp:featuredmedia":[{"embeddable":true,"href":"https:\/\/www.speedmodels.ch\/fr\/wp-json\/wp\/v2\/media\/9754"}],"wp:attachment":[{"href":"https:\/\/www.speedmodels.ch\/fr\/wp-json\/wp\/v2\/media?parent=21154"}],"wp:term":[{"taxonomy":"product_brand","embeddable":true,"href":"https:\/\/www.speedmodels.ch\/fr\/wp-json\/wp\/v2\/product_brand?post=21154"},{"taxonomy":"product_cat","embeddable":true,"href":"https:\/\/www.speedmodels.ch\/fr\/wp-json\/wp\/v2\/product_cat?post=21154"},{"taxonomy":"product_tag","embeddable":true,"href":"https:\/\/www.speedmodels.ch\/fr\/wp-json\/wp\/v2\/product_tag?post=21154"}],"curies":[{"name":"wp","href":"https:\/\/api.w.org\/{rel}","templated":true}]}}