{"id":21153,"date":"2021-11-25T10:38:39","date_gmt":"2021-11-25T10:38:39","guid":{"rendered":"https:\/\/www.speedmodels.ch\/produkte\/unkategorisiert\/bateau-de-sport-classic\/"},"modified":"2021-11-25T10:38:39","modified_gmt":"2021-11-25T10:38:39","slug":"bateau-de-sport-classic","status":"publish","type":"product","link":"https:\/\/www.speedmodels.ch\/fr\/produits\/modeles\/bateaux-fr-2\/bateaux-electriques\/bateau-de-sport-classic\/","title":{"rendered":"Bateau de sport Classic"},"content":{"rendered":"<p>Classic est une r\u00e9plique \u00e0 l&rsquo;\u00e9chelle d&rsquo;un bateau \u00e0 moteur classique du XXe si\u00e8cle. Avec la forme de la coque, l&rsquo;accent a \u00e9t\u00e9 mis sur de bonnes propri\u00e9t\u00e9s de glisse \u00e0 grande vitesse.  Le bateau est enti\u00e8rement en bois, compos\u00e9 de contreplaqu\u00e9, d&rsquo;acajou et d&rsquo;un pont coll\u00e9. La structure est tr\u00e8s simple, de sorte que m\u00eame les d\u00e9butants peuvent bien s&rsquo;entendre. Le pont du bateau est aussi la cale sur laquelle les membrures sont fix\u00e9es. Le fond du fuselage et les c\u00f4t\u00e9s du fuselage sont estamp\u00e9s \u00e0 partir de contreplaqu\u00e9 mince. Toutes les autres pi\u00e8ces sont d\u00e9j\u00e0 d\u00e9coup\u00e9es ou poin\u00e7onn\u00e9es.  Les seuls outils dont vous avez besoin sont des ciseaux, une perceuse, un tournevis, des pinces \u00e0 linge, des \u00e9pingles et du ruban adh\u00e9sif.<\/p>\n<p>Le kit de maquette contient : Toutes les pi\u00e8ces en bois n\u00e9cessaires \u00e0 la construction, arbre de bateau avec h\u00e9lice, gouvernail, colle et instructions de montage d\u00e9taill\u00e9es en allemand, anglais et fran\u00e7ais<\/p>\n<div style=\"text-align:left\" class=\"wps-pgfw-pdf-generate-icon__wrapper-frontend\">\n\t\t<a href=\"https:\/\/www.speedmodels.ch\/fr\/wp-json\/wp\/v2\/product\/21153\/?action=genpdf&amp;id=21153\" class=\"pgfw-single-pdf-download-button\" target=_blank><img src=\"https:\/\/speedmodels.ch\/wp-content\/uploads\/2021\/09\/pdf_icon.png\" title=\"G\u00e9n\u00e9rer un PDF\" style=\"width:auto; height:45px;\"><\/a>\n\t\t<\/div>","protected":false},"excerpt":{"rendered":"<p>Classic est une r\u00e9plique \u00e0 l&rsquo;\u00e9chelle d&rsquo;un bateau \u00e0 moteur classique du XXe si\u00e8cle. Avec la forme de la coque, l&rsquo;accent a \u00e9t\u00e9 mis sur de bonnes propri\u00e9t\u00e9s de glisse \u00e0 grande vitesse. Le bateau est enti\u00e8rement en bois, compos\u00e9 de contreplaqu\u00e9, d&rsquo;acajou et d&rsquo;un pont coll\u00e9. La structure est tr\u00e8s simple, de sorte que [&hellip;]<\/p>\n","protected":false},"featured_media":9847,"template":"","meta":[],"product_brand":[],"product_cat":[1713,1714,1715,1710],"product_tag":[],"class_list":{"0":"post-21153","1":"product","2":"type-product","3":"status-publish","4":"has-post-thumbnail","6":"product_cat-bateaux-fr-2","7":"product_cat-bateaux-electriques","8":"product_cat-bateaux-prototypiques","9":"product_cat-modeles","11":"first","12":"instock","13":"shipping-taxable","14":"product-type-simple"},"_links":{"self":[{"href":"https:\/\/www.speedmodels.ch\/fr\/wp-json\/wp\/v2\/product\/21153","targetHints":{"allow":["GET"]}}],"collection":[{"href":"https:\/\/www.speedmodels.ch\/fr\/wp-json\/wp\/v2\/product"}],"about":[{"href":"https:\/\/www.speedmodels.ch\/fr\/wp-json\/wp\/v2\/types\/product"}],"version-history":[{"count":0,"href":"https:\/\/www.speedmodels.ch\/fr\/wp-json\/wp\/v2\/product\/21153\/revisions"}],"wp:featuredmedia":[{"embeddable":true,"href":"https:\/\/www.speedmodels.ch\/fr\/wp-json\/wp\/v2\/media\/9847"}],"wp:attachment":[{"href":"https:\/\/www.speedmodels.ch\/fr\/wp-json\/wp\/v2\/media?parent=21153"}],"wp:term":[{"taxonomy":"product_brand","embeddable":true,"href":"https:\/\/www.speedmodels.ch\/fr\/wp-json\/wp\/v2\/product_brand?post=21153"},{"taxonomy":"product_cat","embeddable":true,"href":"https:\/\/www.speedmodels.ch\/fr\/wp-json\/wp\/v2\/product_cat?post=21153"},{"taxonomy":"product_tag","embeddable":true,"href":"https:\/\/www.speedmodels.ch\/fr\/wp-json\/wp\/v2\/product_tag?post=21153"}],"curies":[{"name":"wp","href":"https:\/\/api.w.org\/{rel}","templated":true}]}}