{"id":21152,"date":"2021-11-23T12:59:18","date_gmt":"2021-11-23T12:59:18","guid":{"rendered":"https:\/\/www.speedmodels.ch\/produkte\/unkategorisiert\/bateau-pilote-pilot\/"},"modified":"2021-11-23T12:59:18","modified_gmt":"2021-11-23T12:59:18","slug":"bateau-pilote-pilot","status":"publish","type":"product","link":"https:\/\/www.speedmodels.ch\/fr\/produits\/modeles\/bateaux-fr-2\/bateaux-electriques\/bateau-pilote-pilot\/","title":{"rendered":"Bateau pilote Pilot"},"content":{"rendered":"<p>Pilot est une r\u00e9plique libre d&rsquo;un bateau-pilote moderne de 20 m, que l&rsquo;on trouve par exemple sur la mer Baltique et la mer du Nord. Les bateaux de ce type sont tr\u00e8s maniables et, \u00e0 environ 25-30 n\u0153uds, \u00e9galement tr\u00e8s rapides.  Votre t\u00e2che est d&rsquo;amener les pilotes en toute s\u00e9curit\u00e9 sur les grands paquebots dans toutes les conditions m\u00e9t\u00e9orologiques. Dans ce kit de mod\u00e8le, les caract\u00e9ristiques de conduite et le comportement de conduite ont \u00e9t\u00e9 largement adopt\u00e9s. Il est construit sur une coque de bateau planante moderne comme un bouchain dur et, comme les originaux, est \u00e9galement tr\u00e8s maniable et, avec l&rsquo;\u00e9quipement d&rsquo;entra\u00eenement appropri\u00e9, \u00e9galement tr\u00e8s rapide. Dans la pi\u00e8ce derri\u00e8re le poste de barre, il y a de la place pour que plusieurs pilotes soient emmen\u00e9s \u00e0 leur poste de travail avec une sortie. Les propri\u00e9t\u00e9s et le comportement de conduite ont \u00e9t\u00e9 int\u00e9gr\u00e9s dans le mod\u00e8le dans la mesure du possible. Le mod\u00e8le a \u00e9t\u00e9 construit sur une coque de bateau planante moderne, est tr\u00e8s rapide et maniable.  Il est con\u00e7u comme une construction en plastique avec des bouchains durs. Toutes les pi\u00e8ces en ABS sont d\u00e9coup\u00e9es au laser et peuvent \u00eatre coll\u00e9es imm\u00e9diatement apr\u00e8s avoir \u00e9t\u00e9 assembl\u00e9es. La coque est construite sur un gabarit Depron. L&rsquo;entra\u00eenement est assur\u00e9 par deux moteurs \u00e9lectriques. Les variateurs peuvent \u00eatre contr\u00f4l\u00e9s individuellement (2 x contr\u00f4leurs Multi 25) ou ensemble via un contr\u00f4leur Multi 40.  Le contr\u00f4le se fait via deux syst\u00e8mes de gouvernail. La timonerie est compl\u00e8tement agrandie.  Les parties grav\u00e9es du tableau de bord permettent d&rsquo;\u00e9clairer les nombreux am\u00e9nagements. Toutes les lampes du mod\u00e8le peuvent \u00eatre \u00e9clair\u00e9es avec des LED de 3 mm.  Les deux feux de proue sont tr\u00e8s lumineux et avec la bande de frottement noire donnent au mod\u00e8le un aspect saisissant.Le projecteur est compos\u00e9 de pi\u00e8ces grav\u00e9es et est enti\u00e8rement articul\u00e9. Le r\u00e9flecteur et les LED sont adapt\u00e9s les uns aux autres et ont une luminosit\u00e9 et une concentration de lumi\u00e8re \u00e9normes. Le mod\u00e8le peut \u00eatre encore \u00e9largi selon vos propres id\u00e9es. Il y a suffisamment d&rsquo;espace dans la coque pour vos propres fonctions sp\u00e9ciales telles qu&rsquo;un propulseur transversal, une lumi\u00e8re ou un son.<\/p>\n<p>Le kit de mod\u00e8le contient : Toutes les pi\u00e8ces en ABS d\u00e9coup\u00e9es au laser n\u00e9cessaires \u00e0 la construction, Depronhelling, ferrures, garde-boue, arbres de bateau, gouvernail, ainsi que les r\u00e9flecteurs et les LED pour les phares. L&rsquo;ensemble complexe de pi\u00e8ces grav\u00e9es en maillechort, qui est \u00e9galement inclus dans le kit, contient plus de 100 pi\u00e8ces. Cela comprend les chandeliers, les phares, les charni\u00e8res de porte mobiles, les instruments du tableau de bord et bien plus encore.<\/p>\n<p>\u00e9chelle: 1:25<\/p>\n<div style=\"text-align:left\" class=\"wps-pgfw-pdf-generate-icon__wrapper-frontend\">\n\t\t<a href=\"https:\/\/www.speedmodels.ch\/fr\/wp-json\/wp\/v2\/product\/21152\/?action=genpdf&amp;id=21152\" class=\"pgfw-single-pdf-download-button\" target=_blank><img src=\"https:\/\/speedmodels.ch\/wp-content\/uploads\/2021\/09\/pdf_icon.png\" title=\"G\u00e9n\u00e9rer un PDF\" style=\"width:auto; height:45px;\"><\/a>\n\t\t<\/div>","protected":false},"excerpt":{"rendered":"<p>Pilot est une r\u00e9plique libre d&rsquo;un bateau-pilote moderne de 20 m, que l&rsquo;on trouve par exemple sur la mer Baltique et la mer du Nord. Les bateaux de ce type sont tr\u00e8s maniables et, \u00e0 environ 25-30 n\u0153uds, \u00e9galement tr\u00e8s rapides. Votre t\u00e2che est d&rsquo;amener les pilotes en toute s\u00e9curit\u00e9 sur les grands paquebots dans [&hellip;]<\/p>\n","protected":false},"featured_media":9742,"template":"","meta":[],"product_brand":[],"product_cat":[1713,1714,1715,1710],"product_tag":[],"class_list":{"0":"post-21152","1":"product","2":"type-product","3":"status-publish","4":"has-post-thumbnail","6":"product_cat-bateaux-fr-2","7":"product_cat-bateaux-electriques","8":"product_cat-bateaux-prototypiques","9":"product_cat-modeles","11":"first","12":"instock","13":"shipping-taxable","14":"product-type-simple"},"_links":{"self":[{"href":"https:\/\/www.speedmodels.ch\/fr\/wp-json\/wp\/v2\/product\/21152","targetHints":{"allow":["GET"]}}],"collection":[{"href":"https:\/\/www.speedmodels.ch\/fr\/wp-json\/wp\/v2\/product"}],"about":[{"href":"https:\/\/www.speedmodels.ch\/fr\/wp-json\/wp\/v2\/types\/product"}],"version-history":[{"count":0,"href":"https:\/\/www.speedmodels.ch\/fr\/wp-json\/wp\/v2\/product\/21152\/revisions"}],"wp:featuredmedia":[{"embeddable":true,"href":"https:\/\/www.speedmodels.ch\/fr\/wp-json\/wp\/v2\/media\/9742"}],"wp:attachment":[{"href":"https:\/\/www.speedmodels.ch\/fr\/wp-json\/wp\/v2\/media?parent=21152"}],"wp:term":[{"taxonomy":"product_brand","embeddable":true,"href":"https:\/\/www.speedmodels.ch\/fr\/wp-json\/wp\/v2\/product_brand?post=21152"},{"taxonomy":"product_cat","embeddable":true,"href":"https:\/\/www.speedmodels.ch\/fr\/wp-json\/wp\/v2\/product_cat?post=21152"},{"taxonomy":"product_tag","embeddable":true,"href":"https:\/\/www.speedmodels.ch\/fr\/wp-json\/wp\/v2\/product_tag?post=21152"}],"curies":[{"name":"wp","href":"https:\/\/api.w.org\/{rel}","templated":true}]}}