{"id":21151,"date":"2021-11-24T13:35:11","date_gmt":"2021-11-24T13:35:11","guid":{"rendered":"https:\/\/www.speedmodels.ch\/produkte\/unkategorisiert\/bateau-des-dounes\/"},"modified":"2025-11-03T13:33:34","modified_gmt":"2025-11-03T13:33:34","slug":"bateau-des-dounes","status":"publish","type":"product","link":"https:\/\/www.speedmodels.ch\/fr\/produits\/modeles\/bateaux-fr-2\/bateaux-electriques\/bateau-des-dounes\/","title":{"rendered":"Bateau des douanes"},"content":{"rendered":"<p><strong>Prix de liquidation <span style=\"color: #ff0000;\">Fr. 59.00 inkl. TVA<\/span>.<\/strong><br \/>\n<strong>(jusqu\u2019\u00e0 \u00e9puisement des stock \/ articles fin de s\u00e9rie ne sont pas repris ou \u00e9chang\u00e9 \/ pi\u00e8ces d\u00e9tach\u00e9es jusqu\u2019\u00e0 \u00e9puisement des stock).<\/strong><br \/>\n<strong>Pas de ventre directe!<\/strong><\/p>\n<p>&nbsp;<\/p>\n<p>Le bateau est assembl\u00e9 \u00e0 partir de pi\u00e8ces en plastique embouties et est id\u00e9al pour les d\u00e9butants dans la construction de maquettes de bateaux. Un manuel de construction d\u00e9taill\u00e9 vous guide tout au long de la construction. Les pi\u00e8ces sont de couleur blanche et peuvent \u00eatre peintes ou coll\u00e9es \u00e0 l&rsquo;aide de la feuille de d\u00e9calcomanies jointe. Les moteurs de la classe Race 400 conviennent comme entra\u00eenement. L&rsquo;ensemble d&rsquo;accastillage fourni donne au bateau un aspect r\u00e9aliste.<br \/>\nLe kit contient toutes les pi\u00e8ces n\u00e9cessaires \u00e0 la construction du mod\u00e8le, la feuille de d\u00e9calcomanies, le kit d&rsquo;accastillage, l&rsquo;arbre du bateau avec &lsquo;h\u00e9lice, le gouvernail et les instructions de montage.<br \/>\n\u00e9chelle: 1:35<\/p>\n<div style=\"text-align:left\" class=\"wps-pgfw-pdf-generate-icon__wrapper-frontend\">\n\t\t<a href=\"https:\/\/www.speedmodels.ch\/fr\/wp-json\/wp\/v2\/product\/21151\/?action=genpdf&amp;id=21151\" class=\"pgfw-single-pdf-download-button\" target=_blank><img src=\"https:\/\/speedmodels.ch\/wp-content\/uploads\/2021\/09\/pdf_icon.png\" title=\"G\u00e9n\u00e9rer un PDF\" style=\"width:auto; height:45px;\"><\/a>\n\t\t<\/div>","protected":false},"excerpt":{"rendered":"<p>Prix de liquidation Fr. 59.00 inkl. TVA. (jusqu\u2019\u00e0 \u00e9puisement des stock \/ articles fin de s\u00e9rie ne sont pas repris ou \u00e9chang\u00e9 \/ pi\u00e8ces d\u00e9tach\u00e9es jusqu\u2019\u00e0 \u00e9puisement des stock). Pas de ventre directe! &nbsp; Le bateau est assembl\u00e9 \u00e0 partir de pi\u00e8ces en plastique embouties et est id\u00e9al pour les d\u00e9butants dans la construction de [&hellip;]<\/p>\n","protected":false},"featured_media":9790,"template":"","meta":[],"product_brand":[],"product_cat":[1856,1713,1714,1821,1710],"product_tag":[],"class_list":{"0":"post-21151","1":"product","2":"type-product","3":"status-publish","4":"has-post-thumbnail","6":"product_cat-article-fin-de-serie","7":"product_cat-bateaux-fr-2","8":"product_cat-bateaux-electriques","9":"product_cat-jeunesse-fr","10":"product_cat-modeles","12":"first","13":"instock","14":"shipping-taxable","15":"product-type-simple"},"_links":{"self":[{"href":"https:\/\/www.speedmodels.ch\/fr\/wp-json\/wp\/v2\/product\/21151","targetHints":{"allow":["GET"]}}],"collection":[{"href":"https:\/\/www.speedmodels.ch\/fr\/wp-json\/wp\/v2\/product"}],"about":[{"href":"https:\/\/www.speedmodels.ch\/fr\/wp-json\/wp\/v2\/types\/product"}],"version-history":[{"count":1,"href":"https:\/\/www.speedmodels.ch\/fr\/wp-json\/wp\/v2\/product\/21151\/revisions"}],"predecessor-version":[{"id":32761,"href":"https:\/\/www.speedmodels.ch\/fr\/wp-json\/wp\/v2\/product\/21151\/revisions\/32761"}],"wp:featuredmedia":[{"embeddable":true,"href":"https:\/\/www.speedmodels.ch\/fr\/wp-json\/wp\/v2\/media\/9790"}],"wp:attachment":[{"href":"https:\/\/www.speedmodels.ch\/fr\/wp-json\/wp\/v2\/media?parent=21151"}],"wp:term":[{"taxonomy":"product_brand","embeddable":true,"href":"https:\/\/www.speedmodels.ch\/fr\/wp-json\/wp\/v2\/product_brand?post=21151"},{"taxonomy":"product_cat","embeddable":true,"href":"https:\/\/www.speedmodels.ch\/fr\/wp-json\/wp\/v2\/product_cat?post=21151"},{"taxonomy":"product_tag","embeddable":true,"href":"https:\/\/www.speedmodels.ch\/fr\/wp-json\/wp\/v2\/product_tag?post=21151"}],"curies":[{"name":"wp","href":"https:\/\/api.w.org\/{rel}","templated":true}]}}