{"id":21150,"date":"2021-11-24T13:31:30","date_gmt":"2021-11-24T13:31:30","guid":{"rendered":"https:\/\/www.speedmodels.ch\/produkte\/unkategorisiert\/bateau-sar\/"},"modified":"2025-11-03T13:34:16","modified_gmt":"2025-11-03T13:34:16","slug":"bateau-sar","status":"publish","type":"product","link":"https:\/\/www.speedmodels.ch\/fr\/produits\/modeles\/bateaux-fr-2\/bateaux-electriques\/bateau-sar\/","title":{"rendered":"Bateau SAR"},"content":{"rendered":"<p><strong>Prix de liquidation <span style=\"color: #ff0000;\">Fr. 48.00 incl. TVA<\/span>.<\/strong><br \/>\n<strong>(jusqu\u2019\u00e0 \u00e9puisement des stock \/ articles fin de s\u00e9rie ne sont pas repris ou \u00e9chang\u00e9 \/ pi\u00e8ces d\u00e9tach\u00e9es jusqu\u2019\u00e0 \u00e9puisement des stock).<\/strong><br \/>\n<strong>Pas de ventre directe!<\/strong><\/p>\n<p>Le mod\u00e8le de bateau est bas\u00e9 sur un bateau de sauvetage en mer et est compos\u00e9 de pi\u00e8ces en plastique embouties. En raison de sa construction simple et de son haut niveau de pr\u00e9fabrication, le bateau est tr\u00e8s bien adapt\u00e9 aux d\u00e9butants dans la construction de maquettes de bateaux et convient \u00e9galement comme projet de jeunesse dans les clubs de mod\u00e9lisme. Un manuel de construction d\u00e9taill\u00e9 vous guide tout au long de la construction. Les composants sont de couleur blanche et peuvent \u00eatre peints ou recouverts de la feuille de d\u00e9calcomanies jointe. Les moteurs de la classe Race 400 conviennent comme entra\u00eenement. L&rsquo;ensemble d&rsquo;accastillage fourni donne au bateau un aspect r\u00e9aliste.<br \/>\n\u00e9chelle: 1:35<\/p>\n<p>Le kit contient toutes les pi\u00e8ces n\u00e9cessaires pour construire le mod\u00e8le, la feuille de d\u00e9calcomanies, le jeu de raccords, l&rsquo;arbre du navire avec h\u00e9lice, le gouvernail et les instructions de montage.<\/p>\n<p>Entra\u00eenement appropri\u00e9<br \/>\nmoteur \u00e9l\u00e9ctrique Race 400 7,2V No de commande 7000\/40<br \/>\nvariateur Multi 25 no de commande 7019-71 7019\/71<br \/>\naccu 6 cellules NiMH ou 2s LiPo<\/p>\n<div style=\"text-align:left\" class=\"wps-pgfw-pdf-generate-icon__wrapper-frontend\">\n\t\t<a href=\"https:\/\/www.speedmodels.ch\/fr\/wp-json\/wp\/v2\/product\/21150\/?action=genpdf&amp;id=21150\" class=\"pgfw-single-pdf-download-button\" target=_blank><img src=\"https:\/\/speedmodels.ch\/wp-content\/uploads\/2021\/09\/pdf_icon.png\" title=\"G\u00e9n\u00e9rer un PDF\" style=\"width:auto; height:45px;\"><\/a>\n\t\t<\/div>","protected":false},"excerpt":{"rendered":"<p>Prix de liquidation Fr. 48.00 incl. TVA. (jusqu\u2019\u00e0 \u00e9puisement des stock \/ articles fin de s\u00e9rie ne sont pas repris ou \u00e9chang\u00e9 \/ pi\u00e8ces d\u00e9tach\u00e9es jusqu\u2019\u00e0 \u00e9puisement des stock). Pas de ventre directe! Le mod\u00e8le de bateau est bas\u00e9 sur un bateau de sauvetage en mer et est compos\u00e9 de pi\u00e8ces en plastique embouties. En [&hellip;]<\/p>\n","protected":false},"featured_media":9788,"template":"","meta":[],"product_brand":[],"product_cat":[1856,1713,1714,1821,1710],"product_tag":[],"class_list":{"0":"post-21150","1":"product","2":"type-product","3":"status-publish","4":"has-post-thumbnail","6":"product_cat-article-fin-de-serie","7":"product_cat-bateaux-fr-2","8":"product_cat-bateaux-electriques","9":"product_cat-jeunesse-fr","10":"product_cat-modeles","12":"first","13":"instock","14":"shipping-taxable","15":"product-type-simple"},"_links":{"self":[{"href":"https:\/\/www.speedmodels.ch\/fr\/wp-json\/wp\/v2\/product\/21150","targetHints":{"allow":["GET"]}}],"collection":[{"href":"https:\/\/www.speedmodels.ch\/fr\/wp-json\/wp\/v2\/product"}],"about":[{"href":"https:\/\/www.speedmodels.ch\/fr\/wp-json\/wp\/v2\/types\/product"}],"version-history":[{"count":1,"href":"https:\/\/www.speedmodels.ch\/fr\/wp-json\/wp\/v2\/product\/21150\/revisions"}],"predecessor-version":[{"id":32762,"href":"https:\/\/www.speedmodels.ch\/fr\/wp-json\/wp\/v2\/product\/21150\/revisions\/32762"}],"wp:featuredmedia":[{"embeddable":true,"href":"https:\/\/www.speedmodels.ch\/fr\/wp-json\/wp\/v2\/media\/9788"}],"wp:attachment":[{"href":"https:\/\/www.speedmodels.ch\/fr\/wp-json\/wp\/v2\/media?parent=21150"}],"wp:term":[{"taxonomy":"product_brand","embeddable":true,"href":"https:\/\/www.speedmodels.ch\/fr\/wp-json\/wp\/v2\/product_brand?post=21150"},{"taxonomy":"product_cat","embeddable":true,"href":"https:\/\/www.speedmodels.ch\/fr\/wp-json\/wp\/v2\/product_cat?post=21150"},{"taxonomy":"product_tag","embeddable":true,"href":"https:\/\/www.speedmodels.ch\/fr\/wp-json\/wp\/v2\/product_tag?post=21150"}],"curies":[{"name":"wp","href":"https:\/\/api.w.org\/{rel}","templated":true}]}}