{"id":21149,"date":"2021-11-25T10:41:16","date_gmt":"2021-11-25T10:41:16","guid":{"rendered":"https:\/\/www.speedmodels.ch\/produkte\/unkategorisiert\/bateau-a-cabine-diva\/"},"modified":"2021-11-25T10:41:16","modified_gmt":"2021-11-25T10:41:16","slug":"bateau-a-cabine-diva","status":"publish","type":"product","link":"https:\/\/www.speedmodels.ch\/fr\/produits\/modeles\/bateaux-fr-2\/bateaux-electriques\/bateau-a-cabine-diva\/","title":{"rendered":"Bateau \u00e0 cabine Diva"},"content":{"rendered":"<p>Kit d&rsquo;un prototype de bateau \u00e0 cabine des ann\u00e9es 1960, construction enti\u00e8rement en bois, structure de la cabine amovible, permettant un bon acc\u00e8s \u00e0 la batterie, \u00e0 la propulsion et \u00e0 la t\u00e9l\u00e9commande. Toutes les pi\u00e8ces sont pr\u00e9d\u00e9coup\u00e9es pour un montage rapide.<br \/>\nEn plus des instructions de construction, le kit contient \u00e9galement un plan de construction d\u00e9taill\u00e9, tout le bois et les accessoires, l&rsquo;arbre avec l&rsquo;h\u00e9lice du navire et le gabarit (gabarit) pour fixer les cadres, ce qui facilite la construction et le collage.<br \/>\nVous aurez besoin des outils suivants: ciseaux, perceuse, tournevis, \u00e9pingles, pinces \u00e0 linge, ruban adh\u00e9sif et papier de verre.<\/p>\n<div style=\"text-align:left\" class=\"wps-pgfw-pdf-generate-icon__wrapper-frontend\">\n\t\t<a href=\"https:\/\/www.speedmodels.ch\/fr\/wp-json\/wp\/v2\/product\/21149\/?action=genpdf&amp;id=21149\" class=\"pgfw-single-pdf-download-button\" target=_blank><img src=\"https:\/\/speedmodels.ch\/wp-content\/uploads\/2021\/09\/pdf_icon.png\" title=\"G\u00e9n\u00e9rer un PDF\" style=\"width:auto; height:45px;\"><\/a>\n\t\t<\/div>","protected":false},"excerpt":{"rendered":"<p>Kit d&rsquo;un prototype de bateau \u00e0 cabine des ann\u00e9es 1960, construction enti\u00e8rement en bois, structure de la cabine amovible, permettant un bon acc\u00e8s \u00e0 la batterie, \u00e0 la propulsion et \u00e0 la t\u00e9l\u00e9commande. Toutes les pi\u00e8ces sont pr\u00e9d\u00e9coup\u00e9es pour un montage rapide. En plus des instructions de construction, le kit contient \u00e9galement un plan de [&hellip;]<\/p>\n","protected":false},"featured_media":9850,"template":"","meta":[],"product_brand":[],"product_cat":[1713,1714,1715,1710],"product_tag":[],"class_list":{"0":"post-21149","1":"product","2":"type-product","3":"status-publish","4":"has-post-thumbnail","6":"product_cat-bateaux-fr-2","7":"product_cat-bateaux-electriques","8":"product_cat-bateaux-prototypiques","9":"product_cat-modeles","11":"first","12":"instock","13":"shipping-taxable","14":"product-type-simple"},"_links":{"self":[{"href":"https:\/\/www.speedmodels.ch\/fr\/wp-json\/wp\/v2\/product\/21149","targetHints":{"allow":["GET"]}}],"collection":[{"href":"https:\/\/www.speedmodels.ch\/fr\/wp-json\/wp\/v2\/product"}],"about":[{"href":"https:\/\/www.speedmodels.ch\/fr\/wp-json\/wp\/v2\/types\/product"}],"version-history":[{"count":0,"href":"https:\/\/www.speedmodels.ch\/fr\/wp-json\/wp\/v2\/product\/21149\/revisions"}],"wp:featuredmedia":[{"embeddable":true,"href":"https:\/\/www.speedmodels.ch\/fr\/wp-json\/wp\/v2\/media\/9850"}],"wp:attachment":[{"href":"https:\/\/www.speedmodels.ch\/fr\/wp-json\/wp\/v2\/media?parent=21149"}],"wp:term":[{"taxonomy":"product_brand","embeddable":true,"href":"https:\/\/www.speedmodels.ch\/fr\/wp-json\/wp\/v2\/product_brand?post=21149"},{"taxonomy":"product_cat","embeddable":true,"href":"https:\/\/www.speedmodels.ch\/fr\/wp-json\/wp\/v2\/product_cat?post=21149"},{"taxonomy":"product_tag","embeddable":true,"href":"https:\/\/www.speedmodels.ch\/fr\/wp-json\/wp\/v2\/product_tag?post=21149"}],"curies":[{"name":"wp","href":"https:\/\/api.w.org\/{rel}","templated":true}]}}