{"id":21107,"date":"2021-11-30T08:58:26","date_gmt":"2021-11-30T08:58:26","guid":{"rendered":"https:\/\/www.speedmodels.ch\/produkte\/unkategorisiert\/orastick-entoilage-autocollant-fun-4\/"},"modified":"2025-07-28T12:53:48","modified_gmt":"2025-07-28T12:53:48","slug":"orastick-entoilage-autocollant-fun-4","status":"publish","type":"product","link":"https:\/\/www.speedmodels.ch\/fr\/produits\/film-couverture-decor\/orastick-film-autocollant\/orastick-entoilage-autocollant-fun-4\/","title":{"rendered":"Orastick entoilage autocollant Fun 4"},"content":{"rendered":"<p>Orastick entoilage autocollant Fun 4<\/p>\n<p>largeur: 60cm \u2013 longueur rouleau \u00e0 2 et 10 m\u00e8tres<\/p>\n<div class=\"panel-heading\">\n<h3 class=\"panel-title\">Description<\/h3>\n<\/div>\n<div class=\"panel-body\">\n<div>\n<p><b>ORASTICK<sup>\u00ae<\/sup> FUN 4, l\u2019entoilage autocollant bicolore avec un d\u00e9cor de carr\u00e9s de 12,5 mm.<\/b> Avec ORASTICK\u00aeFUN 4 tous vous mod\u00e8le deviennent des bolides. ORASTICK\u00ae FUN est une \u00e9volution remarquable : Un film polyester bicolore dont le d\u00e9cor est indestructible sous le support polyester et r\u00e9siste donc aux solvants et nettoyants les plus agressifs ainsi qu\u2019\u00e0 tous les types de carburant ORASTICK\u00ae FUN ont les m\u00eames qualit\u00e9s que l\u2019ORASTICK<sup>\u00ae<\/sup>. ORASTICK<sup>\u00ae<\/sup> FUN ont les m\u00eames qualit\u00e9s que l&rsquo;ORASTICK<sup>\u00ae<\/sup>.<\/p>\n<p><strong>Veuillez noter les instructions de traitement &#8211; Downloads pour cet article<\/strong>: \u2022 <a href=\"https:\/\/www.oracover.de\/downloads\/viewcat\/1\/anleitungen\" target=\"_blank\" rel=\"noopener\"><u>mode d&#8217;emploie<\/u><\/a><\/p>\n<\/div>\n<\/div>\n<p>&nbsp;<\/p>\n<table style=\"height: 1748px;\" width=\"897\">\n<tbody>\n<tr>\n<td width=\"120\"><em>No de commande:<\/em><\/td>\n<td width=\"330\"><em>d\u00e9scription &#8211; largeur &#8211; longueur<\/em><\/td>\n<td width=\"203\"><em>couleur<\/em><\/td>\n<\/tr>\n<tr>\n<td>O-48-010-023-002<\/td>\n<td>ORASTICK entoilage autocollant FUN 4 &#8211; largeur: 60 cm &#8211; longueur: 2 m<\/td>\n<td>blanc &#8211; rouge<\/td>\n<\/tr>\n<tr>\n<td>O-48-010-023-010<\/td>\n<td>ORASTICK entoilage autocollant FUN 4 &#8211; largeur: 60 cm &#8211; longueur: 10 m<\/td>\n<td>blanc &#8211; rouge<\/td>\n<\/tr>\n<tr>\n<td>O-48-010-052-002<\/td>\n<td>ORASTICK entoilage autocollant FUN 4 &#8211; largeur: 60 cm &#8211; longueur: 2 m<\/td>\n<td>blanc &#8211; bleu fonc\u00e9<\/td>\n<\/tr>\n<tr>\n<td>O-48-010-052-010<\/td>\n<td>ORASTICK entoilage autocollant FUN 4 &#8211; largeur: 60 cm &#8211; longueur: 10 m<\/td>\n<td>blanc &#8211; bleu fonc\u00e9<\/td>\n<\/tr>\n<tr>\n<td>O-48-010-071-002<\/td>\n<td>ORASTICK entoilage autocollant FUN 4 &#8211; largeur: 60 cm &#8211; longueur: 2 m<\/td>\n<td>blanc &#8211; noir<\/td>\n<\/tr>\n<tr>\n<td>O-48-010-071-010<\/td>\n<td>ORASTICK entoilage autocollant FUN 4 &#8211; largeur: 60 cm &#8211; longueur: 10 m<\/td>\n<td>blanc &#8211; noir<\/td>\n<\/tr>\n<tr>\n<td>O-48-017-071-002<\/td>\n<td>ORASTICK entoilage autocollant FUN 4 &#8211; largeur: 60 cm &#8211; longueur: 2 m<\/td>\n<td>turquoise &#8211; noir<\/td>\n<\/tr>\n<tr>\n<td>O-48-017-071-010<\/td>\n<td>ORASTICK entoilage autocollant FUN 4 &#8211; largeur: 60 cm &#8211; longueur: 10 m<\/td>\n<td>turquoise &#8211; noir<\/td>\n<\/tr>\n<tr>\n<td>O-48-023-071-002<\/td>\n<td>ORASTICK entoilage autocollant FUN 4 &#8211; largeur: 60 cm &#8211; longueur: 2 m<\/td>\n<td>rouge &#8211; noir<\/td>\n<\/tr>\n<tr>\n<td>O-48-023-071-010<\/td>\n<td>ORASTICK entoilage autocollant FUN 4 &#8211; largeur: 60 cm &#8211; longueur: 10 m<\/td>\n<td>rouge &#8211; noir<\/td>\n<\/tr>\n<tr>\n<td>O-48-033-023-002<\/td>\n<td>ORASTICK entoilage autocollant FUN 4 &#8211; largeur: 60 cm &#8211; longueur: 2 m<\/td>\n<td>jaune &#8211; rouge<\/td>\n<\/tr>\n<tr>\n<td>O-48-033-023-010<\/td>\n<td>ORASTICK entoilage autocollant FUN 4 &#8211; largeur: 60 cm &#8211; longueur: 10 m<\/td>\n<td>jaune &#8211; rouge<\/td>\n<\/tr>\n<tr>\n<td>O-48-033-071-002<\/td>\n<td>ORASTICK entoilage autocollant FUN 4 &#8211; largeur: 60 cm &#8211; longueur: 2 m<\/td>\n<td>jaune &#8211; noir<\/td>\n<\/tr>\n<tr>\n<td>O-48-033-071-010<\/td>\n<td>ORASTICK entoilage autocollant FUN 4 &#8211; largeur: 60 cm &#8211; longueur: 10 m<\/td>\n<td>jaune &#8211; noir<\/td>\n<\/tr>\n<tr>\n<td>O-48-091-071-002<\/td>\n<td>ORASTICK entoilage autocollant FUN 4 &#8211; largeur: 60 cm &#8211; longueur: 2 m<\/td>\n<td>argent &#8211; noir<\/td>\n<\/tr>\n<tr>\n<td>O-48-091-071-010<\/td>\n<td>ORASTICK entoilage autocollant FUN 4 &#8211; largeur: 60 cm &#8211; longueur: 10 m<\/td>\n<td>argent &#8211; noir<\/td>\n<\/tr>\n<tr>\n<td>O-48-016-071-002<\/td>\n<td>ORASTICK entoilage autocollant FUN 4 &#8211; largeur: 60 cm &#8211; longueur: 2 m<\/td>\n<td>blanc nacr\u00e9 &#8211; noir<\/td>\n<\/tr>\n<tr>\n<td>O-48-016-071-010<\/td>\n<td>ORASTICK entoilage autocollant FUN 4 &#8211; largeur: 60 cm &#8211; longueur: 10 m<\/td>\n<td>blanc nacr\u00e9 &#8211; noir<\/td>\n<\/tr>\n<tr>\n<td>O-48-027-071-002<\/td>\n<td>ORASTICK entoilage autocollant FUN 4 &#8211; largeur: 60 cm &#8211; longueur: 2 m<\/td>\n<td>rouge nacr\u00e9 &#8211; noir<\/td>\n<\/tr>\n<tr>\n<td>O-48-027-071-010<\/td>\n<td>ORASTICK entoilage autocollant FUN 4 &#8211; largeur: 60 cm &#8211; longueur: 10 m<\/td>\n<td>rouge nacr\u00e9 &#8211; noir<\/td>\n<\/tr>\n<tr>\n<td>O-48-036-071-002<\/td>\n<td>ORASTICK entoilage autocollant FUN 4 &#8211; largeur: 60 cm &#8211; longueur: 2 m<\/td>\n<td>jaune nacr\u00e9 &#8211; noir<\/td>\n<\/tr>\n<tr>\n<td>O-48-036-071-010<\/td>\n<td>ORASTICK entoilage autocollant FUN 4 &#8211; largeur: 60 cm &#8211; longueur: 10 m<\/td>\n<td>jaune nacr\u00e9 &#8211; noir<\/td>\n<\/tr>\n<tr>\n<td>O-48-037-071-002<\/td>\n<td>ORASTICK entoilage autocollant FUN 4 &#8211; largeur: 60 cm &#8211; longueur: 2 m<\/td>\n<td>jaune or nacr\u00e9 &#8211; noir<\/td>\n<\/tr>\n<tr>\n<td>O-48-037-071-010<\/td>\n<td>ORASTICK entoilage autocollant FUN 4 &#8211; largeur: 60 cm &#8211; longueur: 10 m<\/td>\n<td>jaune or nacr\u00e9 &#8211; noir<\/td>\n<\/tr>\n<tr>\n<td>O-48-047-071-002<\/td>\n<td>ORASTICK entoilage autocollant FUN 4 &#8211; largeur: 60 cm &#8211; longueur: 2 m<\/td>\n<td>vert nacr\u00e9 &#8211; noir<\/td>\n<\/tr>\n<tr>\n<td>O-48-047-071-010<\/td>\n<td>ORASTICK entoilage autocollant FUN 4 &#8211; largeur: 60 cm &#8211; longueur: 10 m<\/td>\n<td>vert nacr\u00e9 &#8211; noir<\/td>\n<\/tr>\n<tr>\n<td>O-48-056-071-002<\/td>\n<td>ORASTICK entoilage autocollant FUN 4 &#8211; largeur: 60 cm &#8211; longueur: 2 m<\/td>\n<td>lilas nacr\u00e9 &#8211; noir<\/td>\n<\/tr>\n<tr>\n<td>O-48-056-071-010<\/td>\n<td>ORASTICK entoilage autocollant FUN 4 &#8211; largeur: 60 cm &#8211; longueur: 10 m<\/td>\n<td>lilas nacr\u00e9 &#8211; noir<\/td>\n<\/tr>\n<tr>\n<td>O-48-057-071-002<\/td>\n<td>ORASTICK entoilage autocollant FUN 4 &#8211; largeur: 60 cm &#8211; longueur: 2 m<\/td>\n<td>bleu nacr\u00e9 &#8211; noir<\/td>\n<\/tr>\n<tr>\n<td>O-48-057-071-010<\/td>\n<td>ORASTICK entoilage autocollant FUN 4 &#8211; largeur: 60 cm &#8211; longueur: 10 m<\/td>\n<td>bleu nacr\u00e9 &#8211; noir<\/td>\n<\/tr>\n<tr>\n<td>O-48-077-071-002<\/td>\n<td>ORASTICK entoilage autocollant FUN 4 &#8211; largeur: 60 cm &#8211; longueur: 2 m<\/td>\n<td>graphit nacr\u00e9 &#8211; noir<\/td>\n<\/tr>\n<tr>\n<td>O-48-077-071-010<\/td>\n<td>ORASTICK entoilage autocollant FUN 4 &#8211; largeur: 60 cm &#8211; longueur: 10 m<\/td>\n<td>graphit nacr\u00e9 &#8211; noir<\/td>\n<\/tr>\n<\/tbody>\n<\/table>\n<div style=\"text-align:left\" class=\"wps-pgfw-pdf-generate-icon__wrapper-frontend\">\n\t\t<a href=\"https:\/\/www.speedmodels.ch\/fr\/wp-json\/wp\/v2\/product\/21107\/?action=genpdf&amp;id=21107\" class=\"pgfw-single-pdf-download-button\" target=_blank><img src=\"https:\/\/speedmodels.ch\/wp-content\/uploads\/2021\/09\/pdf_icon.png\" title=\"G\u00e9n\u00e9rer un PDF\" style=\"width:auto; height:45px;\"><\/a>\n\t\t<\/div>","protected":false},"excerpt":{"rendered":"<p>Orastick entoilage autocollant Fun 4 largeur: 60cm \u2013 longueur rouleau \u00e0 2 et 10 m\u00e8tres Description ORASTICK\u00ae FUN 4, l\u2019entoilage autocollant bicolore avec un d\u00e9cor de carr\u00e9s de 12,5 mm. Avec ORASTICK\u00aeFUN 4 tous vous mod\u00e8le deviennent des bolides. ORASTICK\u00ae FUN est une \u00e9volution remarquable : Un film polyester bicolore dont le d\u00e9cor est indestructible [&hellip;]<\/p>\n","protected":false},"featured_media":9884,"template":"","meta":[],"product_brand":[],"product_cat":[1846],"product_tag":[],"class_list":{"0":"post-21107","1":"product","2":"type-product","3":"status-publish","4":"has-post-thumbnail","6":"product_cat-orastick-film-autocollant","8":"first","9":"instock","10":"shipping-taxable","11":"product-type-simple"},"_links":{"self":[{"href":"https:\/\/www.speedmodels.ch\/fr\/wp-json\/wp\/v2\/product\/21107","targetHints":{"allow":["GET"]}}],"collection":[{"href":"https:\/\/www.speedmodels.ch\/fr\/wp-json\/wp\/v2\/product"}],"about":[{"href":"https:\/\/www.speedmodels.ch\/fr\/wp-json\/wp\/v2\/types\/product"}],"version-history":[{"count":1,"href":"https:\/\/www.speedmodels.ch\/fr\/wp-json\/wp\/v2\/product\/21107\/revisions"}],"predecessor-version":[{"id":32429,"href":"https:\/\/www.speedmodels.ch\/fr\/wp-json\/wp\/v2\/product\/21107\/revisions\/32429"}],"wp:featuredmedia":[{"embeddable":true,"href":"https:\/\/www.speedmodels.ch\/fr\/wp-json\/wp\/v2\/media\/9884"}],"wp:attachment":[{"href":"https:\/\/www.speedmodels.ch\/fr\/wp-json\/wp\/v2\/media?parent=21107"}],"wp:term":[{"taxonomy":"product_brand","embeddable":true,"href":"https:\/\/www.speedmodels.ch\/fr\/wp-json\/wp\/v2\/product_brand?post=21107"},{"taxonomy":"product_cat","embeddable":true,"href":"https:\/\/www.speedmodels.ch\/fr\/wp-json\/wp\/v2\/product_cat?post=21107"},{"taxonomy":"product_tag","embeddable":true,"href":"https:\/\/www.speedmodels.ch\/fr\/wp-json\/wp\/v2\/product_tag?post=21107"}],"curies":[{"name":"wp","href":"https:\/\/api.w.org\/{rel}","templated":true}]}}